{"id":4523,"date":"2024-10-23T15:53:56","date_gmt":"2024-10-23T13:53:56","guid":{"rendered":"http:\/\/billigtrikots.com\/?post_type=product&#038;p=4523"},"modified":"2024-10-23T15:56:03","modified_gmt":"2024-10-23T13:56:03","slug":"neue-dfb-deutschlands-wm-trikot-2022-football-shirt-mit-aufdruck-schulz-14","status":"publish","type":"product","link":"https:\/\/www.billigtrikotde.com\/da\/vare\/neue-dfb-deutschlands-wm-trikot-2022-football-shirt-mit-aufdruck-schulz-14\/","title":{"rendered":"Ny DFB Tyskland 2022 World Cup fodboldtr\u00f8je med print Schulz 14"},"content":{"rendered":"<p>Den nye Tyskland 2022-tr\u00f8je f\u00e5r en hvid grundfarve med et gr\u00e5t zigzag-m\u00f8nster p\u00e5 forsiden! DFB-emblemet vil v\u00e6re guld og sort, adidas-logoet og de fire stjerner samt \u00e6rmeenderne og skuldrene vil v\u00e6re guld.<br \/>\nTips til udskrivning: Hvis navn og nummer p\u00e5 billedet er pr\u00e6cis det, du \u00f8nsker, beh\u00f8ver du ikke at indtaste dem igen. Hvis ikke, skal du indtaste det \u00f8nskede navn og nummer.<\/p>\n<p>Tips til vask: Det anbefales at vaske fodboldtr\u00f8jer i h\u00e5nden. Hvis du vil bruge vaskemaskinen, skal du huske at vende vrangen ud p\u00e5 fodboldtr\u00f8jerne og derefter vaske dem. Fyld maskinen med koldt vand, og brug et sk\u00e5neprogram for bedre at beskytte farverne.<\/p>","protected":false},"excerpt":{"rendered":"<p>En hvid grundfarve med gr\u00e5 zigzag-m\u00f8nstre p\u00e5 fronten skal have den nye Tysklandstr\u00f8je 2022! Guld-sort bliver DFB-emblemet, Guld adidas-logob og de fire stjerner samt \u00e6rmegivende og skuldre. Tips til tryk: Hvis navnet og nummeret p\u00e5 billedet n\u00f8jagtigt svarer til dine \u00f8nsker, beh\u00f8ver du ikke indtaste dem igen. Hvis [\u2026]<\/p>","protected":false},"featured_media":4563,"comment_status":"open","ping_status":"closed","template":"","meta":[],"product_brand":[],"product_cat":[170],"product_tag":[20,212,172,213,21,22,23,24],"class_list":{"0":"post-4523","1":"product","2":"type-product","3":"status-publish","4":"has-post-thumbnail","6":"product_cat-deutschland-trikots","7":"product_tag-coole-fussballtrikots","8":"product_tag-deutschland-heimtrikot","9":"product_tag-deutschland-trikots","10":"product_tag-fussball-wm-2022","11":"product_tag-fussballtrikot-fuer-herren","12":"product_tag-fussballtrikot-guenstig-kaufen","13":"product_tag-fussballtrikot-kurzarm","14":"product_tag-guenstiges-fussballtrikot","16":"first","17":"instock","18":"shipping-taxable","19":"purchasable","20":"product-type-variable"},"_links":{"self":[{"href":"https:\/\/www.billigtrikotde.com\/da\/wp-json\/wp\/v2\/product\/4523","targetHints":{"allow":["GET"]}}],"collection":[{"href":"https:\/\/www.billigtrikotde.com\/da\/wp-json\/wp\/v2\/product"}],"about":[{"href":"https:\/\/www.billigtrikotde.com\/da\/wp-json\/wp\/v2\/types\/product"}],"replies":[{"embeddable":true,"href":"https:\/\/www.billigtrikotde.com\/da\/wp-json\/wp\/v2\/comments?post=4523"}],"wp:featuredmedia":[{"embeddable":true,"href":"https:\/\/www.billigtrikotde.com\/da\/wp-json\/wp\/v2\/media\/4563"}],"wp:attachment":[{"href":"https:\/\/www.billigtrikotde.com\/da\/wp-json\/wp\/v2\/media?parent=4523"}],"wp:term":[{"taxonomy":"product_brand","embeddable":true,"href":"https:\/\/www.billigtrikotde.com\/da\/wp-json\/wp\/v2\/product_brand?post=4523"},{"taxonomy":"product_cat","embeddable":true,"href":"https:\/\/www.billigtrikotde.com\/da\/wp-json\/wp\/v2\/product_cat?post=4523"},{"taxonomy":"product_tag","embeddable":true,"href":"https:\/\/www.billigtrikotde.com\/da\/wp-json\/wp\/v2\/product_tag?post=4523"}],"curies":[{"name":"wp","href":"https:\/\/api.w.org\/{rel}","templated":true}]}}