{"id":4463,"date":"2024-10-23T15:51:02","date_gmt":"2024-10-23T13:51:02","guid":{"rendered":"http:\/\/billigtrikots.com\/?post_type=product&#038;p=4463"},"modified":"2024-10-23T15:53:12","modified_gmt":"2024-10-23T13:53:12","slug":"trikotsatz-fc-bayern-muenchen-heimtrikot-2022-2023-shirt-herren-sarr-20","status":"publish","type":"product","link":"https:\/\/www.billigtrikotde.com\/da\/vare\/trikotsatz-fc-bayern-muenchen-heimtrikot-2022-2023-shirt-herren-sarr-20\/","title":{"rendered":"FC Bayern M\u00fcnchen Hjemmebanetr\u00f8je 2022-2023 Tr\u00f8je M\u00e6nd SARR 20"},"content":{"rendered":"<p>Den nye Bayern M\u00fcnchen 22-23-tr\u00f8je har et unikt stribedesign p\u00e5 forsiden. Det best\u00e5r af hvide striber i forskellige st\u00f8rrelser, der ligner lidt en stregkode. Der er i alt 21 striber p\u00e5 forsiden. Den nye Bayern 22-23-tr\u00f8je har ogs\u00e5 en ny farve: Efter at 21-22-tr\u00f8jen var i to nuancer af gr\u00e5, vender Adidas Bayern M\u00fcnchen-tr\u00f8jen 2022-2023 tilbage til den traditionelle r\u00f8de farve.<\/p>\n<p>Tips til udskrivning: Hvis navn og nummer p\u00e5 billedet er pr\u00e6cis det, du \u00f8nsker, beh\u00f8ver du ikke at indtaste dem igen. Hvis ikke, skal du indtaste det \u00f8nskede navn og nummer.<\/p>\n<p>Tips til vask: Det anbefales at vaske fodboldtr\u00f8jer i h\u00e5nden. Hvis du vil bruge vaskemaskinen, skal du huske at vende vrangen ud p\u00e5 fodboldtr\u00f8jerne og derefter vaske dem. Fyld maskinen med koldt vand, og brug et sk\u00e5neprogram for bedre at beskytte farverne.<\/p>","protected":false},"excerpt":{"rendered":"<p>Das neue Bayern M\u00fcnchen 22-23 Trikot hat ein einzigartiges Streifendesign auf der Vorderseite. Es besteht aus unterschiedlich gro\u00dfen wei\u00dfen Streifen, die ein bisschen wie ein Strichcode aussehen. Insgesamt gibt es 21 Streifen auf der Vorderseite. Auch bei den Farben bringt das neue Bayern 22-23 Trikot eine Ver\u00e4nderung.Nachdem das Trikot 21-22 in zwei Graut\u00f6nen gehalten war, [&hellip;]<\/p>","protected":false},"featured_media":4503,"comment_status":"open","ping_status":"closed","template":"","meta":[],"product_brand":[],"product_cat":[175],"product_tag":[136,137,20,21,22,23,24],"class_list":{"0":"post-4463","1":"product","2":"type-product","3":"status-publish","4":"has-post-thumbnail","6":"product_cat-bayern-munich","7":"product_tag-bayern-muenchen-heimtrikot","8":"product_tag-bayern-muenchen-trikots","9":"product_tag-coole-fussballtrikots","10":"product_tag-fussballtrikot-fuer-herren","11":"product_tag-fussballtrikot-guenstig-kaufen","12":"product_tag-fussballtrikot-kurzarm","13":"product_tag-guenstiges-fussballtrikot","15":"first","16":"instock","17":"shipping-taxable","18":"purchasable","19":"product-type-variable"},"_links":{"self":[{"href":"https:\/\/www.billigtrikotde.com\/da\/wp-json\/wp\/v2\/product\/4463","targetHints":{"allow":["GET"]}}],"collection":[{"href":"https:\/\/www.billigtrikotde.com\/da\/wp-json\/wp\/v2\/product"}],"about":[{"href":"https:\/\/www.billigtrikotde.com\/da\/wp-json\/wp\/v2\/types\/product"}],"replies":[{"embeddable":true,"href":"https:\/\/www.billigtrikotde.com\/da\/wp-json\/wp\/v2\/comments?post=4463"}],"wp:featuredmedia":[{"embeddable":true,"href":"https:\/\/www.billigtrikotde.com\/da\/wp-json\/wp\/v2\/media\/4503"}],"wp:attachment":[{"href":"https:\/\/www.billigtrikotde.com\/da\/wp-json\/wp\/v2\/media?parent=4463"}],"wp:term":[{"taxonomy":"product_brand","embeddable":true,"href":"https:\/\/www.billigtrikotde.com\/da\/wp-json\/wp\/v2\/product_brand?post=4463"},{"taxonomy":"product_cat","embeddable":true,"href":"https:\/\/www.billigtrikotde.com\/da\/wp-json\/wp\/v2\/product_cat?post=4463"},{"taxonomy":"product_tag","embeddable":true,"href":"https:\/\/www.billigtrikotde.com\/da\/wp-json\/wp\/v2\/product_tag?post=4463"}],"curies":[{"name":"wp","href":"https:\/\/api.w.org\/{rel}","templated":true}]}}