{"id":439,"date":"2024-10-23T12:49:06","date_gmt":"2024-10-23T10:49:06","guid":{"rendered":"http:\/\/billigtrikots.com\/?post_type=product&#038;p=439"},"modified":"2024-10-23T12:51:07","modified_gmt":"2024-10-23T10:51:07","slug":"drittes-trikot-fc-barcelona-herren-2021-22-mit-memphis-9-individualdruck","status":"publish","type":"product","link":"https:\/\/www.billigtrikotde.com\/da\/vare\/drittes-trikot-fc-barcelona-herren-2021-22-mit-memphis-9-individualdruck\/","title":{"rendered":"Tredje tr\u00f8je FC Barcelona Herrer 2021\/22 med Memphis 9 Individuelt tryk"},"content":{"rendered":"<p>Nike sportshirt i bl\u00e5 lader dig b\u00e6re farverne p\u00e5 din yndlingsklub og vise alle, hvad dit hjerte banker for. Som \u00e6gte FC Barcelona-fan har du brug for dette reserve-sportshirt, som spillerne b\u00e6rer i Primera Division. Det \u00e5ndbare, lette, svedtransporterende og behagelige model imponerer p\u00e5 alle m\u00e5der. Det har et klubv\u00e5ben p\u00e5 brystet, der giver det et visuelt l\u00f8ft. Med denne tr\u00f8je kan du blive endnu mere pr\u00e6sterende og forberede dig til n\u00e6ste kamp. Lad denne bl\u00e5 tr\u00f8je med stribem\u00f8nster blive din trofaste f\u00f8lgesvend.<\/p>\n<p>Tips til udskrivning: Hvis navn og nummer p\u00e5 billedet er pr\u00e6cis det, du \u00f8nsker, beh\u00f8ver du ikke at indtaste dem igen. Hvis ikke, skal du indtaste det \u00f8nskede navn og nummer.<\/p>\n<p>Tips til vask: Det anbefales at vaske fodboldtr\u00f8jer i h\u00e5nden. Hvis du vil bruge vaskemaskinen, skal du huske at vende vrangen ud p\u00e5 fodboldtr\u00f8jerne og derefter vaske dem. Fyld maskinen med koldt vand, og brug et sk\u00e5neprogram for bedre at beskytte farverne.<\/p>","protected":false},"excerpt":{"rendered":"<p>Nike sporttr\u00f8jen i bl\u00e5 lader dig b\u00e6re farverne p\u00e5 din yndlingsklub og vise alle, hvad dit hjerte banker for. Som \u00e6gte FC Barcelona-fan har du brug for denne reserve-sporttr\u00f8je, som spillerne b\u00e6rer i Primera Division. Den \u00e5ndbare, lette, svedtransporterende og komfortable model imponerer p\u00e5 alle m\u00e5der. Den har et klubv\u00e5ben visuelt p\u00e5 [\u2026]<\/p>","protected":false},"featured_media":476,"comment_status":"open","ping_status":"closed","template":"","meta":[],"product_brand":[],"product_cat":[31],"product_tag":[20,37,33,21,22,23,24],"class_list":{"0":"post-439","1":"product","2":"type-product","3":"status-publish","4":"has-post-thumbnail","6":"product_cat-fc-barcelona","7":"product_tag-coole-fussballtrikots","8":"product_tag-fc-barcelona-ausweichtrikot","9":"product_tag-fc-barcelona-trikots","10":"product_tag-fussballtrikot-fuer-herren","11":"product_tag-fussballtrikot-guenstig-kaufen","12":"product_tag-fussballtrikot-kurzarm","13":"product_tag-guenstiges-fussballtrikot","15":"first","16":"instock","17":"shipping-taxable","18":"purchasable","19":"product-type-variable"},"_links":{"self":[{"href":"https:\/\/www.billigtrikotde.com\/da\/wp-json\/wp\/v2\/product\/439","targetHints":{"allow":["GET"]}}],"collection":[{"href":"https:\/\/www.billigtrikotde.com\/da\/wp-json\/wp\/v2\/product"}],"about":[{"href":"https:\/\/www.billigtrikotde.com\/da\/wp-json\/wp\/v2\/types\/product"}],"replies":[{"embeddable":true,"href":"https:\/\/www.billigtrikotde.com\/da\/wp-json\/wp\/v2\/comments?post=439"}],"wp:featuredmedia":[{"embeddable":true,"href":"https:\/\/www.billigtrikotde.com\/da\/wp-json\/wp\/v2\/media\/476"}],"wp:attachment":[{"href":"https:\/\/www.billigtrikotde.com\/da\/wp-json\/wp\/v2\/media?parent=439"}],"wp:term":[{"taxonomy":"product_brand","embeddable":true,"href":"https:\/\/www.billigtrikotde.com\/da\/wp-json\/wp\/v2\/product_brand?post=439"},{"taxonomy":"product_cat","embeddable":true,"href":"https:\/\/www.billigtrikotde.com\/da\/wp-json\/wp\/v2\/product_cat?post=439"},{"taxonomy":"product_tag","embeddable":true,"href":"https:\/\/www.billigtrikotde.com\/da\/wp-json\/wp\/v2\/product_tag?post=439"}],"curies":[{"name":"wp","href":"https:\/\/api.w.org\/{rel}","templated":true}]}}