{"id":4309,"date":"2024-10-23T15:43:27","date_gmt":"2024-10-23T13:43:27","guid":{"rendered":"http:\/\/billigtrikots.com\/?post_type=product&#038;p=4309"},"modified":"2024-10-23T15:45:36","modified_gmt":"2024-10-23T13:45:36","slug":"manchester-city-ausweichtrikot-2021-22-dunkelblau-trikotsatz-fuer-kinder-mit-aufdruck-de-bruyne-17","status":"publish","type":"product","link":"https:\/\/www.billigtrikotde.com\/da\/vare\/manchester-city-ausweichtrikot-2021-22-dunkelblau-trikotsatz-fuer-kinder-mit-aufdruck-de-bruyne-17\/","title":{"rendered":"Manchester City udebanes\u00e6t 2021\/22 m\u00f8rkebl\u00e5 tr\u00f8je til b\u00f8rn med print De Bruyne 17"},"content":{"rendered":"<p>Med denne Manchester City FC 2021\/22 udebanetr\u00f8je til herrer fra PUMA kan du bringe mestre fra hautnahland tilbage for at g\u00f8re det hele igen. Denne standard-fit-top i farven Peacoat har en rund halsudsk\u00e6ring, korte \u00e6rmer og ribbede kanter. Den er lavet af let poly-stof med karakteristisk dryCELL-teknologi for k\u00f8lig komfort, n\u00e5r det g\u00e5r hedt til. Med det gennemg\u00e5ende gentagne ikoniske v\u00e5benskjold er denne tr\u00f8je udstyret med Classic Cat-logoer, klubbens sponsorer og Manchester City-branding p\u00e5 brystet.<\/p>\n<p>Tips til udskrivning: Hvis navn og nummer p\u00e5 billedet er pr\u00e6cis det, du \u00f8nsker, beh\u00f8ver du ikke at indtaste dem igen. Hvis ikke, skal du indtaste det \u00f8nskede navn og nummer.<\/p>\n<p>Tips til vask: Det anbefales at vaske fodboldtr\u00f8jer i h\u00e5nden. Hvis du vil bruge vaskemaskinen, skal du huske at vende vrangen ud p\u00e5 fodboldtr\u00f8jerne og derefter vaske dem. Fyld maskinen med koldt vand, og brug et sk\u00e5neprogram for bedre at beskytte farverne.<\/p>","protected":false},"excerpt":{"rendered":"<p>Mit diesem Manchester City FC 2021\/22 Ausweichtrikot f\u00fcr Herren von PUMA kannst du die Meister von hautnahland zur\u00fcckholen, um alles noch einmal zu tun. Dieses Standard-Fit-Top in der Farbe Peacoat hat einen Rundhalsausschnitt, kurze \u00c4rmel und gerippte Abschl\u00fcsse. Es besteht aus leichtem Poly-Gewebe mit charakteristischer dryCELL-Technologie f\u00fcr k\u00fchlen Komfort, wenn es hei\u00df hergeht. Mit dem [&hellip;]<\/p>","protected":false},"featured_media":4348,"comment_status":"open","ping_status":"closed","template":"","meta":[],"product_brand":[],"product_cat":[144],"product_tag":[20,94,203,84,145],"class_list":{"0":"post-4309","1":"product","2":"type-product","3":"status-publish","4":"has-post-thumbnail","6":"product_cat-manchester-city-kindertrikot","7":"product_tag-coole-fussballtrikots","8":"product_tag-kinder-fussball-trikotsatz","9":"product_tag-manchester-city-ausweichtrikot","10":"product_tag-manchester-city-trikots","11":"product_tag-manchester-city-trikotsatz-fuer-kinder","13":"first","14":"instock","15":"shipping-taxable","16":"purchasable","17":"product-type-variable"},"_links":{"self":[{"href":"https:\/\/www.billigtrikotde.com\/da\/wp-json\/wp\/v2\/product\/4309","targetHints":{"allow":["GET"]}}],"collection":[{"href":"https:\/\/www.billigtrikotde.com\/da\/wp-json\/wp\/v2\/product"}],"about":[{"href":"https:\/\/www.billigtrikotde.com\/da\/wp-json\/wp\/v2\/types\/product"}],"replies":[{"embeddable":true,"href":"https:\/\/www.billigtrikotde.com\/da\/wp-json\/wp\/v2\/comments?post=4309"}],"wp:featuredmedia":[{"embeddable":true,"href":"https:\/\/www.billigtrikotde.com\/da\/wp-json\/wp\/v2\/media\/4348"}],"wp:attachment":[{"href":"https:\/\/www.billigtrikotde.com\/da\/wp-json\/wp\/v2\/media?parent=4309"}],"wp:term":[{"taxonomy":"product_brand","embeddable":true,"href":"https:\/\/www.billigtrikotde.com\/da\/wp-json\/wp\/v2\/product_brand?post=4309"},{"taxonomy":"product_cat","embeddable":true,"href":"https:\/\/www.billigtrikotde.com\/da\/wp-json\/wp\/v2\/product_cat?post=4309"},{"taxonomy":"product_tag","embeddable":true,"href":"https:\/\/www.billigtrikotde.com\/da\/wp-json\/wp\/v2\/product_tag?post=4309"}],"curies":[{"name":"wp","href":"https:\/\/api.w.org\/{rel}","templated":true}]}}