{"id":4257,"date":"2024-10-23T15:41:01","date_gmt":"2024-10-23T13:41:01","guid":{"rendered":"http:\/\/billigtrikots.com\/?post_type=product&#038;p=4257"},"modified":"2024-10-23T15:43:15","modified_gmt":"2024-10-23T13:43:15","slug":"manchester-united-ausweichtrikot-2021-22-langarm-trikotsatz-mit-aufdruck-sancho-25","status":"publish","type":"product","link":"https:\/\/www.billigtrikotde.com\/da\/vare\/manchester-united-ausweichtrikot-2021-22-langarm-trikotsatz-mit-aufdruck-sancho-25\/","title":{"rendered":"Manchester United v\u00e6lger tr\u00f8je 2021\/22 Lang\u00e6rmet tr\u00f8jes\u00e6t med tryk Sancho 25"},"content":{"rendered":"<p>Tips til udskrivning: Hvis navn og nummer p\u00e5 billedet er pr\u00e6cis det, du \u00f8nsker, beh\u00f8ver du ikke at indtaste dem igen. Hvis ikke, skal du indtaste det \u00f8nskede navn og nummer.<\/p>\n<p>Vaskeanbefalinger: Det anbefales at vaske fodboldtr\u00f8jer i h\u00e5nden. Hvis du vil bruge vaskemaskinen, skal du huske at vende fodboldtr\u00f8jen om, inden den vaskes.<\/p>","protected":false},"excerpt":{"rendered":"<p>Tips til udskrivning: Hvis navnet og nummeret p\u00e5 billedet svarer n\u00f8jagtigt til dine \u00f8nsker, beh\u00f8ver du ikke indtaste dem igen. Hvis ikke, b\u00f8r du indtaste dit \u00f8nskede navn og dit nummer. Tips til vask: Det anbefales at vaske fodboldtr\u00f8jer i h\u00e5nden. Hvis du vil bruge vaskemaskinen, skal du huske at vende fodboldtr\u00f8jerne om [\u2026]<\/p>","protected":false},"featured_media":4298,"comment_status":"open","ping_status":"closed","template":"","meta":[],"product_brand":[],"product_cat":[50],"product_tag":[20,38,43,21,22,24,53,52],"class_list":{"0":"post-4257","1":"product","2":"type-product","3":"status-publish","4":"has-post-thumbnail","6":"product_cat-manchester-united","7":"product_tag-coole-fussballtrikots","8":"product_tag-fussball-trikot-langarm","9":"product_tag-fussballkleidung","10":"product_tag-fussballtrikot-fuer-herren","11":"product_tag-fussballtrikot-guenstig-kaufen","12":"product_tag-guenstiges-fussballtrikot","13":"product_tag-manchester-united-ausweichtrikot","14":"product_tag-manchester-united-trikots","16":"first","17":"instock","18":"shipping-taxable","19":"purchasable","20":"product-type-variable"},"_links":{"self":[{"href":"https:\/\/www.billigtrikotde.com\/da\/wp-json\/wp\/v2\/product\/4257","targetHints":{"allow":["GET"]}}],"collection":[{"href":"https:\/\/www.billigtrikotde.com\/da\/wp-json\/wp\/v2\/product"}],"about":[{"href":"https:\/\/www.billigtrikotde.com\/da\/wp-json\/wp\/v2\/types\/product"}],"replies":[{"embeddable":true,"href":"https:\/\/www.billigtrikotde.com\/da\/wp-json\/wp\/v2\/comments?post=4257"}],"wp:featuredmedia":[{"embeddable":true,"href":"https:\/\/www.billigtrikotde.com\/da\/wp-json\/wp\/v2\/media\/4298"}],"wp:attachment":[{"href":"https:\/\/www.billigtrikotde.com\/da\/wp-json\/wp\/v2\/media?parent=4257"}],"wp:term":[{"taxonomy":"product_brand","embeddable":true,"href":"https:\/\/www.billigtrikotde.com\/da\/wp-json\/wp\/v2\/product_brand?post=4257"},{"taxonomy":"product_cat","embeddable":true,"href":"https:\/\/www.billigtrikotde.com\/da\/wp-json\/wp\/v2\/product_cat?post=4257"},{"taxonomy":"product_tag","embeddable":true,"href":"https:\/\/www.billigtrikotde.com\/da\/wp-json\/wp\/v2\/product_tag?post=4257"}],"curies":[{"name":"wp","href":"https:\/\/api.w.org\/{rel}","templated":true}]}}