{"id":4233,"date":"2024-10-23T15:39:47","date_gmt":"2024-10-23T13:39:47","guid":{"rendered":"http:\/\/billigtrikots.com\/?post_type=product&#038;p=4233"},"modified":"2024-10-23T15:42:10","modified_gmt":"2024-10-23T13:42:10","slug":"los-angeles-galaxy-2022-auswaertstrikot-weiss-mit-herbalife-nutrition-aufdruck","status":"publish","type":"product","link":"https:\/\/www.billigtrikotde.com\/da\/vare\/los-angeles-galaxy-2022-auswaertstrikot-weiss-mit-herbalife-nutrition-aufdruck\/","title":{"rendered":"Los Angeles Galaxy 2022 udebanetr\u00f8je hvid med Herbalife Nutrition-print"},"content":{"rendered":"<p>Tr\u00f8jen har et Quasar-design og blev udgivet som \u00abCity of Dreams\u00bb-tr\u00f8je. P\u00e5 jock-tagget st\u00e5r ordene \u00abSolo un La\u00bb (der er kun \u00e9t LA). Herbalife vises fortsat p\u00e5 forsiden af tr\u00f8jen, med Honey p\u00e5 \u00e6rmet.<br \/>\nTips til udskrivning: Hvis navn og nummer p\u00e5 billedet er pr\u00e6cis det, du \u00f8nsker, beh\u00f8ver du ikke at indtaste dem igen. Hvis ikke, skal du indtaste det \u00f8nskede navn og nummer.<\/p>\n<p>Tips til vask: Det anbefales at vaske fodboldtr\u00f8jer i h\u00e5nden. Hvis du vil bruge vaskemaskinen, skal du huske at vende vrangen ud p\u00e5 fodboldtr\u00f8jerne og derefter vaske dem. Fyld maskinen med koldt vand, og brug et sk\u00e5neprogram for bedre at beskytte farverne.<\/p>","protected":false},"excerpt":{"rendered":"<p>Tr\u00f8jen har et Quasar-design og blev udgivet som \u201eCity of Dreams\u201c-tr\u00f8je. P\u00e5 jock-tagget st\u00e5r ordene \u201eSolo un La\u201c (der er kun \u00e9t LA). Herbalife vises fortsat p\u00e5 forsiden af tr\u00f8jen, med Honey p\u00e5 \u00e6rmet. Tips til trykning: N\u00e5r navn og nummer p\u00e5 billedet n\u00f8jagtigt matcher dine \u00f8nsker [\u2026]<\/p>","protected":false},"featured_media":4267,"comment_status":"open","ping_status":"closed","template":"","meta":[],"product_brand":[],"product_cat":[182],"product_tag":[20,21,22,23,24,183,184],"class_list":{"0":"post-4233","1":"product","2":"type-product","3":"status-publish","4":"has-post-thumbnail","6":"product_cat-la-galaxy","7":"product_tag-coole-fussballtrikots","8":"product_tag-fussballtrikot-fuer-herren","9":"product_tag-fussballtrikot-guenstig-kaufen","10":"product_tag-fussballtrikot-kurzarm","11":"product_tag-guenstiges-fussballtrikot","12":"product_tag-la-galaxy-away-shirt","13":"product_tag-la-galaxy-trikots","15":"first","16":"instock","17":"shipping-taxable","18":"purchasable","19":"product-type-variable"},"_links":{"self":[{"href":"https:\/\/www.billigtrikotde.com\/da\/wp-json\/wp\/v2\/product\/4233","targetHints":{"allow":["GET"]}}],"collection":[{"href":"https:\/\/www.billigtrikotde.com\/da\/wp-json\/wp\/v2\/product"}],"about":[{"href":"https:\/\/www.billigtrikotde.com\/da\/wp-json\/wp\/v2\/types\/product"}],"replies":[{"embeddable":true,"href":"https:\/\/www.billigtrikotde.com\/da\/wp-json\/wp\/v2\/comments?post=4233"}],"wp:featuredmedia":[{"embeddable":true,"href":"https:\/\/www.billigtrikotde.com\/da\/wp-json\/wp\/v2\/media\/4267"}],"wp:attachment":[{"href":"https:\/\/www.billigtrikotde.com\/da\/wp-json\/wp\/v2\/media?parent=4233"}],"wp:term":[{"taxonomy":"product_brand","embeddable":true,"href":"https:\/\/www.billigtrikotde.com\/da\/wp-json\/wp\/v2\/product_brand?post=4233"},{"taxonomy":"product_cat","embeddable":true,"href":"https:\/\/www.billigtrikotde.com\/da\/wp-json\/wp\/v2\/product_cat?post=4233"},{"taxonomy":"product_tag","embeddable":true,"href":"https:\/\/www.billigtrikotde.com\/da\/wp-json\/wp\/v2\/product_tag?post=4233"}],"curies":[{"name":"wp","href":"https:\/\/api.w.org\/{rel}","templated":true}]}}