{"id":4139,"date":"2024-10-23T15:35:24","date_gmt":"2024-10-23T13:35:24","guid":{"rendered":"http:\/\/billigtrikots.com\/?post_type=product&#038;p=4139"},"modified":"2025-06-16T16:03:55","modified_gmt":"2025-06-16T14:03:55","slug":"juventus-turin-herren-auswaerts-trikot-2021-22-schwarz-weiss-mit-aufdruck-bertancur-30","status":"publish","type":"product","link":"https:\/\/www.billigtrikotde.com\/da\/vare\/juventus-turin-herren-auswaerts-trikot-2021-22-schwarz-weiss-mit-aufdruck-bertancur-30\/","title":{"rendered":"Juventus Turin Udebanetr\u00f8je til m\u00e6nd 2021\/22 sort\/hvid med print Bertancur 30"},"content":{"rendered":"<p>Den helt nye herre udebanetr\u00f8je fra Juventus Turin b\u00e6rer selvf\u00f8lgelig som altid det stolte klubm\u00e6rke p\u00e5 hjertesiden og er pyntet med adidas-logoet, 3-stripes-designet og den officielle sponsortekst.<\/p>\n<p>Fremstillet af bl\u00f8dt Aeroready-materiale, tilbyder den nye JUVE-tr\u00f8je til herrer optimal varme- og fugtighedsh\u00e5ndtering og dermed en altid t\u00f8r komfort. Med ribbet krave og en lidt bredere pasform end spillertr\u00f8jen selv, giver den ogs\u00e5 maksimal bev\u00e6gelsesfrihed i alle retninger for at kunne pr\u00e6stere perfekt til enhver tid \u2013 uanset om det er p\u00e5 stadion, i din fritid eller under din egen tr\u00e6ning.<\/p>\n<p>Tips til udskrivning: Hvis navn og nummer p\u00e5 billedet er pr\u00e6cis det, du \u00f8nsker, beh\u00f8ver du ikke at indtaste dem igen. Hvis ikke, skal du indtaste det \u00f8nskede navn og nummer.<\/p>\n<p>Vaskeanbefalinger: Det anbefales at vaske fodboldtr\u00f8jer i h\u00e5nden. Hvis du vil bruge vaskemaskinen, skal du huske at vende fodboldtr\u00f8jen om, inden den vaskes.<\/p>","protected":false},"excerpt":{"rendered":"<p>Det helt nye herre udebanetr\u00f8je fra Juventus Turin b\u00e6rer naturligvis som altid det stolte klubemblem p\u00e5 hjertesiden og er pyntet med adidas-logoet, 3-stripes-designet og den officielle sponsortryk af sponsoren. Fremstillet af bl\u00f8dt Aeroready-materiale giver den nye JUVE-tr\u00f8je til herrer dig optimal varme- og fugtstyring og dermed altid [\u2026]<\/p>","protected":false},"featured_media":4182,"comment_status":"open","ping_status":"closed","template":"","meta":[],"product_brand":[],"product_cat":[59],"product_tag":[20,38,21,24,150,61],"class_list":{"0":"post-4139","1":"product","2":"type-product","3":"status-publish","4":"has-post-thumbnail","6":"product_cat-juventus","7":"product_tag-coole-fussballtrikots","8":"product_tag-fussball-trikot-langarm","9":"product_tag-fussballtrikot-fuer-herren","10":"product_tag-guenstiges-fussballtrikot","11":"product_tag-juventus-auswaertstrikot","12":"product_tag-juventus-trikots","14":"first","15":"instock","16":"shipping-taxable","17":"purchasable","18":"product-type-variable"},"_links":{"self":[{"href":"https:\/\/www.billigtrikotde.com\/da\/wp-json\/wp\/v2\/product\/4139","targetHints":{"allow":["GET"]}}],"collection":[{"href":"https:\/\/www.billigtrikotde.com\/da\/wp-json\/wp\/v2\/product"}],"about":[{"href":"https:\/\/www.billigtrikotde.com\/da\/wp-json\/wp\/v2\/types\/product"}],"replies":[{"embeddable":true,"href":"https:\/\/www.billigtrikotde.com\/da\/wp-json\/wp\/v2\/comments?post=4139"}],"wp:featuredmedia":[{"embeddable":true,"href":"https:\/\/www.billigtrikotde.com\/da\/wp-json\/wp\/v2\/media\/4182"}],"wp:attachment":[{"href":"https:\/\/www.billigtrikotde.com\/da\/wp-json\/wp\/v2\/media?parent=4139"}],"wp:term":[{"taxonomy":"product_brand","embeddable":true,"href":"https:\/\/www.billigtrikotde.com\/da\/wp-json\/wp\/v2\/product_brand?post=4139"},{"taxonomy":"product_cat","embeddable":true,"href":"https:\/\/www.billigtrikotde.com\/da\/wp-json\/wp\/v2\/product_cat?post=4139"},{"taxonomy":"product_tag","embeddable":true,"href":"https:\/\/www.billigtrikotde.com\/da\/wp-json\/wp\/v2\/product_tag?post=4139"}],"curies":[{"name":"wp","href":"https:\/\/api.w.org\/{rel}","templated":true}]}}