{"id":4126,"date":"2024-10-23T15:34:49","date_gmt":"2024-10-23T13:34:49","guid":{"rendered":"http:\/\/billigtrikots.com\/?post_type=product&#038;p=4126"},"modified":"2024-10-23T15:37:23","modified_gmt":"2024-10-23T13:37:23","slug":"herren-trikotsatz-kurzarm-boca-juniors-2021-22-heimtrikot-blau","status":"publish","type":"product","link":"https:\/\/www.billigtrikotde.com\/da\/vare\/herren-trikotsatz-kurzarm-boca-juniors-2021-22-heimtrikot-blau\/","title":{"rendered":"Herre tr\u00f8jes\u00e6t korte \u00e6rmer Boca Juniors 2021\/22 hjemmebanetr\u00f8je Bl\u00e5"},"content":{"rendered":"<p>1981. En fodboldlegende g\u00f8r sin debut hos Boca Juniors, og tr\u00f8jen f\u00e5r derfor hos klubben en helt s\u00e6rlig status. Fresk fyrre \u00e5r senere fejrer adidas denne unikke forbindelse med en genudgivelse af klassikeren med det opkl\u00e6bede fire-stjernede logo. Designet til fans er af bl\u00f8dt materiale med fugtighedsabsorberende AEROREADY-teknologi og sikrer en behagelig t\u00f8rt og behageligt pasform. Dette produkt er Primegreen: fremstillet med forskellige funktionelle genbrugsmaterialer.<\/p>\n<p>Tips til udskrivning: Hvis navn og nummer p\u00e5 billedet er pr\u00e6cis det, du \u00f8nsker, beh\u00f8ver du ikke at indtaste dem igen. Hvis ikke, skal du indtaste det \u00f8nskede navn og nummer.<\/p>\n<p>Tips til vask: Det anbefales at vaske fodboldtr\u00f8jer i h\u00e5nden. Hvis du vil bruge vaskemaskinen, skal du huske at vende vrangen ud p\u00e5 fodboldtr\u00f8jerne og derefter vaske dem. Fyld maskinen med koldt vand, og brug et sk\u00e5neprogram for bedre at beskytte farverne.<\/p>","protected":false},"excerpt":{"rendered":"<p>1981. Eine Fu\u00dfball-Legende gibt ihr Deb\u00fct bei den Boca Juniors und ihr Trikot bekommt daraufhin bei dem Verein einen ganz besonderen Status. Vierzig Jahre sp\u00e4ter feiert adidas diese einzigartige Verbindung mit einer Neuauflage des Klassikers mit dem aufgeflockten Vier-Sterne-Logo. Das Design f\u00fcr Fans ist aus weichem Material mit feuchtigkeitsabsorbierender AEROREADY Technologie und garantiert ein angenehm [&hellip;]<\/p>","protected":false},"featured_media":4169,"comment_status":"open","ping_status":"closed","template":"","meta":[],"product_brand":[],"product_cat":[15],"product_tag":[20,208,207,21,22,23,24],"class_list":{"0":"post-4126","1":"product","2":"type-product","3":"status-publish","4":"has-post-thumbnail","6":"product_cat-unkategorisiert","7":"product_tag-coole-fussballtrikots","8":"product_tag-boca-juniors-heimtrikot","9":"product_tag-boca-juniors-trikots","10":"product_tag-fussballtrikot-fuer-herren","11":"product_tag-fussballtrikot-guenstig-kaufen","12":"product_tag-fussballtrikot-kurzarm","13":"product_tag-guenstiges-fussballtrikot","15":"first","16":"instock","17":"shipping-taxable","18":"purchasable","19":"product-type-variable"},"_links":{"self":[{"href":"https:\/\/www.billigtrikotde.com\/da\/wp-json\/wp\/v2\/product\/4126","targetHints":{"allow":["GET"]}}],"collection":[{"href":"https:\/\/www.billigtrikotde.com\/da\/wp-json\/wp\/v2\/product"}],"about":[{"href":"https:\/\/www.billigtrikotde.com\/da\/wp-json\/wp\/v2\/types\/product"}],"replies":[{"embeddable":true,"href":"https:\/\/www.billigtrikotde.com\/da\/wp-json\/wp\/v2\/comments?post=4126"}],"wp:featuredmedia":[{"embeddable":true,"href":"https:\/\/www.billigtrikotde.com\/da\/wp-json\/wp\/v2\/media\/4169"}],"wp:attachment":[{"href":"https:\/\/www.billigtrikotde.com\/da\/wp-json\/wp\/v2\/media?parent=4126"}],"wp:term":[{"taxonomy":"product_brand","embeddable":true,"href":"https:\/\/www.billigtrikotde.com\/da\/wp-json\/wp\/v2\/product_brand?post=4126"},{"taxonomy":"product_cat","embeddable":true,"href":"https:\/\/www.billigtrikotde.com\/da\/wp-json\/wp\/v2\/product_cat?post=4126"},{"taxonomy":"product_tag","embeddable":true,"href":"https:\/\/www.billigtrikotde.com\/da\/wp-json\/wp\/v2\/product_tag?post=4126"}],"curies":[{"name":"wp","href":"https:\/\/api.w.org\/{rel}","templated":true}]}}