{"id":4119,"date":"2024-10-23T15:34:20","date_gmt":"2024-10-23T13:34:20","guid":{"rendered":"http:\/\/billigtrikots.com\/?post_type=product&#038;p=4119"},"modified":"2024-10-23T15:36:50","modified_gmt":"2024-10-23T13:36:50","slug":"as-rom-ausweichtrikot-2021-22-bestellen-gelb-und-dunkelblau","status":"publish","type":"product","link":"https:\/\/www.billigtrikotde.com\/da\/vare\/as-rom-ausweichtrikot-2021-22-bestellen-gelb-und-dunkelblau\/","title":{"rendered":"AS Romas alternative tr\u00f8je 2021\/22 i farverne gul og m\u00f8rkebl\u00e5"},"content":{"rendered":"<p>AS Roma 3. fodboldtr\u00f8je 2021-2022 indeholder ikke det aktuelle klublogo p\u00e5 venstre bryst, men det s\u00e5kaldte Lupetto-logo. Dette logo er kendetegnet ved et ulvekop og var i perioden 1977-1997 logoet for AS Roma. Derudover er alle klubbens farver indarbejdet i tr\u00f8jen, og disse farver er suppleret med m\u00f8rkebl\u00e5t. Tr\u00f8jen har en gul basefarve, der er pr\u00e6get af en diagonal m\u00f8rkebl\u00e5 og bordeauxr\u00f8d stribe fra venstre skulder til nederste h\u00f8jre hj\u00f8rne af tr\u00f8jen. Denne stribe er flankeret af tyndere linjer i de samme farver. \u00c6rmerne p\u00e5 tr\u00f8jen er bl\u00e5 og har en r\u00f8d kant forneden. Denne kant har en gul New Balance-grafik. Dette er en grafik med i\u00f8jnefaldende striber, inspireret af striberne i New Balance-logoet. P\u00e5 h\u00f8jre bryst er der logoet for det amerikanske sportsm\u00e6rke i m\u00f8rkebl\u00e5, og hovedsponsoren Digitalbits pryder midten af tr\u00f8jen i hvid. Klubnavnet er indarbejdet i nakken p\u00e5 bagsiden af tr\u00f8jen, og under-sponsoren Hyundai er placeret nederst p\u00e5 bagsiden af fodboldtr\u00f8jen. Tr\u00f8jen afrundes med gule fodboldshorts med et r\u00f8dt omr\u00e5de forneden p\u00e5 siderne. Str\u00f8mperne er ogs\u00e5 gule og indeholder b\u00e5de en m\u00f8rkebl\u00e5 og en r\u00f8d stribe. Den r\u00f8de stribe indeholder NB-logoet og klubbens navn.<\/p>\n<p>Ligesom alle New Balance-tr\u00f8jer er AS Roma fodboldtr\u00f8jer udstyret med NB Dry-teknologi. Dette system er indarbejdet i materialet (100% Polyester) p\u00e5 uniformen og sikrer perfekt fugtighedsafledning og ventilation.<\/p>\n<p>Tips til udskrivning: Hvis navn og nummer p\u00e5 billedet er pr\u00e6cis det, du \u00f8nsker, beh\u00f8ver du ikke at indtaste dem igen. Hvis ikke, skal du indtaste det \u00f8nskede navn og nummer.<\/p>\n<p>Tips til vask: Det anbefales at vaske fodboldtr\u00f8jer i h\u00e5nden. Hvis du vil bruge vaskemaskinen, skal du huske at vende vrangen ud p\u00e5 fodboldtr\u00f8jerne og derefter vaske dem. Fyld maskinen med koldt vand, og brug et sk\u00e5neprogram for bedre at beskytte farverne.<\/p>","protected":false},"excerpt":{"rendered":"<p>Das AS Rom 3. Fu\u00dfballtrikot 2021-2022 enth\u00e4lt nicht das aktuelle Vereinslogo auf der linken Brust, sondern das sogenannte Lupetto-Logo. Dieses Logo zeichnet sich durch den Kopf eines Wolfes aus und war im Zeitraum 1977-1997 das Logo der AS Roma. Dar\u00fcber hinaus wurden alle Vereinsfarben des AS Roma in das Trikot eingearbeitet und diese Farben mit [&hellip;]<\/p>","protected":false},"featured_media":4167,"comment_status":"open","ping_status":"closed","template":"","meta":[],"product_brand":[],"product_cat":[85],"product_tag":[205,87,20,21,22,23,24],"class_list":{"0":"post-4119","1":"product","2":"type-product","3":"status-publish","4":"has-post-thumbnail","6":"product_cat-as-roma","7":"product_tag-as-rom-ausweichtrikot","8":"product_tag-as-roma-trikots","9":"product_tag-coole-fussballtrikots","10":"product_tag-fussballtrikot-fuer-herren","11":"product_tag-fussballtrikot-guenstig-kaufen","12":"product_tag-fussballtrikot-kurzarm","13":"product_tag-guenstiges-fussballtrikot","15":"first","16":"instock","17":"shipping-taxable","18":"purchasable","19":"product-type-variable"},"_links":{"self":[{"href":"https:\/\/www.billigtrikotde.com\/da\/wp-json\/wp\/v2\/product\/4119","targetHints":{"allow":["GET"]}}],"collection":[{"href":"https:\/\/www.billigtrikotde.com\/da\/wp-json\/wp\/v2\/product"}],"about":[{"href":"https:\/\/www.billigtrikotde.com\/da\/wp-json\/wp\/v2\/types\/product"}],"replies":[{"embeddable":true,"href":"https:\/\/www.billigtrikotde.com\/da\/wp-json\/wp\/v2\/comments?post=4119"}],"wp:featuredmedia":[{"embeddable":true,"href":"https:\/\/www.billigtrikotde.com\/da\/wp-json\/wp\/v2\/media\/4167"}],"wp:attachment":[{"href":"https:\/\/www.billigtrikotde.com\/da\/wp-json\/wp\/v2\/media?parent=4119"}],"wp:term":[{"taxonomy":"product_brand","embeddable":true,"href":"https:\/\/www.billigtrikotde.com\/da\/wp-json\/wp\/v2\/product_brand?post=4119"},{"taxonomy":"product_cat","embeddable":true,"href":"https:\/\/www.billigtrikotde.com\/da\/wp-json\/wp\/v2\/product_cat?post=4119"},{"taxonomy":"product_tag","embeddable":true,"href":"https:\/\/www.billigtrikotde.com\/da\/wp-json\/wp\/v2\/product_tag?post=4119"}],"curies":[{"name":"wp","href":"https:\/\/api.w.org\/{rel}","templated":true}]}}