{"id":4117,"date":"2024-10-23T15:34:19","date_gmt":"2024-10-23T13:34:19","guid":{"rendered":"http:\/\/billigtrikots.com\/?post_type=product&#038;p=4117"},"modified":"2024-10-23T15:36:50","modified_gmt":"2024-10-23T13:36:50","slug":"personalisierbar-parma-calcio-torwarttrikot-2021-22-goalkeeper-shirt-rot","status":"publish","type":"product","link":"https:\/\/www.billigtrikotde.com\/da\/vare\/personalisierbar-parma-calcio-torwarttrikot-2021-22-goalkeeper-shirt-rot\/","title":{"rendered":"Personlig Parma Calcio m\u00e5mandstr\u00f8je 2021\/22 Goalkeeper Shirt r\u00f8d"},"content":{"rendered":"<p>M\u00e5lvogtertr\u00f8je fra Parma Calcio til s\u00e6sonen 2021\/22<br \/>\nMed m\u00e5lvogtertr\u00f8jen fejrer Buffon sin tilbagevenden til Parma efter 20 \u00e5rs klubfrav\u00e6r<br \/>\nDesignet b\u00e6rer logoet p\u00e5 m\u00e5lvogtertr\u00f8jen fra s\u00e6sonen 1998\/99, da Buffon vandt den italienske pokal og UEFA Pokalen med Parma.<\/p>\n<p>Tips til udskrivning: Hvis navn og nummer p\u00e5 billedet er pr\u00e6cis det, du \u00f8nsker, beh\u00f8ver du ikke at indtaste dem igen. Hvis ikke, skal du indtaste det \u00f8nskede navn og nummer.<\/p>\n<p>Tips til vask: Det anbefales at vaske fodboldtr\u00f8jer i h\u00e5nden. Hvis du vil bruge vaskemaskinen, skal du huske at vende vrangen ud p\u00e5 fodboldtr\u00f8jerne og derefter vaske dem. Fyld maskinen med koldt vand, og brug et sk\u00e5neprogram for bedre at beskytte farverne.<\/p>","protected":false},"excerpt":{"rendered":"<p>Torwarttrikot von Parma Calcio f\u00fcr die Saison 2021\/22 Mit dem Torwarttrikot feiert Buffon seine R\u00fcckkehr nach Parma nach 20 Jahren Vereinsabwesenheit Das Design tr\u00e4gt das Logo des Torwarttrikots der Saison 1998\/99, als Buffon mit Parma den italienischen Pokal und den UEFA-Pokal gewann. Tipps zum Drucken: Wenn der Name und die Nummer auf dem Bild genau [&hellip;]<\/p>","protected":false},"featured_media":4166,"comment_status":"open","ping_status":"closed","template":"","meta":[],"product_brand":[],"product_cat":[15],"product_tag":[20,21,23,24,204],"class_list":{"0":"post-4117","1":"product","2":"type-product","3":"status-publish","4":"has-post-thumbnail","6":"product_cat-unkategorisiert","7":"product_tag-coole-fussballtrikots","8":"product_tag-fussballtrikot-fuer-herren","9":"product_tag-fussballtrikot-kurzarm","10":"product_tag-guenstiges-fussballtrikot","11":"product_tag-parma-calcio-torwarttrikot","13":"first","14":"instock","15":"shipping-taxable","16":"purchasable","17":"product-type-variable"},"_links":{"self":[{"href":"https:\/\/www.billigtrikotde.com\/da\/wp-json\/wp\/v2\/product\/4117","targetHints":{"allow":["GET"]}}],"collection":[{"href":"https:\/\/www.billigtrikotde.com\/da\/wp-json\/wp\/v2\/product"}],"about":[{"href":"https:\/\/www.billigtrikotde.com\/da\/wp-json\/wp\/v2\/types\/product"}],"replies":[{"embeddable":true,"href":"https:\/\/www.billigtrikotde.com\/da\/wp-json\/wp\/v2\/comments?post=4117"}],"wp:featuredmedia":[{"embeddable":true,"href":"https:\/\/www.billigtrikotde.com\/da\/wp-json\/wp\/v2\/media\/4166"}],"wp:attachment":[{"href":"https:\/\/www.billigtrikotde.com\/da\/wp-json\/wp\/v2\/media?parent=4117"}],"wp:term":[{"taxonomy":"product_brand","embeddable":true,"href":"https:\/\/www.billigtrikotde.com\/da\/wp-json\/wp\/v2\/product_brand?post=4117"},{"taxonomy":"product_cat","embeddable":true,"href":"https:\/\/www.billigtrikotde.com\/da\/wp-json\/wp\/v2\/product_cat?post=4117"},{"taxonomy":"product_tag","embeddable":true,"href":"https:\/\/www.billigtrikotde.com\/da\/wp-json\/wp\/v2\/product_tag?post=4117"}],"curies":[{"name":"wp","href":"https:\/\/api.w.org\/{rel}","templated":true}]}}