{"id":4102,"date":"2024-10-23T15:33:42","date_gmt":"2024-10-23T13:33:42","guid":{"rendered":"http:\/\/billigtrikots.com\/?post_type=product&#038;p=4102"},"modified":"2024-10-23T15:35:49","modified_gmt":"2024-10-23T13:35:49","slug":"heimtrikot-atletico-madrid-2021-22-rot-weiss-mit-aufdruck-saponjic-17","status":"publish","type":"product","link":"https:\/\/www.billigtrikotde.com\/da\/vare\/heimtrikot-atletico-madrid-2021-22-rot-weiss-mit-aufdruck-saponjic-17\/","title":{"rendered":"Hjemmebanetr\u00f8je Atl\u00e9tico Madrid 2021\/22 r\u00f8d\/hvid med print \u0160aponji\u0107 17"},"content":{"rendered":"<p>Som de andre tr\u00f8jer fra vores Stadium-kollektion kombinerer Atletico Madrid-tr\u00f8jen gentagne designdetaljer med svedtransporterende materiale for at give dig et kampklart look, der er inspireret af dit yndlingsteam.<\/p>\n<p>Nike Dri-FIT-teknologien leder sveden v\u00e6k fra huden og sikrer en hurtigere fordampning, s\u00e5 du forbliver t\u00f8r og komfortabel.<br \/>\nReplika-designet er inspireret af det, professionelle b\u00e6rer p\u00e5 banen.<\/p>\n<p>Tips til udskrivning: Hvis navn og nummer p\u00e5 billedet er pr\u00e6cis det, du \u00f8nsker, beh\u00f8ver du ikke at indtaste dem igen. Hvis ikke, skal du indtaste det \u00f8nskede navn og nummer.<\/p>\n<p>Tips til vask: Det anbefales at vaske fodboldtr\u00f8jer i h\u00e5nden. Hvis du vil bruge vaskemaskinen, skal du huske at vende vrangen ud p\u00e5 fodboldtr\u00f8jerne og derefter vaske dem. Fyld maskinen med koldt vand, og brug et sk\u00e5neprogram for bedre at beskytte farverne.<\/p>","protected":false},"excerpt":{"rendered":"<p>Wie die anderen Trikots aus unserer Stadium-Kollektion kombiniert das Atletico Madrid-Trikot wiederkehrende Designdetails mit schwei\u00dfableitendem Material, um Ihnen einen spielbereiten Look zu bieten, der von Ihrem Lieblingsteam inspiriert ist. Die Nike Dri-FIT-Technologie leitet den Schwei\u00df von der Haut weg und sorgt f\u00fcr eine schnellere Verdunstung, damit Sie trocken und komfortabel bleiben. Das Replika-Design ist inspiriert [&hellip;]<\/p>","protected":false},"featured_media":4144,"comment_status":"open","ping_status":"closed","template":"","meta":[],"product_brand":[],"product_cat":[88],"product_tag":[89,90,20,21,22,23,24],"class_list":{"0":"post-4102","1":"product","2":"type-product","3":"status-publish","4":"has-post-thumbnail","6":"product_cat-atletico-madrid","7":"product_tag-atletico-madrid-heimtrikot","8":"product_tag-atletico-madrid-trikots","9":"product_tag-coole-fussballtrikots","10":"product_tag-fussballtrikot-fuer-herren","11":"product_tag-fussballtrikot-guenstig-kaufen","12":"product_tag-fussballtrikot-kurzarm","13":"product_tag-guenstiges-fussballtrikot","15":"first","16":"instock","17":"shipping-taxable","18":"purchasable","19":"product-type-variable"},"_links":{"self":[{"href":"https:\/\/www.billigtrikotde.com\/da\/wp-json\/wp\/v2\/product\/4102","targetHints":{"allow":["GET"]}}],"collection":[{"href":"https:\/\/www.billigtrikotde.com\/da\/wp-json\/wp\/v2\/product"}],"about":[{"href":"https:\/\/www.billigtrikotde.com\/da\/wp-json\/wp\/v2\/types\/product"}],"replies":[{"embeddable":true,"href":"https:\/\/www.billigtrikotde.com\/da\/wp-json\/wp\/v2\/comments?post=4102"}],"wp:featuredmedia":[{"embeddable":true,"href":"https:\/\/www.billigtrikotde.com\/da\/wp-json\/wp\/v2\/media\/4144"}],"wp:attachment":[{"href":"https:\/\/www.billigtrikotde.com\/da\/wp-json\/wp\/v2\/media?parent=4102"}],"wp:term":[{"taxonomy":"product_brand","embeddable":true,"href":"https:\/\/www.billigtrikotde.com\/da\/wp-json\/wp\/v2\/product_brand?post=4102"},{"taxonomy":"product_cat","embeddable":true,"href":"https:\/\/www.billigtrikotde.com\/da\/wp-json\/wp\/v2\/product_cat?post=4102"},{"taxonomy":"product_tag","embeddable":true,"href":"https:\/\/www.billigtrikotde.com\/da\/wp-json\/wp\/v2\/product_tag?post=4102"}],"curies":[{"name":"wp","href":"https:\/\/api.w.org\/{rel}","templated":true}]}}