{"id":4070,"date":"2024-10-23T15:32:03","date_gmt":"2024-10-23T13:32:03","guid":{"rendered":"http:\/\/billigtrikots.com\/?post_type=product&#038;p=4070"},"modified":"2024-10-23T15:34:12","modified_gmt":"2024-10-23T13:34:12","slug":"herren-atletico-madrid-2021-22-heimtrikot-in-rot-mit-aufdruck-suarez-9","status":"publish","type":"product","link":"https:\/\/www.billigtrikotde.com\/da\/vare\/herren-atletico-madrid-2021-22-heimtrikot-in-rot-mit-aufdruck-suarez-9\/","title":{"rendered":"Atletico Madrid 2021\/22 hjemmebanetr\u00f8je til m\u00e6nd i r\u00f8d med print Su\u00e1rez 9"},"content":{"rendered":"<p>Med den r\u00f8de tr\u00f8je lancerer Nike et produkt, der giver dig mulighed for at st\u00f8tte din yndlingsklub med passion og dedikation i gode og d\u00e5rlige tider. Enhver inkarneret Atletico Madrid-tilh\u00e6nger har brug for denne hjemmebanetr\u00f8je, da spillerne ogs\u00e5 b\u00e6rer den i Primera Division. Den er \u00e5ndbar, behagelig og let. Det flotte look p\u00e5 denne sportstop understreges af klubv\u00e5bnet p\u00e5 brystet. Med denne sportstop er du ideelt udstyret til hver tr\u00e6ning og kamp. Understreg din stil med denne r\u00f8de sportstop i et stribet m\u00f8nster.<\/p>\n<p>Tips til udskrivning: Hvis navn og nummer p\u00e5 billedet er pr\u00e6cis det, du \u00f8nsker, beh\u00f8ver du ikke at indtaste dem igen. Hvis ikke, skal du indtaste det \u00f8nskede navn og nummer.<\/p>\n<p>Tips til vask: Det anbefales at vaske fodboldtr\u00f8jer i h\u00e5nden. Hvis du vil bruge vaskemaskinen, skal du huske at vende vrangen ud p\u00e5 fodboldtr\u00f8jerne og derefter vaske dem. Fyld maskinen med koldt vand, og brug et sk\u00e5neprogram for bedre at beskytte farverne.<\/p>","protected":false},"excerpt":{"rendered":"<p>Mit dem Trikot in Rot bringt Nike ein Produkt an den Start, mit dem du deinen Lieblingsverein in guten wie in schlechten Zeiten mit Herzblut und Hingabe unterst\u00fctzen kannst. Jeder eingefleischte Atletico Madrid-Supporter braucht dieses Heim-Trikot, denn auch die Spieler tragen es in der Primera Division. Es ist atmungsaktiv, bequem und leicht. Die tolle Optik [&hellip;]<\/p>","protected":false},"featured_media":4110,"comment_status":"open","ping_status":"closed","template":"","meta":[],"product_brand":[],"product_cat":[88],"product_tag":[89,90,20,21,22,23,24],"class_list":{"0":"post-4070","1":"product","2":"type-product","3":"status-publish","4":"has-post-thumbnail","6":"product_cat-atletico-madrid","7":"product_tag-atletico-madrid-heimtrikot","8":"product_tag-atletico-madrid-trikots","9":"product_tag-coole-fussballtrikots","10":"product_tag-fussballtrikot-fuer-herren","11":"product_tag-fussballtrikot-guenstig-kaufen","12":"product_tag-fussballtrikot-kurzarm","13":"product_tag-guenstiges-fussballtrikot","15":"first","16":"instock","17":"shipping-taxable","18":"purchasable","19":"product-type-variable"},"_links":{"self":[{"href":"https:\/\/www.billigtrikotde.com\/da\/wp-json\/wp\/v2\/product\/4070","targetHints":{"allow":["GET"]}}],"collection":[{"href":"https:\/\/www.billigtrikotde.com\/da\/wp-json\/wp\/v2\/product"}],"about":[{"href":"https:\/\/www.billigtrikotde.com\/da\/wp-json\/wp\/v2\/types\/product"}],"replies":[{"embeddable":true,"href":"https:\/\/www.billigtrikotde.com\/da\/wp-json\/wp\/v2\/comments?post=4070"}],"wp:featuredmedia":[{"embeddable":true,"href":"https:\/\/www.billigtrikotde.com\/da\/wp-json\/wp\/v2\/media\/4110"}],"wp:attachment":[{"href":"https:\/\/www.billigtrikotde.com\/da\/wp-json\/wp\/v2\/media?parent=4070"}],"wp:term":[{"taxonomy":"product_brand","embeddable":true,"href":"https:\/\/www.billigtrikotde.com\/da\/wp-json\/wp\/v2\/product_brand?post=4070"},{"taxonomy":"product_cat","embeddable":true,"href":"https:\/\/www.billigtrikotde.com\/da\/wp-json\/wp\/v2\/product_cat?post=4070"},{"taxonomy":"product_tag","embeddable":true,"href":"https:\/\/www.billigtrikotde.com\/da\/wp-json\/wp\/v2\/product_tag?post=4070"}],"curies":[{"name":"wp","href":"https:\/\/api.w.org\/{rel}","templated":true}]}}