{"id":4015,"date":"2024-10-23T15:29:38","date_gmt":"2024-10-23T13:29:38","guid":{"rendered":"http:\/\/billigtrikots.com\/?post_type=product&#038;p=4015"},"modified":"2024-10-23T15:31:53","modified_gmt":"2024-10-23T13:31:53","slug":"atletico-madrid-stadium-auswaertstrikot-2021-22-kurzarm-kurze-hosen-saul-8","status":"publish","type":"product","link":"https:\/\/www.billigtrikotde.com\/da\/vare\/atletico-madrid-stadium-auswaertstrikot-2021-22-kurzarm-kurze-hosen-saul-8\/","title":{"rendered":"Atl\u00e9tico Madrid Stadium Udebanetr\u00f8je 2021\/22 Kort\u00e6rmet + Shorts Sa\u00fal 8"},"content":{"rendered":"<p>Atl\u00e9tico Madrid 2021\/22 Stadium Away-fodboldtr\u00f8jen fra Nike har et opdateret udebanedesign, og som den officielle fanudgave af Atl\u00e9ticos udebanetr\u00f8je har den et autentisk look med originale klub- og logodetaljer.<\/p>\n<p>Tips til udskrivning: Hvis navn og nummer p\u00e5 billedet er pr\u00e6cis det, du \u00f8nsker, beh\u00f8ver du ikke at indtaste dem igen. Hvis ikke, skal du indtaste det \u00f8nskede navn og nummer.<\/p>\n<p>Tips til vask: Det anbefales at vaske fodboldtr\u00f8jer i h\u00e5nden. Hvis du vil bruge vaskemaskinen, skal du huske at vende vrangen ud p\u00e5 fodboldtr\u00f8jerne og derefter vaske dem. Fyld maskinen med koldt vand, og brug et sk\u00e5neprogram for bedre at beskytte farverne.<\/p>","protected":false},"excerpt":{"rendered":"<p>Das Atl\u00e9tico Madrid 2021\/22 Stadium Away Fu\u00dfballtrikot von Nike zeigt sich im aktualisierten Ausw\u00e4rts-Design und verf\u00fcgt als offizielle Fan-Edition des Atl\u00e9tico Ausw\u00e4rtstrikots \u00fcber einen authentischen Look mit originalgetreuen Vereins- und Logo-Details. Tipps zum Drucken: Wenn der Name und die Nummer auf dem Bild genau Ihren W\u00fcnschen entsprechen, m\u00fcssen Sie sie nicht erneut eingeben. Wenn nicht, [&hellip;]<\/p>","protected":false},"featured_media":4050,"comment_status":"open","ping_status":"closed","template":"","meta":[],"product_brand":[],"product_cat":[88],"product_tag":[200,90,20,21,22,23,24],"class_list":{"0":"post-4015","1":"product","2":"type-product","3":"status-publish","4":"has-post-thumbnail","6":"product_cat-atletico-madrid","7":"product_tag-atletico-madrid-auswaertstrikot","8":"product_tag-atletico-madrid-trikots","9":"product_tag-coole-fussballtrikots","10":"product_tag-fussballtrikot-fuer-herren","11":"product_tag-fussballtrikot-guenstig-kaufen","12":"product_tag-fussballtrikot-kurzarm","13":"product_tag-guenstiges-fussballtrikot","15":"first","16":"instock","17":"shipping-taxable","18":"purchasable","19":"product-type-variable"},"_links":{"self":[{"href":"https:\/\/www.billigtrikotde.com\/da\/wp-json\/wp\/v2\/product\/4015","targetHints":{"allow":["GET"]}}],"collection":[{"href":"https:\/\/www.billigtrikotde.com\/da\/wp-json\/wp\/v2\/product"}],"about":[{"href":"https:\/\/www.billigtrikotde.com\/da\/wp-json\/wp\/v2\/types\/product"}],"replies":[{"embeddable":true,"href":"https:\/\/www.billigtrikotde.com\/da\/wp-json\/wp\/v2\/comments?post=4015"}],"wp:featuredmedia":[{"embeddable":true,"href":"https:\/\/www.billigtrikotde.com\/da\/wp-json\/wp\/v2\/media\/4050"}],"wp:attachment":[{"href":"https:\/\/www.billigtrikotde.com\/da\/wp-json\/wp\/v2\/media?parent=4015"}],"wp:term":[{"taxonomy":"product_brand","embeddable":true,"href":"https:\/\/www.billigtrikotde.com\/da\/wp-json\/wp\/v2\/product_brand?post=4015"},{"taxonomy":"product_cat","embeddable":true,"href":"https:\/\/www.billigtrikotde.com\/da\/wp-json\/wp\/v2\/product_cat?post=4015"},{"taxonomy":"product_tag","embeddable":true,"href":"https:\/\/www.billigtrikotde.com\/da\/wp-json\/wp\/v2\/product_tag?post=4015"}],"curies":[{"name":"wp","href":"https:\/\/api.w.org\/{rel}","templated":true}]}}