{"id":3982,"date":"2024-10-23T15:27:59","date_gmt":"2024-10-23T13:27:59","guid":{"rendered":"http:\/\/billigtrikots.com\/?post_type=product&#038;p=3982"},"modified":"2024-10-23T15:30:09","modified_gmt":"2024-10-23T13:30:09","slug":"los-angeles-fc-2021-lafc-black-gold-primary-replica-player-jersey-carlos-vela-10","status":"publish","type":"product","link":"https:\/\/www.billigtrikotde.com\/da\/vare\/los-angeles-fc-2021-lafc-black-gold-primary-replica-player-jersey-carlos-vela-10\/","title":{"rendered":"Los Angeles FC 2021 LAFC Black Gold Primary Replica Spillertr\u00f8je Carlos Vela 10"},"content":{"rendered":"<p>Du er en stor LAFC-fan, og hver gang de er p\u00e5 banen, er du forbundet. S\u00f8rg for, at du er ordentligt udstyret ved at f\u00e5 denne Carlos Vela 2021 Primary Player Jersey! Det er sp\u00e6ndende at v\u00e6re en hengiven LAFC-fan, og du vil v\u00e6re den st\u00f8rste i denne adidas-tr\u00f8je, der har skarpe holdgrafikker med HEAT.RDY-teknologi, som vil holde dig komfortabel, mens du hepper p\u00e5 dit hold til sejr.<\/p>\n<p>Vi vil gerne have, at fans fejrer deres fandom ved at tilpasse og personligg\u00f8re visse produkter. For disse produkter, der kan tilpasses, herunder tr\u00f8jer, opfordrer vi kunderne til at fort\u00e6lle os, hvordan de gerne vil have deres foretrukne navn eller anden tekst vist ved at skrive teksten i det angivne felt.<\/p>","protected":false},"excerpt":{"rendered":"<p>You\u2019re a huge LAFC fan, and whenever they\u2019re on the pitch, you\u2019re tuned in. Be sure you\u2019re outfitted properly by grabbing this Carlos Vela 2021 Primary Player Jersey! It\u2019s exciting being a devout LAFC fan and you\u2019ll be the biggest one around in this adidas jersey, featuring crisp team graphics with HEAT.RDY technology that will [&hellip;]<\/p>","protected":false},"featured_media":4023,"comment_status":"open","ping_status":"closed","template":"","meta":[],"product_brand":[],"product_cat":[196],"product_tag":[20,21,22,23,24,197,198,199],"class_list":{"0":"post-3982","1":"product","2":"type-product","3":"status-publish","4":"has-post-thumbnail","6":"product_cat-los-angeles-fc","7":"product_tag-coole-fussballtrikots","8":"product_tag-fussballtrikot-fuer-herren","9":"product_tag-fussballtrikot-guenstig-kaufen","10":"product_tag-fussballtrikot-kurzarm","11":"product_tag-guenstiges-fussballtrikot","12":"product_tag-lafc-jerseys","13":"product_tag-los-angeles-fc-home-replica-jersey","14":"product_tag-replica-jersey","16":"first","17":"instock","18":"shipping-taxable","19":"purchasable","20":"product-type-variable"},"_links":{"self":[{"href":"https:\/\/www.billigtrikotde.com\/da\/wp-json\/wp\/v2\/product\/3982","targetHints":{"allow":["GET"]}}],"collection":[{"href":"https:\/\/www.billigtrikotde.com\/da\/wp-json\/wp\/v2\/product"}],"about":[{"href":"https:\/\/www.billigtrikotde.com\/da\/wp-json\/wp\/v2\/types\/product"}],"replies":[{"embeddable":true,"href":"https:\/\/www.billigtrikotde.com\/da\/wp-json\/wp\/v2\/comments?post=3982"}],"wp:featuredmedia":[{"embeddable":true,"href":"https:\/\/www.billigtrikotde.com\/da\/wp-json\/wp\/v2\/media\/4023"}],"wp:attachment":[{"href":"https:\/\/www.billigtrikotde.com\/da\/wp-json\/wp\/v2\/media?parent=3982"}],"wp:term":[{"taxonomy":"product_brand","embeddable":true,"href":"https:\/\/www.billigtrikotde.com\/da\/wp-json\/wp\/v2\/product_brand?post=3982"},{"taxonomy":"product_cat","embeddable":true,"href":"https:\/\/www.billigtrikotde.com\/da\/wp-json\/wp\/v2\/product_cat?post=3982"},{"taxonomy":"product_tag","embeddable":true,"href":"https:\/\/www.billigtrikotde.com\/da\/wp-json\/wp\/v2\/product_tag?post=3982"}],"curies":[{"name":"wp","href":"https:\/\/api.w.org\/{rel}","templated":true}]}}