{"id":3968,"date":"2024-10-23T15:27:23","date_gmt":"2024-10-23T13:27:23","guid":{"rendered":"http:\/\/billigtrikots.com\/?post_type=product&#038;p=3968"},"modified":"2024-10-23T15:29:33","modified_gmt":"2024-10-23T13:29:33","slug":"atlanta-united-fc-miles-robinson-12-black-2021-the-blvck-kit-replica-home-jersey","status":"publish","type":"product","link":"https:\/\/www.billigtrikotde.com\/da\/vare\/atlanta-united-fc-miles-robinson-12-black-2021-the-blvck-kit-replica-home-jersey\/","title":{"rendered":"Atlanta United FC Miles Robinson 12 Black 2021 The BLVCK Kit Replica Home Jersey"},"content":{"rendered":"<p>Du er en stor Atlanta United FC-fan, og n\u00e5r de er p\u00e5 banen, er du tunet ind. S\u00f8rg for, at du er kl\u00e6dt ordentligt p\u00e5 ved at f\u00e5 fat i denne 2021 The BLVCK Kit Authentic Jersey! Det er sp\u00e6ndende at v\u00e6re en trofast Atlanta United FC-fan, og du vil v\u00e6re den st\u00f8rste i denne adidas-tr\u00f8je, der har skarp holdgrafik med innovativ teknologi, der holder dig komfortabel, mens du hepper dit hold til sejr.<\/p>\n<p>Vi vil gerne have, at fans fejrer deres fandom ved at tilpasse og personligg\u00f8re visse produkter. For disse produkter, der kan tilpasses, herunder tr\u00f8jer, opfordrer vi kunderne til at fort\u00e6lle os, hvordan de gerne vil have deres foretrukne navn eller anden tekst vist ved at skrive teksten i det angivne felt.<\/p>","protected":false},"excerpt":{"rendered":"<p>Du er en stor fan af Atlanta United FC, og hver gang de er p\u00e5 banen, er du tilsluttet. S\u00f8rg for, at du er ordentligt udstyret ved at hente denne 2021 The BLVCK Kit Authentic Jersey! Det er sp\u00e6ndende at v\u00e6re en hengiven Atlanta United FC-fan, og du bliver den st\u00f8rste omkring i dette adidas-tr\u00f8je med skarpe holdgrafikker med [\u2026]<\/p>","protected":false},"featured_media":4009,"comment_status":"open","ping_status":"closed","template":"","meta":[],"product_brand":[],"product_cat":[194],"product_tag":[195,20,21,22,23,24],"class_list":{"0":"post-3968","1":"product","2":"type-product","3":"status-publish","4":"has-post-thumbnail","6":"product_cat-atlanta-united","7":"product_tag-atlanta-united-fc-home-replica-jersey","8":"product_tag-coole-fussballtrikots","9":"product_tag-fussballtrikot-fuer-herren","10":"product_tag-fussballtrikot-guenstig-kaufen","11":"product_tag-fussballtrikot-kurzarm","12":"product_tag-guenstiges-fussballtrikot","14":"first","15":"instock","16":"shipping-taxable","17":"purchasable","18":"product-type-variable"},"_links":{"self":[{"href":"https:\/\/www.billigtrikotde.com\/da\/wp-json\/wp\/v2\/product\/3968","targetHints":{"allow":["GET"]}}],"collection":[{"href":"https:\/\/www.billigtrikotde.com\/da\/wp-json\/wp\/v2\/product"}],"about":[{"href":"https:\/\/www.billigtrikotde.com\/da\/wp-json\/wp\/v2\/types\/product"}],"replies":[{"embeddable":true,"href":"https:\/\/www.billigtrikotde.com\/da\/wp-json\/wp\/v2\/comments?post=3968"}],"wp:featuredmedia":[{"embeddable":true,"href":"https:\/\/www.billigtrikotde.com\/da\/wp-json\/wp\/v2\/media\/4009"}],"wp:attachment":[{"href":"https:\/\/www.billigtrikotde.com\/da\/wp-json\/wp\/v2\/media?parent=3968"}],"wp:term":[{"taxonomy":"product_brand","embeddable":true,"href":"https:\/\/www.billigtrikotde.com\/da\/wp-json\/wp\/v2\/product_brand?post=3968"},{"taxonomy":"product_cat","embeddable":true,"href":"https:\/\/www.billigtrikotde.com\/da\/wp-json\/wp\/v2\/product_cat?post=3968"},{"taxonomy":"product_tag","embeddable":true,"href":"https:\/\/www.billigtrikotde.com\/da\/wp-json\/wp\/v2\/product_tag?post=3968"}],"curies":[{"name":"wp","href":"https:\/\/api.w.org\/{rel}","templated":true}]}}