{"id":3942,"date":"2024-10-23T15:26:11","date_gmt":"2024-10-23T13:26:11","guid":{"rendered":"http:\/\/billigtrikots.com\/?post_type=product&#038;p=3942"},"modified":"2024-10-23T15:28:23","modified_gmt":"2024-10-23T13:28:23","slug":"ssc-naepel-maradona-fussballtrikot-2021-2022-marineblau-mit-aufdruck-h-lozano-11","status":"publish","type":"product","link":"https:\/\/www.billigtrikotde.com\/da\/vare\/ssc-naepel-maradona-fussballtrikot-2021-2022-marineblau-mit-aufdruck-h-lozano-11\/","title":{"rendered":"SSC Naepel Maradona Fodboldtr\u00f8je 2021-2022 Marinebl\u00e5 med print H.LOZANO 11"},"content":{"rendered":"<p>Grundfarven p\u00e5 EA7 Napoli Maradona 2021-2022 fodboldtr\u00f8jen er marinebl\u00e5 og indeholder et tryk af Maradona i den argentinske fodboldtr\u00f8je p\u00e5 undersiden. Dette tryk er fremstillet i et fingeraftrykslignende design. Trykket er inspireret af et kunstv\u00e6rk af den napolitanske kunstner Guiseppe Klain. Desuden indeholder tr\u00f8jen ogs\u00e5 lysebl\u00e5 detaljer, inspireret af SSC Napoli's klubfarver. B\u00e5ndet i bunden af \u00e6rmerne er lysebl\u00e5t, ligesom rund halsudsk\u00e6ringen og et tape ved skuldrene. Emporio Armani Sportswear-logoet er placeret p\u00e5 h\u00f8jre bryst og p\u00e5 venstre bryst er klubbem\u00e6rket. Lete- og MSC-logotyperne ses midt p\u00e5 tr\u00f8jen. Venstre \u00e6rme af tr\u00f8jen b\u00e6rer logoet for \u00e6rmesponsoren Amazon. Initiellerne for klubben er indarbejdet i nakken p\u00e5 bagsiden af Napoli Maradona fodboldtr\u00f8jen: SSCN.<\/p>\n<p>Tips til vask: Det anbefales at vaske fodboldtr\u00f8jer i h\u00e5nden. Hvis du vil bruge vaskemaskinen, skal du huske at vende vrangen ud p\u00e5 fodboldtr\u00f8jerne og derefter vaske dem. Fyld maskinen med koldt vand, og brug et sk\u00e5neprogram for bedre at beskytte farverne.<\/p>\n<p>Fodboldtr\u00f8je Tryk Online<br \/>\nDu har mulighed for at designe dine fodboldtr\u00f8jer. Enten v\u00e6lger du din yndlingsfodboldspiller eller du v\u00e6lger dit eget navn inkl. nummer.<\/p>","protected":false},"excerpt":{"rendered":"<p>Die Grundfarbe des EA7 Napoli Maradona 2021-2022 Fu\u00dfballtrikots ist Marineblau und enth\u00e4lt einen Aufdruck von Maradona im argentinischen Fu\u00dfballtrikot auf der Unterseite. Dieser Druck ist in einem fingerabdruck\u00e4hnlichen Design verarbeitet. Der Druck ist von einem Kunstwerk des neapolitanischen K\u00fcnstlers Guiseppe Klain inspiriert. Dar\u00fcber hinaus enth\u00e4lt das Trikot auch hellblaue Akzente, inspiriert von den Vereinsfarben des [&hellip;]<\/p>","protected":false},"featured_media":3976,"comment_status":"open","ping_status":"closed","template":"","meta":[],"product_brand":[],"product_cat":[192],"product_tag":[20,21,22,23,24,193],"class_list":{"0":"post-3942","1":"product","2":"type-product","3":"status-publish","4":"has-post-thumbnail","6":"product_cat-ssc-napoli","7":"product_tag-coole-fussballtrikots","8":"product_tag-fussballtrikot-fuer-herren","9":"product_tag-fussballtrikot-guenstig-kaufen","10":"product_tag-fussballtrikot-kurzarm","11":"product_tag-guenstiges-fussballtrikot","12":"product_tag-napoli-kits","14":"first","15":"instock","16":"shipping-taxable","17":"purchasable","18":"product-type-variable"},"_links":{"self":[{"href":"https:\/\/www.billigtrikotde.com\/da\/wp-json\/wp\/v2\/product\/3942","targetHints":{"allow":["GET"]}}],"collection":[{"href":"https:\/\/www.billigtrikotde.com\/da\/wp-json\/wp\/v2\/product"}],"about":[{"href":"https:\/\/www.billigtrikotde.com\/da\/wp-json\/wp\/v2\/types\/product"}],"replies":[{"embeddable":true,"href":"https:\/\/www.billigtrikotde.com\/da\/wp-json\/wp\/v2\/comments?post=3942"}],"wp:featuredmedia":[{"embeddable":true,"href":"https:\/\/www.billigtrikotde.com\/da\/wp-json\/wp\/v2\/media\/3976"}],"wp:attachment":[{"href":"https:\/\/www.billigtrikotde.com\/da\/wp-json\/wp\/v2\/media?parent=3942"}],"wp:term":[{"taxonomy":"product_brand","embeddable":true,"href":"https:\/\/www.billigtrikotde.com\/da\/wp-json\/wp\/v2\/product_brand?post=3942"},{"taxonomy":"product_cat","embeddable":true,"href":"https:\/\/www.billigtrikotde.com\/da\/wp-json\/wp\/v2\/product_cat?post=3942"},{"taxonomy":"product_tag","embeddable":true,"href":"https:\/\/www.billigtrikotde.com\/da\/wp-json\/wp\/v2\/product_tag?post=3942"}],"curies":[{"name":"wp","href":"https:\/\/api.w.org\/{rel}","templated":true}]}}