{"id":3919,"date":"2024-10-23T15:25:01","date_gmt":"2024-10-23T13:25:01","guid":{"rendered":"http:\/\/billigtrikots.com\/?post_type=product&#038;p=3919"},"modified":"2024-10-23T15:27:16","modified_gmt":"2024-10-23T13:27:16","slug":"ssc-napoli-special-heimtrikot-2021-2022-kurzarm-schwarz-mit-aufdruck-insigne-24","status":"publish","type":"product","link":"https:\/\/www.billigtrikotde.com\/da\/vare\/ssc-napoli-special-heimtrikot-2021-2022-kurzarm-schwarz-mit-aufdruck-insigne-24\/","title":{"rendered":"SSC Napoli Special hjemmebanetr\u00f8je 2021-2022 kort\u00e6rmet sort med print INSIGNE 24"},"content":{"rendered":"<p>Tips til vask: Det anbefales at vaske fodboldtr\u00f8jer i h\u00e5nden. Hvis du vil bruge vaskemaskinen, skal du huske at vende vrangen ud p\u00e5 fodboldtr\u00f8jerne og derefter vaske dem. Fyld maskinen med koldt vand, og brug et sk\u00e5neprogram for bedre at beskytte farverne.<\/p>\n<p>Fodboldtr\u00f8je Tryk Online<br \/>\nDu har mulighed for at designe dine fodboldtr\u00f8jer. Enten v\u00e6lger du din yndlingsfodboldspiller eller du v\u00e6lger dit eget navn inkl. nummer.<\/p>","protected":false},"excerpt":{"rendered":"<p>Vasketips: Det anbefales at vaske fodboldtr\u00f8jer i h\u00e5nden. Hvis du vil bruge vaskemaskinen, s\u00e5 husk at vende fodboldtr\u00f8jerne rundt og derefter vaske. Fyld maskinen med koldt vand og brug et sk\u00e5nevaskprogram for at beskytte farverne bedre. Fussballtr\u00f8jer Tryk Online Du har mulighed for at designe dine fodboldtr\u00f8jer. Enten [\u2026]<\/p>","protected":false},"featured_media":3961,"comment_status":"open","ping_status":"closed","template":"","meta":[],"product_brand":[],"product_cat":[192],"product_tag":[20,21,22,23,24,193],"class_list":{"0":"post-3919","1":"product","2":"type-product","3":"status-publish","4":"has-post-thumbnail","6":"product_cat-ssc-napoli","7":"product_tag-coole-fussballtrikots","8":"product_tag-fussballtrikot-fuer-herren","9":"product_tag-fussballtrikot-guenstig-kaufen","10":"product_tag-fussballtrikot-kurzarm","11":"product_tag-guenstiges-fussballtrikot","12":"product_tag-napoli-kits","14":"first","15":"instock","16":"shipping-taxable","17":"purchasable","18":"product-type-variable"},"_links":{"self":[{"href":"https:\/\/www.billigtrikotde.com\/da\/wp-json\/wp\/v2\/product\/3919","targetHints":{"allow":["GET"]}}],"collection":[{"href":"https:\/\/www.billigtrikotde.com\/da\/wp-json\/wp\/v2\/product"}],"about":[{"href":"https:\/\/www.billigtrikotde.com\/da\/wp-json\/wp\/v2\/types\/product"}],"replies":[{"embeddable":true,"href":"https:\/\/www.billigtrikotde.com\/da\/wp-json\/wp\/v2\/comments?post=3919"}],"wp:featuredmedia":[{"embeddable":true,"href":"https:\/\/www.billigtrikotde.com\/da\/wp-json\/wp\/v2\/media\/3961"}],"wp:attachment":[{"href":"https:\/\/www.billigtrikotde.com\/da\/wp-json\/wp\/v2\/media?parent=3919"}],"wp:term":[{"taxonomy":"product_brand","embeddable":true,"href":"https:\/\/www.billigtrikotde.com\/da\/wp-json\/wp\/v2\/product_brand?post=3919"},{"taxonomy":"product_cat","embeddable":true,"href":"https:\/\/www.billigtrikotde.com\/da\/wp-json\/wp\/v2\/product_cat?post=3919"},{"taxonomy":"product_tag","embeddable":true,"href":"https:\/\/www.billigtrikotde.com\/da\/wp-json\/wp\/v2\/product_tag?post=3919"}],"curies":[{"name":"wp","href":"https:\/\/api.w.org\/{rel}","templated":true}]}}