{"id":3911,"date":"2024-10-23T15:24:30","date_gmt":"2024-10-23T13:24:30","guid":{"rendered":"http:\/\/billigtrikots.com\/?post_type=product&#038;p=3911"},"modified":"2024-10-23T15:26:43","modified_gmt":"2024-10-23T13:26:43","slug":"benfica-auswaertstrikot-2021-22-in-weiss-herren-trikotsatz-kurze-hosen","status":"publish","type":"product","link":"https:\/\/www.billigtrikotde.com\/da\/vare\/benfica-auswaertstrikot-2021-22-in-weiss-herren-trikotsatz-kurze-hosen\/","title":{"rendered":"Benfica udebanes\u00e6t 2021\/22 i hvidt herres\u00e6t (+ shorts)"},"content":{"rendered":"<p>Ren, spr\u00f8d hvid vender tilbage til Benfica-tr\u00f8jen. Denne adidas fodboldtr\u00f8je har fugttransporterende AEROREADY og bl\u00f8dt, glat stof, der giver en behagelig fornemmelse p\u00e5 og uden for banen. En signatur p\u00e5 ryggen markerer \u00e5ret, hvor klubben blev grundlagt. Et v\u00e6vet m\u00e6rke foran bekr\u00e6fter din loyalitet.<\/p>\n<p>Tips til udskrivning: Hvis navn og nummer p\u00e5 billedet er pr\u00e6cis det, du \u00f8nsker, beh\u00f8ver du ikke at indtaste dem igen. Hvis ikke, skal du indtaste det \u00f8nskede navn og nummer.<\/p>\n<p>Tips til vask: Det anbefales at vaske fodboldtr\u00f8jer i h\u00e5nden. Hvis du vil bruge vaskemaskinen, skal du huske at vende vrangen ud p\u00e5 fodboldtr\u00f8jerne og derefter vaske dem. Fyld maskinen med koldt vand, og brug et sk\u00e5neprogram for bedre at beskytte farverne.<\/p>","protected":false},"excerpt":{"rendered":"<p>Ren, spr\u00f8d hvid vender tilbage til Benfica-tr\u00f8jen. Denne adidas fodboldtr\u00f8je har fugttransporterende AEROREADY og bl\u00f8dt, glat stof, der giver en behagelig fornemmelse p\u00e5 og uden for banen. En signatur p\u00e5 ryggen markerer \u00e5ret, hvor klubben blev grundlagt. Et v\u00e6vet m\u00e6rke foran bekr\u00e6fter din loyalitet.<\/p>","protected":false},"featured_media":3951,"comment_status":"open","ping_status":"closed","template":"","meta":[],"product_brand":[],"product_cat":[188],"product_tag":[189,190,20,21,22,23,24],"class_list":{"0":"post-3911","1":"product","2":"type-product","3":"status-publish","4":"has-post-thumbnail","6":"product_cat-sl-benfica","7":"product_tag-benfica-auswaertstrikot","8":"product_tag-benfica-trikots","9":"product_tag-coole-fussballtrikots","10":"product_tag-fussballtrikot-fuer-herren","11":"product_tag-fussballtrikot-guenstig-kaufen","12":"product_tag-fussballtrikot-kurzarm","13":"product_tag-guenstiges-fussballtrikot","15":"first","16":"instock","17":"shipping-taxable","18":"purchasable","19":"product-type-variable"},"_links":{"self":[{"href":"https:\/\/www.billigtrikotde.com\/da\/wp-json\/wp\/v2\/product\/3911","targetHints":{"allow":["GET"]}}],"collection":[{"href":"https:\/\/www.billigtrikotde.com\/da\/wp-json\/wp\/v2\/product"}],"about":[{"href":"https:\/\/www.billigtrikotde.com\/da\/wp-json\/wp\/v2\/types\/product"}],"replies":[{"embeddable":true,"href":"https:\/\/www.billigtrikotde.com\/da\/wp-json\/wp\/v2\/comments?post=3911"}],"wp:featuredmedia":[{"embeddable":true,"href":"https:\/\/www.billigtrikotde.com\/da\/wp-json\/wp\/v2\/media\/3951"}],"wp:attachment":[{"href":"https:\/\/www.billigtrikotde.com\/da\/wp-json\/wp\/v2\/media?parent=3911"}],"wp:term":[{"taxonomy":"product_brand","embeddable":true,"href":"https:\/\/www.billigtrikotde.com\/da\/wp-json\/wp\/v2\/product_brand?post=3911"},{"taxonomy":"product_cat","embeddable":true,"href":"https:\/\/www.billigtrikotde.com\/da\/wp-json\/wp\/v2\/product_cat?post=3911"},{"taxonomy":"product_tag","embeddable":true,"href":"https:\/\/www.billigtrikotde.com\/da\/wp-json\/wp\/v2\/product_tag?post=3911"}],"curies":[{"name":"wp","href":"https:\/\/api.w.org\/{rel}","templated":true}]}}