{"id":3898,"date":"2024-10-23T15:23:53","date_gmt":"2024-10-23T13:23:53","guid":{"rendered":"http:\/\/billigtrikots.com\/?post_type=product&#038;p=3898"},"modified":"2024-10-23T15:26:07","modified_gmt":"2024-10-23T13:26:07","slug":"la-galaxy-2021-22-away-jersey-black-green-with-lletget-17-printing","status":"publish","type":"product","link":"https:\/\/www.billigtrikotde.com\/da\/vare\/la-galaxy-2021-22-away-jersey-black-green-with-lletget-17-printing\/","title":{"rendered":"LA Galaxy 2021\/22 udebanetr\u00f8je sortgr\u00f8n med Lletget 17-tryk"},"content":{"rendered":"<p>F\u00e5 et dristigt nyt look og vis din st\u00f8tte til The Galaxy med denne 2021 Away Shirt fra adidas, der nyder godt af at v\u00e6re udviklet med Aeroready-teknologi, der absorberer fugt og t\u00f8rrer hurtigt for optimal komfort. Tr\u00f8jens stribede design er en hyldest til byen, hvor intet er givet, og du skal g\u00f8re dig fortjent til dine striber, mens adidas-branding og klubv\u00e5ben fuldender det stilfulde look, der er perfekt til enhver fan af klubben.<\/p>\n<p>Tips til udskrivning: Hvis navn og nummer p\u00e5 billedet er pr\u00e6cis det, du \u00f8nsker, beh\u00f8ver du ikke at indtaste dem igen. Hvis ikke, skal du indtaste det \u00f8nskede navn og nummer.<\/p>\n<p>Tips til vask: Det anbefales at vaske fodboldtr\u00f8jer i h\u00e5nden. Hvis du vil bruge vaskemaskinen, skal du huske at vende vrangen ud p\u00e5 fodboldtr\u00f8jerne og derefter vaske dem. Fyld maskinen med koldt vand, og brug et sk\u00e5neprogram for bedre at beskytte farverne.<\/p>","protected":false},"excerpt":{"rendered":"<p>Get a bold new look and showcase your support for The Galaxy with this 2021 Away Shirt from adidas which benefits from being developed with Aeroready technology which absorbs moisture and dries quickly for optimal comfort. The jersey\u2019s striped design pays tribute to the city where nothing is given and you have to earn your [&hellip;]<\/p>","protected":false},"featured_media":3939,"comment_status":"open","ping_status":"closed","template":"","meta":[],"product_brand":[],"product_cat":[182],"product_tag":[20,21,22,23,24,183,184],"class_list":{"0":"post-3898","1":"product","2":"type-product","3":"status-publish","4":"has-post-thumbnail","6":"product_cat-la-galaxy","7":"product_tag-coole-fussballtrikots","8":"product_tag-fussballtrikot-fuer-herren","9":"product_tag-fussballtrikot-guenstig-kaufen","10":"product_tag-fussballtrikot-kurzarm","11":"product_tag-guenstiges-fussballtrikot","12":"product_tag-la-galaxy-away-shirt","13":"product_tag-la-galaxy-trikots","15":"first","16":"instock","17":"shipping-taxable","18":"purchasable","19":"product-type-variable"},"_links":{"self":[{"href":"https:\/\/www.billigtrikotde.com\/da\/wp-json\/wp\/v2\/product\/3898","targetHints":{"allow":["GET"]}}],"collection":[{"href":"https:\/\/www.billigtrikotde.com\/da\/wp-json\/wp\/v2\/product"}],"about":[{"href":"https:\/\/www.billigtrikotde.com\/da\/wp-json\/wp\/v2\/types\/product"}],"replies":[{"embeddable":true,"href":"https:\/\/www.billigtrikotde.com\/da\/wp-json\/wp\/v2\/comments?post=3898"}],"wp:featuredmedia":[{"embeddable":true,"href":"https:\/\/www.billigtrikotde.com\/da\/wp-json\/wp\/v2\/media\/3939"}],"wp:attachment":[{"href":"https:\/\/www.billigtrikotde.com\/da\/wp-json\/wp\/v2\/media?parent=3898"}],"wp:term":[{"taxonomy":"product_brand","embeddable":true,"href":"https:\/\/www.billigtrikotde.com\/da\/wp-json\/wp\/v2\/product_brand?post=3898"},{"taxonomy":"product_cat","embeddable":true,"href":"https:\/\/www.billigtrikotde.com\/da\/wp-json\/wp\/v2\/product_cat?post=3898"},{"taxonomy":"product_tag","embeddable":true,"href":"https:\/\/www.billigtrikotde.com\/da\/wp-json\/wp\/v2\/product_tag?post=3898"}],"curies":[{"name":"wp","href":"https:\/\/api.w.org\/{rel}","templated":true}]}}