{"id":3884,"date":"2024-10-23T15:23:18","date_gmt":"2024-10-23T13:23:18","guid":{"rendered":"http:\/\/billigtrikots.com\/?post_type=product&#038;p=3884"},"modified":"2024-10-23T15:25:30","modified_gmt":"2024-10-23T13:25:30","slug":"orlando-city-2021-22-home-thick-n-thin-kit-purple-gradient-design","status":"publish","type":"product","link":"https:\/\/www.billigtrikotde.com\/da\/vare\/orlando-city-2021-22-home-thick-n-thin-kit-purple-gradient-design\/","title":{"rendered":"Orlando City 2021\/22 Home \"Thick N Thin\" Kit Purple Gradient Design"},"content":{"rendered":"<p>Orlando City 2021-hjemmetr\u00f8jen har en farvegradient, der kombinerer to nuancer af lilla - den er m\u00f8rkere i toppen og lysere og mere m\u00e6ttet i bunden.<\/p>\n<p>Med hensyn til skabelonen har Orlando City 2021-tr\u00f8jen den samme krave som Portland Timbers' hjemmebanetr\u00f8je.<\/p>\n<p>Vi vil gerne have, at fans fejrer deres fandom ved at tilpasse og personligg\u00f8re visse produkter. For disse produkter, der kan tilpasses, herunder tr\u00f8jer, beder vi kunderne om at fort\u00e6lle os, hvordan de gerne vil have deres foretrukne navn eller anden tekst til at fremst\u00e5 ved at indtaste denne tekst i det angivne felt. Men bare fordi en kunde kan indtaste foresl\u00e5et tilpasningstekst i feltet og gennemf\u00f8re ordren via hjemmesiden, er det ikke al foresl\u00e5et tilpasningstekst, der vil blive accepteret. Bem\u00e6rk, at Fanatics kan afvise og annullere enhver tilpasset ordre uanset \u00e5rsag, herunder beskeder, der anses for at v\u00e6re st\u00f8dende eller upassende. Du er en stor fan af Orlando City SC, og n\u00e5r de er p\u00e5 banen, er du t\u00e6ndt. S\u00f8rg for, at du er ordentligt kl\u00e6dt p\u00e5 ved at f\u00e5 fat i denne 2021 Thick N Thin custom jersey! Det er sp\u00e6ndende at v\u00e6re en trofast Orlando City SC-fan, og du vil v\u00e6re den bedste i denne adidas-tr\u00f8je med skarp holdgrafik og innovativ teknologi til at heppe dit hold frem til en sejr.<\/p>","protected":false},"excerpt":{"rendered":"<p>Das Orlando City 2021 Heimtrikot weist einen Farbverlauf auf, der zwei Lilat\u00f6ne kombiniert \u2013 es ist oben dunkler und im unteren Teil heller und ges\u00e4ttigter. In Bezug auf das Template hat das Orlando City 2021 Trikot den gleichen Kragen wie das Portland Timbers Heimtrikot. Wir m\u00f6chten, dass Fans ihr Fandom feiern, indem sie bestimmte Produkte [&hellip;]<\/p>","protected":false},"featured_media":3925,"comment_status":"open","ping_status":"closed","template":"","meta":[],"product_brand":[],"product_cat":[179],"product_tag":[20,21,22,23,24,180,181],"class_list":{"0":"post-3884","1":"product","2":"type-product","3":"status-publish","4":"has-post-thumbnail","6":"product_cat-orlando-city-sc","7":"product_tag-coole-fussballtrikots","8":"product_tag-fussballtrikot-fuer-herren","9":"product_tag-fussballtrikot-guenstig-kaufen","10":"product_tag-fussballtrikot-kurzarm","11":"product_tag-guenstiges-fussballtrikot","12":"product_tag-orlando-city-heimtrikot","13":"product_tag-orlando-city-trikots","15":"first","16":"instock","17":"shipping-taxable","18":"purchasable","19":"product-type-variable"},"_links":{"self":[{"href":"https:\/\/www.billigtrikotde.com\/da\/wp-json\/wp\/v2\/product\/3884","targetHints":{"allow":["GET"]}}],"collection":[{"href":"https:\/\/www.billigtrikotde.com\/da\/wp-json\/wp\/v2\/product"}],"about":[{"href":"https:\/\/www.billigtrikotde.com\/da\/wp-json\/wp\/v2\/types\/product"}],"replies":[{"embeddable":true,"href":"https:\/\/www.billigtrikotde.com\/da\/wp-json\/wp\/v2\/comments?post=3884"}],"wp:featuredmedia":[{"embeddable":true,"href":"https:\/\/www.billigtrikotde.com\/da\/wp-json\/wp\/v2\/media\/3925"}],"wp:attachment":[{"href":"https:\/\/www.billigtrikotde.com\/da\/wp-json\/wp\/v2\/media?parent=3884"}],"wp:term":[{"taxonomy":"product_brand","embeddable":true,"href":"https:\/\/www.billigtrikotde.com\/da\/wp-json\/wp\/v2\/product_brand?post=3884"},{"taxonomy":"product_cat","embeddable":true,"href":"https:\/\/www.billigtrikotde.com\/da\/wp-json\/wp\/v2\/product_cat?post=3884"},{"taxonomy":"product_tag","embeddable":true,"href":"https:\/\/www.billigtrikotde.com\/da\/wp-json\/wp\/v2\/product_tag?post=3884"}],"curies":[{"name":"wp","href":"https:\/\/api.w.org\/{rel}","templated":true}]}}