{"id":3870,"date":"2024-10-23T15:22:41","date_gmt":"2024-10-23T13:22:41","guid":{"rendered":"http:\/\/billigtrikots.com\/?post_type=product&#038;p=3870"},"modified":"2024-10-23T15:24:54","modified_gmt":"2024-10-23T13:24:54","slug":"orlando-city-sc-jansson-6-purple-2021-thick-n-thin-player-jersey","status":"publish","type":"product","link":"https:\/\/www.billigtrikotde.com\/da\/vare\/orlando-city-sc-jansson-6-purple-2021-thick-n-thin-player-jersey\/","title":{"rendered":"Orlando City SC JANSSON 6 Purple 2021 Thick N Thin Player Jersey"},"content":{"rendered":"<p>Du er en stor Orlando City SC-fan, og n\u00e5r de er p\u00e5 banen, er du tunet ind. S\u00f8rg for, at du er kl\u00e6dt ordentligt p\u00e5 ved at f\u00e5 fat i denne Nani 2021 Thick N Thin Player Jersey! Det er sp\u00e6ndende at v\u00e6re en hengiven Orlando City SC-fan, og du vil v\u00e6re den st\u00f8rste i denne adidas-tr\u00f8je, der har skarp holdgrafik med innovativ teknologi, der holder dig komfortabel, mens du hepper dit hold til sejr.<\/p>\n<p>Vi vil gerne have, at fans fejrer deres fandom ved at tilpasse og personligg\u00f8re visse produkter. For disse produkter, der kan tilpasses, herunder tr\u00f8jer, opfordrer vi kunderne til at fort\u00e6lle os, hvordan de \u00f8nsker, at deres foretrukne navn eller anden tekst skal vises, ved at skrive denne tekst i det angivne felt. Men bare fordi en kunde er i stand til at skrive foresl\u00e5et tilpasningstekst i feltet og er i stand til at gennemf\u00f8re ordren via hjemmesiden, vil ikke al foresl\u00e5et tilpasningstekst blive accepteret. Bem\u00e6rk, at Fanatics kan afvise og annullere enhver tilpasningsordre uanset \u00e5rsag, herunder for meddelelser, der anses for st\u00f8dende eller upassende.Du er en stor Orlando City SC-fan, og n\u00e5r de er p\u00e5 banen, er du tunet ind. S\u00f8rg for, at du er kl\u00e6dt ordentligt p\u00e5 ved at f\u00e5 fat i denne 2021 Thick N Thin Custom Jersey! Det er sp\u00e6ndende at v\u00e6re en trofast Orlando City SC-fan, og du vil v\u00e6re den st\u00f8rste i denne adidas-tr\u00f8je med skarp holdgrafik og innovativ teknologi, der holder dig komfortabel, mens du hepper dit hold frem til en sejr.<\/p>","protected":false},"excerpt":{"rendered":"<p>You\u2019re a huge Orlando City SC fan, and whenever they\u2019re on the pitch, you\u2019re tuned in. Be sure you\u2019re outfitted properly by grabbing this Nani 2021 Thick N Thin Player Jersey! It\u2019s exciting being a devout Orlando City SC fan and you\u2019ll be the biggest one around in this adidas jersey, featuring crisp team graphics [&hellip;]<\/p>","protected":false},"featured_media":3912,"comment_status":"open","ping_status":"closed","template":"","meta":[],"product_brand":[],"product_cat":[179],"product_tag":[20,21,22,23,24,180,181],"class_list":{"0":"post-3870","1":"product","2":"type-product","3":"status-publish","4":"has-post-thumbnail","6":"product_cat-orlando-city-sc","7":"product_tag-coole-fussballtrikots","8":"product_tag-fussballtrikot-fuer-herren","9":"product_tag-fussballtrikot-guenstig-kaufen","10":"product_tag-fussballtrikot-kurzarm","11":"product_tag-guenstiges-fussballtrikot","12":"product_tag-orlando-city-heimtrikot","13":"product_tag-orlando-city-trikots","15":"first","16":"instock","17":"shipping-taxable","18":"purchasable","19":"product-type-variable"},"_links":{"self":[{"href":"https:\/\/www.billigtrikotde.com\/da\/wp-json\/wp\/v2\/product\/3870","targetHints":{"allow":["GET"]}}],"collection":[{"href":"https:\/\/www.billigtrikotde.com\/da\/wp-json\/wp\/v2\/product"}],"about":[{"href":"https:\/\/www.billigtrikotde.com\/da\/wp-json\/wp\/v2\/types\/product"}],"replies":[{"embeddable":true,"href":"https:\/\/www.billigtrikotde.com\/da\/wp-json\/wp\/v2\/comments?post=3870"}],"wp:featuredmedia":[{"embeddable":true,"href":"https:\/\/www.billigtrikotde.com\/da\/wp-json\/wp\/v2\/media\/3912"}],"wp:attachment":[{"href":"https:\/\/www.billigtrikotde.com\/da\/wp-json\/wp\/v2\/media?parent=3870"}],"wp:term":[{"taxonomy":"product_brand","embeddable":true,"href":"https:\/\/www.billigtrikotde.com\/da\/wp-json\/wp\/v2\/product_brand?post=3870"},{"taxonomy":"product_cat","embeddable":true,"href":"https:\/\/www.billigtrikotde.com\/da\/wp-json\/wp\/v2\/product_cat?post=3870"},{"taxonomy":"product_tag","embeddable":true,"href":"https:\/\/www.billigtrikotde.com\/da\/wp-json\/wp\/v2\/product_tag?post=3870"}],"curies":[{"name":"wp","href":"https:\/\/api.w.org\/{rel}","templated":true}]}}