{"id":383,"date":"2024-10-23T12:16:32","date_gmt":"2024-10-23T10:16:32","guid":{"rendered":"http:\/\/billigtrikots.com\/?post_type=product&#038;p=383"},"modified":"2024-10-23T12:48:56","modified_gmt":"2024-10-23T10:48:56","slug":"fc-barcelona-21-22-herren-heimtrikot-blau-rot-mit-cruyff-14-individualdruck-gelb","status":"publish","type":"product","link":"https:\/\/www.billigtrikotde.com\/da\/vare\/fc-barcelona-21-22-herren-heimtrikot-blau-rot-mit-cruyff-14-individualdruck-gelb\/","title":{"rendered":"FC Barcelona 21\/22 Hjemmebanetr\u00f8je til m\u00e6nd bl\u00e5\/r\u00f8d med CRUYFF 14 individuelt tryk gul"},"content":{"rendered":"<p>Her kommer Nike FC Barcelona Herre Hjemme Tr\u00f8je 2021\/22 og med den et klassisk design i nyt look. Grib fat i den med det samme og f\u00e5 fat i tr\u00f8jen, der g\u00f8r det muligt for dig at komme dine idoler helt t\u00e6t p\u00e5!<\/p>\n<p>Med den nye tr\u00f8je i originalt look af dine helte Messi, Su\u00e1rez, Demb\u00e9l\u00e9 og Co, hylder du din yndlingshold fuldt ud. Tr\u00f8jen vises i de traditionelle hjemmefarver med officielle klubdetaljer. S\u00e5 viser du med det samme, hvilket hold dit hjerte banker for. Naturligvis m\u00e5 den legendariske Nike Swoosh heller ikke mangle, som i en passende kontrastfarve giver et ekstra blikfang.<\/p>\n<p>Men ikke kun designet scorer point p\u00e5 alle fronter. Den normale pasform er lidt bredere end spillertr\u00f8jen. S\u00e5 giver Stadium Jersey dig den bedste komfort, samt fuld bev\u00e6gelsesfrihed for altid at kunne pr\u00e6stere optimalt. Den svedtransporterende Dri-Fit kvalitet giver dig ogs\u00e5 en f\u00f8rsteklasses komfort og holder dig t\u00f8r i turbulente situationer \u2013 uanset om det er til fansens jubel eller under din egen tr\u00e6ning.<\/p>\n<p>S\u00e5 vent ikke l\u00e6ngere og bestil med det samme! Nike FC Barcelona Herre Hjemme Tr\u00f8je 2021\/22 b\u00f8r du som \u00e6gte fan absolut ikke g\u00e5 glip af! Med den viser du altid din anerkendelse og stolthed for dit hold!<\/p>\n<p>Tips til udskrivning: Hvis navn og nummer p\u00e5 billedet er pr\u00e6cis det, du \u00f8nsker, beh\u00f8ver du ikke at indtaste dem igen. Hvis ikke, skal du indtaste det \u00f8nskede navn og nummer.<\/p>\n<p>Tips til vask: Det anbefales at vaske fodboldtr\u00f8jer i h\u00e5nden. Hvis du vil bruge vaskemaskinen, skal du huske at vende vrangen ud p\u00e5 fodboldtr\u00f8jerne og derefter vaske dem. Fyld maskinen med koldt vand, og brug et sk\u00e5neprogram for bedre at beskytte farverne.<\/p>","protected":false},"excerpt":{"rendered":"<p>Hier kommt das Nike FC Barcelona Herren Heim Trikot 2021\/22 und mit ihm ein klassisches Design im neuen Look. Greif gleich zu und hol dir das Trikot, das dich deinen Idolen ganz nah sein l\u00e4sst! Mit dem neuen Trikot im Original Look deiner Helden Messi, Su\u00e1rez, Demb\u00e9l\u00e9 und Co, zollst du deiner Lieblingself vollen Tribut. [&hellip;]<\/p>","protected":false},"featured_media":419,"comment_status":"open","ping_status":"closed","template":"","meta":[],"product_brand":[],"product_cat":[31],"product_tag":[32,20,33,21,22,23,24],"class_list":{"0":"post-383","1":"product","2":"type-product","3":"status-publish","4":"has-post-thumbnail","6":"product_cat-fc-barcelona","7":"product_tag-barcelona-heimtrikot","8":"product_tag-coole-fussballtrikots","9":"product_tag-fc-barcelona-trikots","10":"product_tag-fussballtrikot-fuer-herren","11":"product_tag-fussballtrikot-guenstig-kaufen","12":"product_tag-fussballtrikot-kurzarm","13":"product_tag-guenstiges-fussballtrikot","15":"first","16":"instock","17":"shipping-taxable","18":"purchasable","19":"product-type-variable"},"_links":{"self":[{"href":"https:\/\/www.billigtrikotde.com\/da\/wp-json\/wp\/v2\/product\/383","targetHints":{"allow":["GET"]}}],"collection":[{"href":"https:\/\/www.billigtrikotde.com\/da\/wp-json\/wp\/v2\/product"}],"about":[{"href":"https:\/\/www.billigtrikotde.com\/da\/wp-json\/wp\/v2\/types\/product"}],"replies":[{"embeddable":true,"href":"https:\/\/www.billigtrikotde.com\/da\/wp-json\/wp\/v2\/comments?post=383"}],"wp:featuredmedia":[{"embeddable":true,"href":"https:\/\/www.billigtrikotde.com\/da\/wp-json\/wp\/v2\/media\/419"}],"wp:attachment":[{"href":"https:\/\/www.billigtrikotde.com\/da\/wp-json\/wp\/v2\/media?parent=383"}],"wp:term":[{"taxonomy":"product_brand","embeddable":true,"href":"https:\/\/www.billigtrikotde.com\/da\/wp-json\/wp\/v2\/product_brand?post=383"},{"taxonomy":"product_cat","embeddable":true,"href":"https:\/\/www.billigtrikotde.com\/da\/wp-json\/wp\/v2\/product_cat?post=383"},{"taxonomy":"product_tag","embeddable":true,"href":"https:\/\/www.billigtrikotde.com\/da\/wp-json\/wp\/v2\/product_tag?post=383"}],"curies":[{"name":"wp","href":"https:\/\/api.w.org\/{rel}","templated":true}]}}