{"id":3752,"date":"2024-10-23T15:17:08","date_gmt":"2024-10-23T13:17:08","guid":{"rendered":"http:\/\/billigtrikots.com\/?post_type=product&#038;p=3752"},"modified":"2024-10-23T15:19:15","modified_gmt":"2024-10-23T13:19:15","slug":"shaqiri-23-liverpool-fc-ausweichtrikot-2021-22-gelb-rot-fussball-trikotsatz","status":"publish","type":"product","link":"https:\/\/www.billigtrikotde.com\/da\/vare\/shaqiri-23-liverpool-fc-ausweichtrikot-2021-22-gelb-rot-fussball-trikotsatz\/","title":{"rendered":"SHAQIRI 23 Liverpool FC udebanes\u00e6t 2021\/22 gul-r\u00f8d fodboldtr\u00f8je"},"content":{"rendered":"<p>Repr\u00e6senter dit hold i Liverpools udebanetr\u00f8je. Det meget \u00e5ndbare materiale leder sveden v\u00e6k fra huden og holder dig k\u00f8lig og komfortabel, uanset om du er p\u00e5 banen eller p\u00e5 tribunen.<\/p>\n<p>T\u00f8r b\u00e6rekomfort<\/p>\n<p>Nike Dri-FIT-teknologien leder sveden v\u00e6k fra huden, s\u00e5 den hurtigt fordamper og holder dig t\u00f8r og veltilpas.<\/p>\n<p>K\u00f8lig b\u00e6rekomfort<\/p>\n<p>Nike Breathe-materialet er s\u00e6rligt \u00e5ndbart og holder dig k\u00f8lig.<\/p>\n<p>Tips til udskrivning: Hvis navn og nummer p\u00e5 billedet er pr\u00e6cis det, du \u00f8nsker, beh\u00f8ver du ikke at indtaste dem igen. Hvis ikke, skal du indtaste det \u00f8nskede navn og nummer.<\/p>\n<p>Tips til vask: Det anbefales at vaske fodboldtr\u00f8jer i h\u00e5nden. Hvis du vil bruge vaskemaskinen, skal du huske at vende vrangen ud p\u00e5 fodboldtr\u00f8jerne og derefter vaske dem. Fyld maskinen med koldt vand, og brug et sk\u00e5neprogram for bedre at beskytte farverne.<\/p>","protected":false},"excerpt":{"rendered":"<p>Representer dit hold i Liverpool-udskiftningstr\u00f8jen. Det yderst \u00e5ndbare materiale leder svedet fra huden og giver dermed k\u00f8lende b\u00e6rekomfort \u2014 ligegyldigt om du er p\u00e5 banen eller p\u00e5 tribunen. T\u00f8r b\u00e6rekomfort Nike Dri-FIT-teknologien leder svedet v\u00e6k fra huden, s\u00e5 det fordamper hurtigt, og dermed giver t\u00f8r b\u00e6rekomfort. K\u00f8ligere b\u00e6rekomfort Det [\u2026]<\/p>","protected":false},"featured_media":3792,"comment_status":"open","ping_status":"closed","template":"","meta":[],"product_brand":[],"product_cat":[176],"product_tag":[20,21,22,23,24,177,153],"class_list":{"0":"post-3752","1":"product","2":"type-product","3":"status-publish","4":"has-post-thumbnail","6":"product_cat-liverpool-fc","7":"product_tag-coole-fussballtrikots","8":"product_tag-fussballtrikot-fuer-herren","9":"product_tag-fussballtrikot-guenstig-kaufen","10":"product_tag-fussballtrikot-kurzarm","11":"product_tag-guenstiges-fussballtrikot","12":"product_tag-liverpool-ausweichtrikot","13":"product_tag-liverpool-trikots","15":"first","16":"instock","17":"shipping-taxable","18":"purchasable","19":"product-type-variable"},"_links":{"self":[{"href":"https:\/\/www.billigtrikotde.com\/da\/wp-json\/wp\/v2\/product\/3752","targetHints":{"allow":["GET"]}}],"collection":[{"href":"https:\/\/www.billigtrikotde.com\/da\/wp-json\/wp\/v2\/product"}],"about":[{"href":"https:\/\/www.billigtrikotde.com\/da\/wp-json\/wp\/v2\/types\/product"}],"replies":[{"embeddable":true,"href":"https:\/\/www.billigtrikotde.com\/da\/wp-json\/wp\/v2\/comments?post=3752"}],"wp:featuredmedia":[{"embeddable":true,"href":"https:\/\/www.billigtrikotde.com\/da\/wp-json\/wp\/v2\/media\/3792"}],"wp:attachment":[{"href":"https:\/\/www.billigtrikotde.com\/da\/wp-json\/wp\/v2\/media?parent=3752"}],"wp:term":[{"taxonomy":"product_brand","embeddable":true,"href":"https:\/\/www.billigtrikotde.com\/da\/wp-json\/wp\/v2\/product_brand?post=3752"},{"taxonomy":"product_cat","embeddable":true,"href":"https:\/\/www.billigtrikotde.com\/da\/wp-json\/wp\/v2\/product_cat?post=3752"},{"taxonomy":"product_tag","embeddable":true,"href":"https:\/\/www.billigtrikotde.com\/da\/wp-json\/wp\/v2\/product_tag?post=3752"}],"curies":[{"name":"wp","href":"https:\/\/api.w.org\/{rel}","templated":true}]}}