{"id":3676,"date":"2024-10-23T15:13:47","date_gmt":"2024-10-23T13:13:47","guid":{"rendered":"http:\/\/billigtrikots.com\/?post_type=product&#038;p=3676"},"modified":"2024-10-23T15:15:53","modified_gmt":"2024-10-23T13:15:53","slug":"personalisierbar-fc-liverpool-auswaertstrikot-2021-22-beige-mit-aufdruck-virgil-4","status":"publish","type":"product","link":"https:\/\/www.billigtrikotde.com\/da\/vare\/personalisierbar-fc-liverpool-auswaertstrikot-2021-22-beige-mit-aufdruck-virgil-4\/","title":{"rendered":"Liverpool FC udebanes\u00e6t 2021\/22 beige med tryk VIRGIL 4, der kan tilpasses"},"content":{"rendered":"<p>Her kommer Nike-tr\u00f8jen i r\u00f8d, som hj\u00e6lper dig med at st\u00f8tte din yndlingsklub i enhver situation og vise, hvad dit hjerte banker for. Enhver \u00e6gte Liverpool FC-tilh\u00e6nger har brug for denne udebanetr\u00f8je, fordi spillerne ogs\u00e5 b\u00e6rer den i Premier League. Den lette, svedtransporterende, \u00e5ndbare og superkomfortable model er en vinder over hele linjen. Den skiller sig visuelt ud med et klubv\u00e5ben p\u00e5 brystet. Med denne tr\u00f8je kan du pr\u00e6stere endnu bedre og forberede dig p\u00e5 den n\u00e6ste kamp.<\/p>\n<p>Tips til udskrivning: Hvis navn og nummer p\u00e5 billedet er pr\u00e6cis det, du \u00f8nsker, beh\u00f8ver du ikke at indtaste dem igen. Hvis ikke, skal du indtaste det \u00f8nskede navn og nummer.<\/p>\n<p>Tips til vask: Det anbefales at vaske fodboldtr\u00f8jer i h\u00e5nden. Hvis du vil bruge vaskemaskinen, skal du huske at vende vrangen ud p\u00e5 fodboldtr\u00f8jerne og derefter vaske dem. Fyld maskinen med koldt vand, og brug et sk\u00e5neprogram for bedre at beskytte farverne.<\/p>","protected":false},"excerpt":{"rendered":"<p>Hier kommt das Nike Shirt in Rot, das dir hilft, deinen Lieblingsverein in jeder Lage zu unterst\u00fctzen und zu zeigen, wof\u00fcr dein Herz schl\u00e4gt. Jeder waschechte FC Liverpool-Supporter ben\u00f6tigt dieses Ausw\u00e4rts-Shirt, denn auch die Spieler tragen es in der Premier League. Das leichte, schwei\u00dfableitende, atmungsaktive und super bequeme Modell \u00fcberzeugt auf ganzer Linie. Es besticht [&hellip;]<\/p>","protected":false},"featured_media":3710,"comment_status":"open","ping_status":"closed","template":"","meta":[],"product_brand":[],"product_cat":[176],"product_tag":[20,21,22,23,24,156,153],"class_list":{"0":"post-3676","1":"product","2":"type-product","3":"status-publish","4":"has-post-thumbnail","6":"product_cat-liverpool-fc","7":"product_tag-coole-fussballtrikots","8":"product_tag-fussballtrikot-fuer-herren","9":"product_tag-fussballtrikot-guenstig-kaufen","10":"product_tag-fussballtrikot-kurzarm","11":"product_tag-guenstiges-fussballtrikot","12":"product_tag-liverpool-auswaertstrikot","13":"product_tag-liverpool-trikots","15":"first","16":"instock","17":"shipping-taxable","18":"purchasable","19":"product-type-variable"},"_links":{"self":[{"href":"https:\/\/www.billigtrikotde.com\/da\/wp-json\/wp\/v2\/product\/3676","targetHints":{"allow":["GET"]}}],"collection":[{"href":"https:\/\/www.billigtrikotde.com\/da\/wp-json\/wp\/v2\/product"}],"about":[{"href":"https:\/\/www.billigtrikotde.com\/da\/wp-json\/wp\/v2\/types\/product"}],"replies":[{"embeddable":true,"href":"https:\/\/www.billigtrikotde.com\/da\/wp-json\/wp\/v2\/comments?post=3676"}],"wp:featuredmedia":[{"embeddable":true,"href":"https:\/\/www.billigtrikotde.com\/da\/wp-json\/wp\/v2\/media\/3710"}],"wp:attachment":[{"href":"https:\/\/www.billigtrikotde.com\/da\/wp-json\/wp\/v2\/media?parent=3676"}],"wp:term":[{"taxonomy":"product_brand","embeddable":true,"href":"https:\/\/www.billigtrikotde.com\/da\/wp-json\/wp\/v2\/product_brand?post=3676"},{"taxonomy":"product_cat","embeddable":true,"href":"https:\/\/www.billigtrikotde.com\/da\/wp-json\/wp\/v2\/product_cat?post=3676"},{"taxonomy":"product_tag","embeddable":true,"href":"https:\/\/www.billigtrikotde.com\/da\/wp-json\/wp\/v2\/product_tag?post=3676"}],"curies":[{"name":"wp","href":"https:\/\/api.w.org\/{rel}","templated":true}]}}