{"id":3665,"date":"2024-10-23T15:13:13","date_gmt":"2024-10-23T13:13:13","guid":{"rendered":"http:\/\/billigtrikots.com\/?post_type=product&#038;p=3665"},"modified":"2024-10-23T15:15:20","modified_gmt":"2024-10-23T13:15:20","slug":"personalisierbar-trikotsatz-fc-liverpool-torwarttrikot-2021-2022-gelb","status":"publish","type":"product","link":"https:\/\/www.billigtrikotde.com\/da\/vare\/personalisierbar-trikotsatz-fc-liverpool-torwarttrikot-2021-2022-gelb\/","title":{"rendered":"Liverpool FC-m\u00e5lmandss\u00e6t 2021\/2022, der kan tilpasses, gult"},"content":{"rendered":"<p>Den lette model i gult hj\u00e6lper dig med at st\u00f8tte dit hold optimalt i n\u00e6ste kamp. Nike udgiver med m\u00e5lm\u00e6ndstr\u00f8jen et absolut unikt produkt. I ingen fansamling m\u00e5 denne FC Liverpool-m\u00e5lm\u00e6ndstr\u00f8je mangle. Den lette, komfortable, \u00e5ndbare og svedafledende funktion f\u00e5r den til at overbevise. Den pryder sig visuelt med et klubm\u00e6rke p\u00e5 brystet. Denne sportstshirt er perfekt til din tr\u00e6ning og kamp og m\u00e5 ikke mles i sportstasken. Lad denne gule sportstshirt med ternet m\u00f8nster blive din trofaste f\u00f8lgesvend.<\/p>\n<p>Tips til udskrivning: Hvis navn og nummer p\u00e5 billedet er pr\u00e6cis det, du \u00f8nsker, beh\u00f8ver du ikke at indtaste dem igen. Hvis ikke, skal du indtaste det \u00f8nskede navn og nummer.<\/p>\n<p>Tips til vask: Det anbefales at vaske fodboldtr\u00f8jer i h\u00e5nden. Hvis du vil bruge vaskemaskinen, skal du huske at vende vrangen ud p\u00e5 fodboldtr\u00f8jerne og derefter vaske dem. Fyld maskinen med koldt vand, og brug et sk\u00e5neprogram for bedre at beskytte farverne.<\/p>","protected":false},"excerpt":{"rendered":"<p>Das leichte Modell in Gelb hilft dir, dein Team beim n\u00e4chsten Spiel bestens zu unterst\u00fctzen. Nike ver\u00f6ffentlicht mit dem Torh\u00fcter-Trikot ein absolut einmaliges Produkt. In keiner Fan-Kollektion darf dieses FC Liverpool-Torh\u00fcter-Trikot fehlen. Die leichte, bequeme, atmungsaktive und schwei\u00dfableitende Funktionsweise l\u00e4sst es \u00fcberzeugen. Es besticht optisch mit einem Vereinswappen auf der Brust. Dieses Sportshirt ist optimal [&hellip;]<\/p>","protected":false},"featured_media":3708,"comment_status":"open","ping_status":"closed","template":"","meta":[],"product_brand":[],"product_cat":[176],"product_tag":[20,35,21,23,24,155],"class_list":{"0":"post-3665","1":"product","2":"type-product","3":"status-publish","4":"has-post-thumbnail","6":"product_cat-liverpool-fc","7":"product_tag-coole-fussballtrikots","8":"product_tag-fussball-torwarttrikots","9":"product_tag-fussballtrikot-fuer-herren","10":"product_tag-fussballtrikot-kurzarm","11":"product_tag-guenstiges-fussballtrikot","12":"product_tag-liverpool-torwarttrikot","14":"first","15":"instock","16":"shipping-taxable","17":"purchasable","18":"product-type-variable"},"_links":{"self":[{"href":"https:\/\/www.billigtrikotde.com\/da\/wp-json\/wp\/v2\/product\/3665","targetHints":{"allow":["GET"]}}],"collection":[{"href":"https:\/\/www.billigtrikotde.com\/da\/wp-json\/wp\/v2\/product"}],"about":[{"href":"https:\/\/www.billigtrikotde.com\/da\/wp-json\/wp\/v2\/types\/product"}],"replies":[{"embeddable":true,"href":"https:\/\/www.billigtrikotde.com\/da\/wp-json\/wp\/v2\/comments?post=3665"}],"wp:featuredmedia":[{"embeddable":true,"href":"https:\/\/www.billigtrikotde.com\/da\/wp-json\/wp\/v2\/media\/3708"}],"wp:attachment":[{"href":"https:\/\/www.billigtrikotde.com\/da\/wp-json\/wp\/v2\/media?parent=3665"}],"wp:term":[{"taxonomy":"product_brand","embeddable":true,"href":"https:\/\/www.billigtrikotde.com\/da\/wp-json\/wp\/v2\/product_brand?post=3665"},{"taxonomy":"product_cat","embeddable":true,"href":"https:\/\/www.billigtrikotde.com\/da\/wp-json\/wp\/v2\/product_cat?post=3665"},{"taxonomy":"product_tag","embeddable":true,"href":"https:\/\/www.billigtrikotde.com\/da\/wp-json\/wp\/v2\/product_tag?post=3665"}],"curies":[{"name":"wp","href":"https:\/\/api.w.org\/{rel}","templated":true}]}}