{"id":3663,"date":"2024-10-23T15:13:12","date_gmt":"2024-10-23T13:13:12","guid":{"rendered":"http:\/\/billigtrikots.com\/?post_type=product&#038;p=3663"},"modified":"2024-10-23T15:15:20","modified_gmt":"2024-10-23T13:15:20","slug":"fc-liverpool-herren-fussball-torwarttrikot-2021-2022-gruen-kurzarm-kurze-hosen","status":"publish","type":"product","link":"https:\/\/www.billigtrikotde.com\/da\/vare\/fc-liverpool-herren-fussball-torwarttrikot-2021-2022-gruen-kurzarm-kurze-hosen\/","title":{"rendered":"Liverpool FC fodboldm\u00e5lmandss\u00e6t til m\u00e6nd 2021\/2022 gr\u00f8n kort\u00e6rmet + shorts"},"content":{"rendered":"<p>Med den behagelige model i gr\u00f8n viser du din betingelsesl\u00f8se k\u00e6rlighed til din klub. Nike udgiver med m\u00e5lm\u00e6ndstr\u00f8jen et virkelig enest\u00e5ende produkt. Meget mere st\u00f8tte kan man ikke f\u00e5! Med denne FC Liverpool-m\u00e5lmandstr\u00f8je udvider du din fansamling. Den svedafvisende, \u00e5ndbare, lette og behagelige funktionalitet f\u00e5r den til at overbevise. Med denne tr\u00f8je er du forberedt til den n\u00e6ste enhed. Dette er en m\u00e5lmandstr\u00f8je, der gennem klubbens varem\u00e6rke p\u00e5 brystet kan sl\u00e5 til. Vent ikke l\u00e6ngere med denne gr\u00f8nne m\u00e5lmandstr\u00f8je med ternem\u00f8nster!<\/p>\n<p>Tips til udskrivning: Hvis navn og nummer p\u00e5 billedet er pr\u00e6cis det, du \u00f8nsker, beh\u00f8ver du ikke at indtaste dem igen. Hvis ikke, skal du indtaste det \u00f8nskede navn og nummer.<\/p>\n<p>Tips til vask: Det anbefales at vaske fodboldtr\u00f8jer i h\u00e5nden. Hvis du vil bruge vaskemaskinen, skal du huske at vende vrangen ud p\u00e5 fodboldtr\u00f8jerne og derefter vaske dem. Fyld maskinen med koldt vand, og brug et sk\u00e5neprogram for bedre at beskytte farverne.<\/p>","protected":false},"excerpt":{"rendered":"<p>Mit dem bequemen Modell in Gr\u00fcn zeigst du deine bedingungslose Liebe zu deinem Verein. Nike ver\u00f6ffentlicht mit dem Torh\u00fcter-Trikot ein wirklich einmaliges Produkt. Mehr Unterst\u00fctzung geht kaum! Mit diesem FC Liverpool-Torh\u00fcter-Trikot erweiterst du deine Fan-Sammlung. Die schwei\u00dfableitende, atmungsaktive, leichte und bequeme Funktionsweise l\u00e4sst es \u00fcberzeugen. Mit diesem Trikot bist du f\u00fcr die n\u00e4chste Einheit perfekt [&hellip;]<\/p>","protected":false},"featured_media":3707,"comment_status":"open","ping_status":"closed","template":"","meta":[],"product_brand":[],"product_cat":[176],"product_tag":[20,35,21,23,24,155],"class_list":{"0":"post-3663","1":"product","2":"type-product","3":"status-publish","4":"has-post-thumbnail","6":"product_cat-liverpool-fc","7":"product_tag-coole-fussballtrikots","8":"product_tag-fussball-torwarttrikots","9":"product_tag-fussballtrikot-fuer-herren","10":"product_tag-fussballtrikot-kurzarm","11":"product_tag-guenstiges-fussballtrikot","12":"product_tag-liverpool-torwarttrikot","14":"first","15":"instock","16":"shipping-taxable","17":"purchasable","18":"product-type-variable"},"_links":{"self":[{"href":"https:\/\/www.billigtrikotde.com\/da\/wp-json\/wp\/v2\/product\/3663","targetHints":{"allow":["GET"]}}],"collection":[{"href":"https:\/\/www.billigtrikotde.com\/da\/wp-json\/wp\/v2\/product"}],"about":[{"href":"https:\/\/www.billigtrikotde.com\/da\/wp-json\/wp\/v2\/types\/product"}],"replies":[{"embeddable":true,"href":"https:\/\/www.billigtrikotde.com\/da\/wp-json\/wp\/v2\/comments?post=3663"}],"wp:featuredmedia":[{"embeddable":true,"href":"https:\/\/www.billigtrikotde.com\/da\/wp-json\/wp\/v2\/media\/3707"}],"wp:attachment":[{"href":"https:\/\/www.billigtrikotde.com\/da\/wp-json\/wp\/v2\/media?parent=3663"}],"wp:term":[{"taxonomy":"product_brand","embeddable":true,"href":"https:\/\/www.billigtrikotde.com\/da\/wp-json\/wp\/v2\/product_brand?post=3663"},{"taxonomy":"product_cat","embeddable":true,"href":"https:\/\/www.billigtrikotde.com\/da\/wp-json\/wp\/v2\/product_cat?post=3663"},{"taxonomy":"product_tag","embeddable":true,"href":"https:\/\/www.billigtrikotde.com\/da\/wp-json\/wp\/v2\/product_tag?post=3663"}],"curies":[{"name":"wp","href":"https:\/\/api.w.org\/{rel}","templated":true}]}}