{"id":3653,"date":"2024-10-23T15:12:40","date_gmt":"2024-10-23T13:12:40","guid":{"rendered":"http:\/\/billigtrikots.com\/?post_type=product&#038;p=3653"},"modified":"2024-10-23T15:14:48","modified_gmt":"2024-10-23T13:14:48","slug":"fc-liverpool-2021-2022-orange-goalkeeper-shirt-shorts-with-a-becker-1-printing","status":"publish","type":"product","link":"https:\/\/www.billigtrikotde.com\/da\/vare\/fc-liverpool-2021-2022-orange-goalkeeper-shirt-shorts-with-a-becker-1-printing\/","title":{"rendered":"Liverpool FC 2021\/2022 Orange m\u00e5lmandstr\u00f8je + shorts med A.BECKER 1-tryk"},"content":{"rendered":"<p>For \u00e6gte FC Liverpool-fans en n\u00f8dvendighed: sportsskjorten i originaldesign. Vi anbefaler denne lette, super behagelige, \u00e5ndbare og svedtransporterende model med en behagelig pasform. Den skiller sig ud visuelt med et klubm\u00e6rke p\u00e5 brystet. Med denne tr\u00f8je er du perfekt rustet til enhver tr\u00e6ning og kamp. Lad denne gr\u00e5 sportstop med ternet m\u00f8nster blive din trofaste f\u00f8lgesvend.<\/p>\n<p>Tips til udskrivning: Hvis navn og nummer p\u00e5 billedet er pr\u00e6cis det, du \u00f8nsker, beh\u00f8ver du ikke at indtaste dem igen. Hvis ikke, skal du indtaste det \u00f8nskede navn og nummer.<\/p>\n<p>Tips til vask: Det anbefales at vaske fodboldtr\u00f8jer i h\u00e5nden. Hvis du vil bruge vaskemaskinen, skal du huske at vende vrangen ud p\u00e5 fodboldtr\u00f8jerne og derefter vaske dem. Fyld maskinen med koldt vand, og brug et sk\u00e5neprogram for bedre at beskytte farverne.<\/p>","protected":false},"excerpt":{"rendered":"<p>For \u00e6gte FC Liverpool-fans en n\u00f8dvendighed: sportsskjorten i originaldesign. Vi anbefaler denne lette, super behagelige, \u00e5ndbare og svedtransporterende model med en behagelig pasform. Den skiller sig ud visuelt med et klubm\u00e6rke p\u00e5 brystet. Med denne tr\u00f8je er du perfekt rustet til enhver tr\u00e6ning og kamp. Lad denne gr\u00e5 sportstop med ternet m\u00f8nster blive din trofaste f\u00f8lgesvend.<\/p>","protected":false},"featured_media":3696,"comment_status":"open","ping_status":"closed","template":"","meta":[],"product_brand":[],"product_cat":[176],"product_tag":[20,35,21,23,24,155],"class_list":{"0":"post-3653","1":"product","2":"type-product","3":"status-publish","4":"has-post-thumbnail","6":"product_cat-liverpool-fc","7":"product_tag-coole-fussballtrikots","8":"product_tag-fussball-torwarttrikots","9":"product_tag-fussballtrikot-fuer-herren","10":"product_tag-fussballtrikot-kurzarm","11":"product_tag-guenstiges-fussballtrikot","12":"product_tag-liverpool-torwarttrikot","14":"first","15":"instock","16":"shipping-taxable","17":"purchasable","18":"product-type-variable"},"_links":{"self":[{"href":"https:\/\/www.billigtrikotde.com\/da\/wp-json\/wp\/v2\/product\/3653","targetHints":{"allow":["GET"]}}],"collection":[{"href":"https:\/\/www.billigtrikotde.com\/da\/wp-json\/wp\/v2\/product"}],"about":[{"href":"https:\/\/www.billigtrikotde.com\/da\/wp-json\/wp\/v2\/types\/product"}],"replies":[{"embeddable":true,"href":"https:\/\/www.billigtrikotde.com\/da\/wp-json\/wp\/v2\/comments?post=3653"}],"wp:featuredmedia":[{"embeddable":true,"href":"https:\/\/www.billigtrikotde.com\/da\/wp-json\/wp\/v2\/media\/3696"}],"wp:attachment":[{"href":"https:\/\/www.billigtrikotde.com\/da\/wp-json\/wp\/v2\/media?parent=3653"}],"wp:term":[{"taxonomy":"product_brand","embeddable":true,"href":"https:\/\/www.billigtrikotde.com\/da\/wp-json\/wp\/v2\/product_brand?post=3653"},{"taxonomy":"product_cat","embeddable":true,"href":"https:\/\/www.billigtrikotde.com\/da\/wp-json\/wp\/v2\/product_cat?post=3653"},{"taxonomy":"product_tag","embeddable":true,"href":"https:\/\/www.billigtrikotde.com\/da\/wp-json\/wp\/v2\/product_tag?post=3653"}],"curies":[{"name":"wp","href":"https:\/\/api.w.org\/{rel}","templated":true}]}}