{"id":3637,"date":"2024-10-23T15:12:04","date_gmt":"2024-10-23T13:12:04","guid":{"rendered":"http:\/\/billigtrikots.com\/?post_type=product&#038;p=3637"},"modified":"2024-10-23T15:14:14","modified_gmt":"2024-10-23T13:14:14","slug":"fc-bayern-muenchen-3rd-herren-trikot-21-22-ausweichtrikot-weiss-mit-aufdruck-mueller-25","status":"publish","type":"product","link":"https:\/\/www.billigtrikotde.com\/da\/vare\/fc-bayern-muenchen-3rd-herren-trikot-21-22-ausweichtrikot-weiss-mit-aufdruck-mueller-25\/","title":{"rendered":"FC Bayern M\u00fcnchen 3. herretr\u00f8je 21\/22 udebanes\u00e6t hvid med tryk M\u00fcller 25"},"content":{"rendered":"<p>Fra M\u00fcnchen er bjergene ikke langt v\u00e6k. Ikke underligt, at adidas FC Bayern M\u00fcnchen ID-udstyr er inspireret af Alperne. Fan-tr\u00f8jen kommer med fugtighedsabsorberende AEROREADY-teknologi for en behagelig b\u00e6reoplevelse. Selvf\u00f8lgelig m\u00e5 \u201eMia san mia\u201c-skriften i nakkeomr\u00e5det ikke mangle.<\/p>\n<p>Tips til udskrivning: Hvis navn og nummer p\u00e5 billedet er pr\u00e6cis det, du \u00f8nsker, beh\u00f8ver du ikke at indtaste dem igen. Hvis ikke, skal du indtaste det \u00f8nskede navn og nummer.<\/p>\n<p>Tips til vask: Det anbefales at vaske fodboldtr\u00f8jer i h\u00e5nden. Hvis du vil bruge vaskemaskinen, skal du huske at vende vrangen ud p\u00e5 fodboldtr\u00f8jerne og derefter vaske dem. Fyld maskinen med koldt vand, og brug et sk\u00e5neprogram for bedre at beskytte farverne.<\/p>","protected":false},"excerpt":{"rendered":"<p>Von M\u00fcnchen aus sind die Berge nicht weit. Kein Wunder, dass die adidas FC Bayern M\u00fcnchen Ausweichausr\u00fcstung von den Alpen inspiriert ist. Das Fan-Trikot kommt mit feuchtigkeitsabsorbierender AEROREADY Technologie f\u00fcr ein bequemes Tragegef\u00fchl. Nat\u00fcrlich darf auch der \u201eMia san mia\u201c-Schriftzug im Nackenbereich nicht fehlen. Tipps zum Drucken: Wenn der Name und die Nummer auf dem [\u2026]<\/p>","protected":false},"featured_media":3673,"comment_status":"open","ping_status":"closed","template":"","meta":[],"product_brand":[],"product_cat":[175],"product_tag":[139,137,20,21,22,23,24],"class_list":{"0":"post-3637","1":"product","2":"type-product","3":"status-publish","4":"has-post-thumbnail","6":"product_cat-bayern-munich","7":"product_tag-bayern-muenchen-ausweichtrikot","8":"product_tag-bayern-muenchen-trikots","9":"product_tag-coole-fussballtrikots","10":"product_tag-fussballtrikot-fuer-herren","11":"product_tag-fussballtrikot-guenstig-kaufen","12":"product_tag-fussballtrikot-kurzarm","13":"product_tag-guenstiges-fussballtrikot","15":"first","16":"instock","17":"shipping-taxable","18":"purchasable","19":"product-type-variable"},"_links":{"self":[{"href":"https:\/\/www.billigtrikotde.com\/da\/wp-json\/wp\/v2\/product\/3637","targetHints":{"allow":["GET"]}}],"collection":[{"href":"https:\/\/www.billigtrikotde.com\/da\/wp-json\/wp\/v2\/product"}],"about":[{"href":"https:\/\/www.billigtrikotde.com\/da\/wp-json\/wp\/v2\/types\/product"}],"replies":[{"embeddable":true,"href":"https:\/\/www.billigtrikotde.com\/da\/wp-json\/wp\/v2\/comments?post=3637"}],"wp:featuredmedia":[{"embeddable":true,"href":"https:\/\/www.billigtrikotde.com\/da\/wp-json\/wp\/v2\/media\/3673"}],"wp:attachment":[{"href":"https:\/\/www.billigtrikotde.com\/da\/wp-json\/wp\/v2\/media?parent=3637"}],"wp:term":[{"taxonomy":"product_brand","embeddable":true,"href":"https:\/\/www.billigtrikotde.com\/da\/wp-json\/wp\/v2\/product_brand?post=3637"},{"taxonomy":"product_cat","embeddable":true,"href":"https:\/\/www.billigtrikotde.com\/da\/wp-json\/wp\/v2\/product_cat?post=3637"},{"taxonomy":"product_tag","embeddable":true,"href":"https:\/\/www.billigtrikotde.com\/da\/wp-json\/wp\/v2\/product_tag?post=3637"}],"curies":[{"name":"wp","href":"https:\/\/api.w.org\/{rel}","templated":true}]}}