{"id":3600,"date":"2024-10-23T15:10:22","date_gmt":"2024-10-23T13:10:22","guid":{"rendered":"http:\/\/billigtrikots.com\/?post_type=product&#038;p=3600"},"modified":"2024-10-23T15:12:31","modified_gmt":"2024-10-23T13:12:31","slug":"dfb-deutschland-herren-torwarttrikot-em-2020-in-blau-mit-aufdruck-neuer-1","status":"publish","type":"product","link":"https:\/\/www.billigtrikotde.com\/da\/vare\/dfb-deutschland-herren-torwarttrikot-em-2020-in-blau-mit-aufdruck-neuer-1\/","title":{"rendered":"DFB Tyskland m\u00e5lmandstr\u00f8je til m\u00e6nd EM 2020 i bl\u00e5 med tryk Neuer 1"},"content":{"rendered":"<p>Den seje meshoverflade suppleres p\u00e5 siderne med indl\u00e6g i batikstil. Dette design g\u00e5r igen ved rundhalsudsk\u00e6ringen. De lange \u00e6rmer afsluttes med behageligt t\u00e6tsiddende ribkanter. De typiske adidas-sportstriber, m\u00e6rkeloget og DFB-emblemet m\u00e5 selvf\u00f8lgelig heller ikke mangle p\u00e5 sportsskjorten. Kombiner tr\u00f8jen med dit sportsoutfit eller brug den, mens du ser kampen som en del af din fan-look.<\/p>\n<p>Tips til udskrivning: Hvis navn og nummer p\u00e5 billedet er pr\u00e6cis det, du \u00f8nsker, beh\u00f8ver du ikke at indtaste dem igen. Hvis ikke, skal du indtaste det \u00f8nskede navn og nummer.<\/p>\n<p>Tips til vask: Det anbefales at vaske fodboldtr\u00f8jer i h\u00e5nden. Hvis du vil bruge vaskemaskinen, skal du huske at vende vrangen ud p\u00e5 fodboldtr\u00f8jerne og derefter vaske dem. Fyld maskinen med koldt vand, og brug et sk\u00e5neprogram for bedre at beskytte farverne.<\/p>","protected":false},"excerpt":{"rendered":"<p>Die coole Meshoberfl\u00e4che wird an den Seiten durch Eins\u00e4tze im Batikstil erg\u00e4nzt. Dieses Design findet sich auch am Rundhalsausschnitt wieder. Die langen \u00c4rmel schlie\u00dfen mit bequem anliegenden B\u00fcndchen ab. Die adidas-typischen Sportstreifen, das Markenlogo und das DFB-Emblem d\u00fcrfen bei dem Sportshirt nat\u00fcrlich auch nicht fehlen. Kombiniere das Trikot mit deinem Sportoutfit oder trag es beim [&hellip;]<\/p>","protected":false},"featured_media":3635,"comment_status":"open","ping_status":"closed","template":"","meta":[],"product_brand":[],"product_cat":[170],"product_tag":[20,171,172,21,22,23,24],"class_list":{"0":"post-3600","1":"product","2":"type-product","3":"status-publish","4":"has-post-thumbnail","6":"product_cat-deutschland-trikots","7":"product_tag-coole-fussballtrikots","8":"product_tag-deutschland-torwarttrikot","9":"product_tag-deutschland-trikots","10":"product_tag-fussballtrikot-fuer-herren","11":"product_tag-fussballtrikot-guenstig-kaufen","12":"product_tag-fussballtrikot-kurzarm","13":"product_tag-guenstiges-fussballtrikot","15":"first","16":"instock","17":"shipping-taxable","18":"purchasable","19":"product-type-variable"},"_links":{"self":[{"href":"https:\/\/www.billigtrikotde.com\/da\/wp-json\/wp\/v2\/product\/3600","targetHints":{"allow":["GET"]}}],"collection":[{"href":"https:\/\/www.billigtrikotde.com\/da\/wp-json\/wp\/v2\/product"}],"about":[{"href":"https:\/\/www.billigtrikotde.com\/da\/wp-json\/wp\/v2\/types\/product"}],"replies":[{"embeddable":true,"href":"https:\/\/www.billigtrikotde.com\/da\/wp-json\/wp\/v2\/comments?post=3600"}],"wp:featuredmedia":[{"embeddable":true,"href":"https:\/\/www.billigtrikotde.com\/da\/wp-json\/wp\/v2\/media\/3635"}],"wp:attachment":[{"href":"https:\/\/www.billigtrikotde.com\/da\/wp-json\/wp\/v2\/media?parent=3600"}],"wp:term":[{"taxonomy":"product_brand","embeddable":true,"href":"https:\/\/www.billigtrikotde.com\/da\/wp-json\/wp\/v2\/product_brand?post=3600"},{"taxonomy":"product_cat","embeddable":true,"href":"https:\/\/www.billigtrikotde.com\/da\/wp-json\/wp\/v2\/product_cat?post=3600"},{"taxonomy":"product_tag","embeddable":true,"href":"https:\/\/www.billigtrikotde.com\/da\/wp-json\/wp\/v2\/product_tag?post=3600"}],"curies":[{"name":"wp","href":"https:\/\/api.w.org\/{rel}","templated":true}]}}