{"id":3588,"date":"2024-10-23T15:09:50","date_gmt":"2024-10-23T13:09:50","guid":{"rendered":"http:\/\/billigtrikots.com\/?post_type=product&#038;p=3588"},"modified":"2025-06-09T04:42:51","modified_gmt":"2025-06-09T02:42:51","slug":"kindertrikot-fc-arsenal-afc-heimtrikot-2022-kinder-rot-weiss","status":"publish","type":"product","link":"https:\/\/www.billigtrikotde.com\/da\/vare\/kindertrikot-fc-arsenal-afc-heimtrikot-2022-kinder-rot-weiss\/","title":{"rendered":"B\u00f8rnetr\u00f8je FC Arsenal AFC Hjemmetr\u00f8je 2022 B\u00f8rn r\u00f8d\/hvid"},"content":{"rendered":"<p>Hvide indsatser og marinebl\u00e5 detaljer? Det minder straks om en \u00e6ra, hvor FC Arsenal n\u00e6sten ikke kunne tabe. Med dette adidas fodboldtr\u00f8je til b\u00f8rn og teenagere fejrer du de gyldne tider, og det er samtidig s\u00e6rligt behageligt. Det er lavet af bl\u00f8dt materiale og kommer med fugtighedsabsorberende AEROREADY-teknologi. Det v\u00e6vede klublogo p\u00e5 brystet viser desuden, for hvilken klub dit hjerte sl\u00e5r. Dette produkt er Primegreen: fremstillet med forskellige funktionelle genbrugsmaterialer.<\/p>\n<p>Tips til udskrivning: Hvis navn og nummer p\u00e5 billedet er pr\u00e6cis det, du \u00f8nsker, beh\u00f8ver du ikke at indtaste dem igen. Hvis ikke, skal du indtaste det \u00f8nskede navn og nummer.<\/p>\n<p>Tips til vask: Det anbefales at vaske fodboldtr\u00f8jer i h\u00e5nden. Hvis du vil bruge vaskemaskinen, skal du huske at vende vrangen ud p\u00e5 fodboldtr\u00f8jerne og derefter vaske dem. Fyld maskinen med koldt vand, og brug et sk\u00e5neprogram for bedre at beskytte farverne.<\/p>","protected":false},"excerpt":{"rendered":"<p>Wei\u00dfe Eins\u00e4tze und marineblaue Details? Das erinnert sofort an eine \u00c4ra, in der der FC Arsenal praktisch gar nicht verlieren konnte. Mit diesem adidas Fu\u00dfballtrikot f\u00fcr Kinder und Teens feierst du die goldenen Zeiten und hast es dabei besonders bequem. Es ist aus weichem Material und kommt mit feuchtigkeitsabsorbierender AEROREADY Technologie. Das gewebte Vereinslogo auf [&hellip;]<\/p>","protected":false},"featured_media":3622,"comment_status":"open","ping_status":"closed","template":"","meta":[],"product_brand":[],"product_cat":[167],"product_tag":[20,56,57,168,94],"class_list":{"0":"post-3588","1":"product","2":"type-product","3":"status-publish","4":"has-post-thumbnail","6":"product_cat-arsenal-kindertrikot","7":"product_tag-coole-fussballtrikots","8":"product_tag-fc-arsenal-heimtrikot","9":"product_tag-fc-arsenal-trikots","10":"product_tag-fc-arsenal-trikotsatz-fuer-kinder","11":"product_tag-kinder-fussball-trikotsatz","13":"first","14":"instock","15":"shipping-taxable","16":"purchasable","17":"product-type-variable"},"_links":{"self":[{"href":"https:\/\/www.billigtrikotde.com\/da\/wp-json\/wp\/v2\/product\/3588","targetHints":{"allow":["GET"]}}],"collection":[{"href":"https:\/\/www.billigtrikotde.com\/da\/wp-json\/wp\/v2\/product"}],"about":[{"href":"https:\/\/www.billigtrikotde.com\/da\/wp-json\/wp\/v2\/types\/product"}],"replies":[{"embeddable":true,"href":"https:\/\/www.billigtrikotde.com\/da\/wp-json\/wp\/v2\/comments?post=3588"}],"wp:featuredmedia":[{"embeddable":true,"href":"https:\/\/www.billigtrikotde.com\/da\/wp-json\/wp\/v2\/media\/3622"}],"wp:attachment":[{"href":"https:\/\/www.billigtrikotde.com\/da\/wp-json\/wp\/v2\/media?parent=3588"}],"wp:term":[{"taxonomy":"product_brand","embeddable":true,"href":"https:\/\/www.billigtrikotde.com\/da\/wp-json\/wp\/v2\/product_brand?post=3588"},{"taxonomy":"product_cat","embeddable":true,"href":"https:\/\/www.billigtrikotde.com\/da\/wp-json\/wp\/v2\/product_cat?post=3588"},{"taxonomy":"product_tag","embeddable":true,"href":"https:\/\/www.billigtrikotde.com\/da\/wp-json\/wp\/v2\/product_tag?post=3588"}],"curies":[{"name":"wp","href":"https:\/\/api.w.org\/{rel}","templated":true}]}}