{"id":3557,"date":"2024-10-23T15:08:17","date_gmt":"2024-10-23T13:08:17","guid":{"rendered":"http:\/\/billigtrikots.com\/?post_type=product&#038;p=3557"},"modified":"2025-06-09T04:42:53","modified_gmt":"2025-06-09T02:42:53","slug":"fc-arsenal-heimtrikot-2021-2022-fuer-kinder-weiss-rot-mit-odegaard-8-aufdruck","status":"publish","type":"product","link":"https:\/\/www.billigtrikotde.com\/da\/vare\/fc-arsenal-heimtrikot-2021-2022-fuer-kinder-weiss-rot-mit-odegaard-8-aufdruck\/","title":{"rendered":"FC Arsenal hjemmebanetr\u00f8je 2021\/2022 til b\u00f8rn hvid\/r\u00f8d med \u00d8degaard 8 print"},"content":{"rendered":"<p>Den nye Arsenal-hjemmetr\u00f8je fra adidas kommer i de typiske r\u00f8de og hvide hjemmefarver og er prydet med stolte holddetaljer som f.eks. det originale klublogo. Derudover er adidas' logo og sponsorbranding tilf\u00f8jet for at fuldende tr\u00f8jen.<\/p>\n<p>Den nye Arsenal-b\u00f8rnetr\u00f8je er lavet af fugttransporterende Aeroready-materiale og giver dig t\u00f8r og k\u00f8lig komfort. Hjemmetr\u00f8jen er ogs\u00e5 lavet af 100% genbrugte polyesterfibre (Primegreen), hvilket ikke kun g\u00f8r den formstabil og holdbar, men ogs\u00e5 b\u00e6redygtig! Den er sk\u00e5ret lidt bredere end spillertr\u00f8jen og sikrer ogs\u00e5 en f\u00f8rsteklasses pasform og optimal bev\u00e6gelsesfrihed i alle retninger.<\/p>\n<p>Som en \u00e6gte fan m\u00e5 du have adidas FC Arsenal Kids Home Jersey 2021\/22! K\u00f8b den i dag!<\/p>\n<p>Tips til udskrivning: Hvis navn og nummer p\u00e5 billedet er pr\u00e6cis det, du \u00f8nsker, beh\u00f8ver du ikke at indtaste dem igen. Hvis ikke, skal du indtaste det \u00f8nskede navn og nummer.<\/p>\n<p>Tips til vask: Det anbefales at vaske fodboldtr\u00f8jer i h\u00e5nden. Hvis du vil bruge vaskemaskinen, skal du huske at vende vrangen ud p\u00e5 fodboldtr\u00f8jerne og derefter vaske dem. Fyld maskinen med koldt vand, og brug et sk\u00e5neprogram for bedre at beskytte farverne.<\/p>","protected":false},"excerpt":{"rendered":"<p>Das neue Arsenal Heim Trikot von adidas kommt in typischer rot-wei\u00dfer Heimfarbe und ist mit stolzen Teamdetails, wie dem originalen Clublogo geschm\u00fcckt. Au\u00dferdem f\u00fcgen sich das adidas Logo, sowie Sponsorenbrandings passend ein und machen das Trikot komplett. Gefertigt aus feuchtigkeitsableitendem Aeroready Material, bietet dir das neue Arsenal Kinder Trikot einen trockenen, k\u00fchlen Tragekomfort. Zudem besteht [&hellip;]<\/p>","protected":false},"featured_media":3597,"comment_status":"open","ping_status":"closed","template":"","meta":[],"product_brand":[],"product_cat":[167],"product_tag":[20,56,57,168,94],"class_list":{"0":"post-3557","1":"product","2":"type-product","3":"status-publish","4":"has-post-thumbnail","6":"product_cat-arsenal-kindertrikot","7":"product_tag-coole-fussballtrikots","8":"product_tag-fc-arsenal-heimtrikot","9":"product_tag-fc-arsenal-trikots","10":"product_tag-fc-arsenal-trikotsatz-fuer-kinder","11":"product_tag-kinder-fussball-trikotsatz","13":"first","14":"instock","15":"shipping-taxable","16":"purchasable","17":"product-type-variable"},"_links":{"self":[{"href":"https:\/\/www.billigtrikotde.com\/da\/wp-json\/wp\/v2\/product\/3557","targetHints":{"allow":["GET"]}}],"collection":[{"href":"https:\/\/www.billigtrikotde.com\/da\/wp-json\/wp\/v2\/product"}],"about":[{"href":"https:\/\/www.billigtrikotde.com\/da\/wp-json\/wp\/v2\/types\/product"}],"replies":[{"embeddable":true,"href":"https:\/\/www.billigtrikotde.com\/da\/wp-json\/wp\/v2\/comments?post=3557"}],"wp:featuredmedia":[{"embeddable":true,"href":"https:\/\/www.billigtrikotde.com\/da\/wp-json\/wp\/v2\/media\/3597"}],"wp:attachment":[{"href":"https:\/\/www.billigtrikotde.com\/da\/wp-json\/wp\/v2\/media?parent=3557"}],"wp:term":[{"taxonomy":"product_brand","embeddable":true,"href":"https:\/\/www.billigtrikotde.com\/da\/wp-json\/wp\/v2\/product_brand?post=3557"},{"taxonomy":"product_cat","embeddable":true,"href":"https:\/\/www.billigtrikotde.com\/da\/wp-json\/wp\/v2\/product_cat?post=3557"},{"taxonomy":"product_tag","embeddable":true,"href":"https:\/\/www.billigtrikotde.com\/da\/wp-json\/wp\/v2\/product_tag?post=3557"}],"curies":[{"name":"wp","href":"https:\/\/api.w.org\/{rel}","templated":true}]}}