{"id":3544,"date":"2024-10-23T15:07:42","date_gmt":"2024-10-23T13:07:42","guid":{"rendered":"http:\/\/billigtrikots.com\/?post_type=product&#038;p=3544"},"modified":"2025-06-09T04:42:53","modified_gmt":"2025-06-09T02:42:53","slug":"trikotsatz-fc-arsenal-ausweichtrikot-2021-2022-fuer-kinder-blau","status":"publish","type":"product","link":"https:\/\/www.billigtrikotde.com\/da\/vare\/trikotsatz-fc-arsenal-ausweichtrikot-2021-2022-fuer-kinder-blau\/","title":{"rendered":"Arsenal FC udebanes\u00e6t 2021\/2022 til b\u00f8rn bl\u00e5"},"content":{"rendered":"<p>Her kommer genoplivningen af et 90'er-design \u2013 som et lyn fra fortiden. Dette FC Arsenal udebanetr\u00f8je, her i b\u00f8rne- og ungdomsudgaven, fejrer et suksesfuldt \u00e5rtier for fodbold og for adidas. Fan-tr\u00f8jen forbinder et retrolook inspireret af equipment-stilen med et moderne, funktionelt materiale med fugtighedsabsorberende AEROREADY-teknologi. Dette produkt er Primegreen: fremstillet med forskellige funktionelle genanvendelsesmaterialer.<\/p>\n<p>Tips til udskrivning: Hvis navn og nummer p\u00e5 billedet er pr\u00e6cis det, du \u00f8nsker, beh\u00f8ver du ikke at indtaste dem igen. Hvis ikke, skal du indtaste det \u00f8nskede navn og nummer.<\/p>\n<p>Tips til vask: Det anbefales at vaske fodboldtr\u00f8jer i h\u00e5nden. Hvis du vil bruge vaskemaskinen, skal du huske at vende vrangen ud p\u00e5 fodboldtr\u00f8jerne og derefter vaske dem. Fyld maskinen med koldt vand, og brug et sk\u00e5neprogram for bedre at beskytte farverne.<\/p>","protected":false},"excerpt":{"rendered":"<p>Hier kommt das Revival eines 90s-Designs \u2013 wie ein Blitz aus der Vergangenheit. Dieses FC Arsenal Ausweichtrikot, hier in der Version f\u00fcr Kinder und Teens, feiert ein Erfolgsjahrzehnt f\u00fcr den Fu\u00dfball und f\u00fcr adidas. Das Fan-Trikot verbindet einen vom Equipment Style inspirierten Retrolook mit einem modernen, funktionalen Material mit feuchtigkeitsabsorbierender AEROREADY Technologie.Dieses Produkt ist Primegreen: [&hellip;]<\/p>","protected":false},"featured_media":3585,"comment_status":"open","ping_status":"closed","template":"","meta":[],"product_brand":[],"product_cat":[167],"product_tag":[20,169,57,168,94],"class_list":{"0":"post-3544","1":"product","2":"type-product","3":"status-publish","4":"has-post-thumbnail","6":"product_cat-arsenal-kindertrikot","7":"product_tag-coole-fussballtrikots","8":"product_tag-fc-arsenal-ausweichtrikot","9":"product_tag-fc-arsenal-trikots","10":"product_tag-fc-arsenal-trikotsatz-fuer-kinder","11":"product_tag-kinder-fussball-trikotsatz","13":"first","14":"instock","15":"shipping-taxable","16":"purchasable","17":"product-type-variable"},"_links":{"self":[{"href":"https:\/\/www.billigtrikotde.com\/da\/wp-json\/wp\/v2\/product\/3544","targetHints":{"allow":["GET"]}}],"collection":[{"href":"https:\/\/www.billigtrikotde.com\/da\/wp-json\/wp\/v2\/product"}],"about":[{"href":"https:\/\/www.billigtrikotde.com\/da\/wp-json\/wp\/v2\/types\/product"}],"replies":[{"embeddable":true,"href":"https:\/\/www.billigtrikotde.com\/da\/wp-json\/wp\/v2\/comments?post=3544"}],"wp:featuredmedia":[{"embeddable":true,"href":"https:\/\/www.billigtrikotde.com\/da\/wp-json\/wp\/v2\/media\/3585"}],"wp:attachment":[{"href":"https:\/\/www.billigtrikotde.com\/da\/wp-json\/wp\/v2\/media?parent=3544"}],"wp:term":[{"taxonomy":"product_brand","embeddable":true,"href":"https:\/\/www.billigtrikotde.com\/da\/wp-json\/wp\/v2\/product_brand?post=3544"},{"taxonomy":"product_cat","embeddable":true,"href":"https:\/\/www.billigtrikotde.com\/da\/wp-json\/wp\/v2\/product_cat?post=3544"},{"taxonomy":"product_tag","embeddable":true,"href":"https:\/\/www.billigtrikotde.com\/da\/wp-json\/wp\/v2\/product_tag?post=3544"}],"curies":[{"name":"wp","href":"https:\/\/api.w.org\/{rel}","templated":true}]}}