{"id":3538,"date":"2024-10-23T15:07:38","date_gmt":"2024-10-23T13:07:38","guid":{"rendered":"http:\/\/billigtrikots.com\/?post_type=product&#038;p=3538"},"modified":"2024-10-23T15:09:43","modified_gmt":"2024-10-23T13:09:43","slug":"fc-arsenal-london-trikot-3rd-2021-2022-kinder-blau-mit-aubameyang-14-aufdruck","status":"publish","type":"product","link":"https:\/\/www.billigtrikotde.com\/da\/vare\/fc-arsenal-london-trikot-3rd-2021-2022-kinder-blau-mit-aubameyang-14-aufdruck\/","title":{"rendered":"FC Arsenal London Jersey 3rd 2021\/2022 Kids Blue med AUBAMEYANG 14 print"},"content":{"rendered":"<p>Den \u00e5ndbare model i bl\u00e5 giver ogs\u00e5 unge fans mulighed for at vise tilh\u00f8rsforhold til deres yndlingshold. Med b\u00f8rne-sportstoppen fra adidas kan man virkelig ikke sl\u00e5 fejl. I ingen fan-kollektion m\u00e5 denne FC Arsenal London-udskiftningstop v\u00e6re frav\u00e6rende, som spillerne b\u00e6rer i Premier League. Den behagelige og \u00e5ndbare model imponerer p\u00e5 alle m\u00e5der. Visuelt st\u00e5r den ud med et klub-emblem p\u00e5 brystet. Dette trikot er skabt for at \u00f8ge din ydeevne med et niveau.<\/p>\n<p>Tips til udskrivning: Hvis navn og nummer p\u00e5 billedet er pr\u00e6cis det, du \u00f8nsker, beh\u00f8ver du ikke at indtaste dem igen. Hvis ikke, skal du indtaste det \u00f8nskede navn og nummer.<\/p>\n<p>Tips til vask: Det anbefales at vaske fodboldtr\u00f8jer i h\u00e5nden. Hvis du vil bruge vaskemaskinen, skal du huske at vende vrangen ud p\u00e5 fodboldtr\u00f8jerne og derefter vaske dem. Fyld maskinen med koldt vand, og brug et sk\u00e5neprogram for bedre at beskytte farverne.<\/p>","protected":false},"excerpt":{"rendered":"<p>Das atmungsaktive Modell in Blau l\u00e4sst auch junge Fans ihre Zugeh\u00f6rigkeit zum Lieblingsteam zeigen. Mit dem Kinder-Sporttop aus dem Hause adidas kann man wirklich nichts falsch machen. In keiner Fan-Kollektion darf dieses FC Arsenal London-Ausweich-Sporttop, wie es die Spieler in der Premier League tragen, fehlen. Das bequeme und atmungsaktive Modell \u00fcberzeugt auf ganzer Linie. Optisch [&hellip;]<\/p>","protected":false},"featured_media":3574,"comment_status":"open","ping_status":"closed","template":"","meta":[],"product_brand":[],"product_cat":[167],"product_tag":[20,169,57,168,94],"class_list":{"0":"post-3538","1":"product","2":"type-product","3":"status-publish","4":"has-post-thumbnail","6":"product_cat-arsenal-kindertrikot","7":"product_tag-coole-fussballtrikots","8":"product_tag-fc-arsenal-ausweichtrikot","9":"product_tag-fc-arsenal-trikots","10":"product_tag-fc-arsenal-trikotsatz-fuer-kinder","11":"product_tag-kinder-fussball-trikotsatz","13":"first","14":"instock","15":"shipping-taxable","16":"purchasable","17":"product-type-variable"},"_links":{"self":[{"href":"https:\/\/www.billigtrikotde.com\/da\/wp-json\/wp\/v2\/product\/3538","targetHints":{"allow":["GET"]}}],"collection":[{"href":"https:\/\/www.billigtrikotde.com\/da\/wp-json\/wp\/v2\/product"}],"about":[{"href":"https:\/\/www.billigtrikotde.com\/da\/wp-json\/wp\/v2\/types\/product"}],"replies":[{"embeddable":true,"href":"https:\/\/www.billigtrikotde.com\/da\/wp-json\/wp\/v2\/comments?post=3538"}],"wp:featuredmedia":[{"embeddable":true,"href":"https:\/\/www.billigtrikotde.com\/da\/wp-json\/wp\/v2\/media\/3574"}],"wp:attachment":[{"href":"https:\/\/www.billigtrikotde.com\/da\/wp-json\/wp\/v2\/media?parent=3538"}],"wp:term":[{"taxonomy":"product_brand","embeddable":true,"href":"https:\/\/www.billigtrikotde.com\/da\/wp-json\/wp\/v2\/product_brand?post=3538"},{"taxonomy":"product_cat","embeddable":true,"href":"https:\/\/www.billigtrikotde.com\/da\/wp-json\/wp\/v2\/product_cat?post=3538"},{"taxonomy":"product_tag","embeddable":true,"href":"https:\/\/www.billigtrikotde.com\/da\/wp-json\/wp\/v2\/product_tag?post=3538"}],"curies":[{"name":"wp","href":"https:\/\/api.w.org\/{rel}","templated":true}]}}