{"id":3528,"date":"2024-10-23T15:07:02","date_gmt":"2024-10-23T13:07:02","guid":{"rendered":"http:\/\/billigtrikots.com\/?post_type=product&#038;p=3528"},"modified":"2024-10-23T15:09:12","modified_gmt":"2024-10-23T13:09:12","slug":"fussballtrikot-arsenal-fc-auswaerts-2021-22-kinder-gelb-mit-aufdruck-xhaka-34","status":"publish","type":"product","link":"https:\/\/www.billigtrikotde.com\/da\/vare\/fussballtrikot-arsenal-fc-auswaerts-2021-22-kinder-gelb-mit-aufdruck-xhaka-34\/","title":{"rendered":"Arsenal FC Udebanetr\u00f8je 2021\/22 B\u00f8rn Gul med Print XHAKA 34"},"content":{"rendered":"<p>Fra at vinde Doubles i 1971 til den legendariske titel i 1989 \u2013 nogle af FC Arsenals st\u00f8rste successer blev opn\u00e5et i gult. Ikke underligt, at vi bringer denne farve tilbage i denne udebanetr\u00f8je i b\u00f8rneversion, inklusive v\u00e6vet kanongrafik til den perfekte retro-klubstil. Det bl\u00f8de materiale og den fugtighedsabsorberende AEROREADY-teknologi sikrer en behageligt t\u00f8r fornemmelse. Dette produkt er Primegreen: fremstillet med forskellige funktionelle genbrugsmaterialer.<\/p>\n<p>Tips til udskrivning: Hvis navn og nummer p\u00e5 billedet er pr\u00e6cis det, du \u00f8nsker, beh\u00f8ver du ikke at indtaste dem igen. Hvis ikke, skal du indtaste det \u00f8nskede navn og nummer.<\/p>\n<p>Tips til vask: Det anbefales at vaske fodboldtr\u00f8jer i h\u00e5nden. Hvis du vil bruge vaskemaskinen, skal du huske at vende vrangen ud p\u00e5 fodboldtr\u00f8jerne og derefter vaske dem. Fyld maskinen med koldt vand, og brug et sk\u00e5neprogram for bedre at beskytte farverne.<\/p>","protected":false},"excerpt":{"rendered":"<p>Vom Gewinn des Doubles im Jahr 1971 bis zum legend\u00e4ren Titelgewinn 1989 \u2013 einige der gr\u00f6\u00dften Erfolge des FC Arsenal wurden in Gelb eingefahren. Kein Wunder, dass wir diese Farbe bei diesem Ausw\u00e4rtstrikot in der Version f\u00fcr Kinder wieder ins Spiel bringen, inklusive gewebter Kanonengrafik f\u00fcr den perfekten Retro-Vereinsstyle. Das weiche Material und die feuchtigkeitsabsorbierende [&hellip;]<\/p>","protected":false},"featured_media":3570,"comment_status":"open","ping_status":"closed","template":"","meta":[],"product_brand":[],"product_cat":[167],"product_tag":[20,58,57,168,94],"class_list":{"0":"post-3528","1":"product","2":"type-product","3":"status-publish","4":"has-post-thumbnail","6":"product_cat-arsenal-kindertrikot","7":"product_tag-coole-fussballtrikots","8":"product_tag-fc-arsenal-auswaertstrikot","9":"product_tag-fc-arsenal-trikots","10":"product_tag-fc-arsenal-trikotsatz-fuer-kinder","11":"product_tag-kinder-fussball-trikotsatz","13":"first","14":"instock","15":"shipping-taxable","16":"purchasable","17":"product-type-variable"},"_links":{"self":[{"href":"https:\/\/www.billigtrikotde.com\/da\/wp-json\/wp\/v2\/product\/3528","targetHints":{"allow":["GET"]}}],"collection":[{"href":"https:\/\/www.billigtrikotde.com\/da\/wp-json\/wp\/v2\/product"}],"about":[{"href":"https:\/\/www.billigtrikotde.com\/da\/wp-json\/wp\/v2\/types\/product"}],"replies":[{"embeddable":true,"href":"https:\/\/www.billigtrikotde.com\/da\/wp-json\/wp\/v2\/comments?post=3528"}],"wp:featuredmedia":[{"embeddable":true,"href":"https:\/\/www.billigtrikotde.com\/da\/wp-json\/wp\/v2\/media\/3570"}],"wp:attachment":[{"href":"https:\/\/www.billigtrikotde.com\/da\/wp-json\/wp\/v2\/media?parent=3528"}],"wp:term":[{"taxonomy":"product_brand","embeddable":true,"href":"https:\/\/www.billigtrikotde.com\/da\/wp-json\/wp\/v2\/product_brand?post=3528"},{"taxonomy":"product_cat","embeddable":true,"href":"https:\/\/www.billigtrikotde.com\/da\/wp-json\/wp\/v2\/product_cat?post=3528"},{"taxonomy":"product_tag","embeddable":true,"href":"https:\/\/www.billigtrikotde.com\/da\/wp-json\/wp\/v2\/product_tag?post=3528"}],"curies":[{"name":"wp","href":"https:\/\/api.w.org\/{rel}","templated":true}]}}