{"id":3493,"date":"2024-10-23T15:05:20","date_gmt":"2024-10-23T13:05:20","guid":{"rendered":"http:\/\/billigtrikots.com\/?post_type=product&#038;p=3493"},"modified":"2025-10-16T16:04:45","modified_gmt":"2025-10-16T14:04:45","slug":"kinder-real-madrid-2021-22-heimtrikot-weiss-blau-mit-aufdruck-odriozola-19","status":"publish","type":"product","link":"https:\/\/www.billigtrikotde.com\/da\/vare\/kinder-real-madrid-2021-22-heimtrikot-weiss-blau-mit-aufdruck-odriozola-19\/","title":{"rendered":"B\u00f8rn Real Madrid 2021\/22 Hjemmetr\u00f8je hvid bl\u00e5 med tryk Odriozola 19"},"content":{"rendered":"<p>Real Madrid Hjemmetr\u00e6ningsdragt til s\u00e6sonen 2021\/22 fra adidas Performance viser sig i opdateret design, der er inspireret af Plaza de Cibeles \u2013 stedet hvor Real Madrid fejrer sine titler sammen med fansene. Takket v\u00e6re den f\u00f8rsteklasses funktionelle udstyr scorer tr\u00f8jen godt til sport og fritid med en behagelig t\u00f8r f\u00f8lelse og ideelt kropsklima.<\/p>\n<p>Tips til udskrivning: Hvis navn og nummer p\u00e5 billedet er pr\u00e6cis det, du \u00f8nsker, beh\u00f8ver du ikke at indtaste dem igen. Hvis ikke, skal du indtaste det \u00f8nskede navn og nummer.<\/p>\n<p>Tips til vask: Det anbefales at vaske fodboldtr\u00f8jer i h\u00e5nden. Hvis du vil bruge vaskemaskinen, skal du huske at vende vrangen ud p\u00e5 fodboldtr\u00f8jerne og derefter vaske dem. Fyld maskinen med koldt vand, og brug et sk\u00e5neprogram for bedre at beskytte farverne.<\/p>","protected":false},"excerpt":{"rendered":"<p>Real Madrid Hjemmetr\u00e6ningsdragt til s\u00e6sonen 2021\/22 fra adidas Performance viser sig i opdateret design, der er inspireret af Plaza de Cibeles \u2013 stedet hvor Real Madrid fejrer sine titler sammen med fansene. Takket v\u00e6re den f\u00f8rsteklasses funktionelle udstyr scorer tr\u00f8jen godt til sport og fritid med en behagelig t\u00f8r f\u00f8lelse og ideelt kropsklima.<\/p>","protected":false},"featured_media":3533,"comment_status":"open","ping_status":"closed","template":"","meta":[],"product_brand":[],"product_cat":[165],"product_tag":[20,21,22,23,24,94,46,47,166],"class_list":{"0":"post-3493","1":"product","2":"type-product","3":"status-publish","4":"has-post-thumbnail","6":"product_cat-real-madrid-kindertrikot","7":"product_tag-coole-fussballtrikots","8":"product_tag-fussballtrikot-fuer-herren","9":"product_tag-fussballtrikot-guenstig-kaufen","10":"product_tag-fussballtrikot-kurzarm","11":"product_tag-guenstiges-fussballtrikot","12":"product_tag-kinder-fussball-trikotsatz","13":"product_tag-real-madrid-heimtrikot","14":"product_tag-real-madrid-trikots","15":"product_tag-real-madrid-trikotsatz-fuer-kinder","17":"first","18":"instock","19":"shipping-taxable","20":"purchasable","21":"product-type-variable"},"_links":{"self":[{"href":"https:\/\/www.billigtrikotde.com\/da\/wp-json\/wp\/v2\/product\/3493","targetHints":{"allow":["GET"]}}],"collection":[{"href":"https:\/\/www.billigtrikotde.com\/da\/wp-json\/wp\/v2\/product"}],"about":[{"href":"https:\/\/www.billigtrikotde.com\/da\/wp-json\/wp\/v2\/types\/product"}],"replies":[{"embeddable":true,"href":"https:\/\/www.billigtrikotde.com\/da\/wp-json\/wp\/v2\/comments?post=3493"}],"wp:featuredmedia":[{"embeddable":true,"href":"https:\/\/www.billigtrikotde.com\/da\/wp-json\/wp\/v2\/media\/3533"}],"wp:attachment":[{"href":"https:\/\/www.billigtrikotde.com\/da\/wp-json\/wp\/v2\/media?parent=3493"}],"wp:term":[{"taxonomy":"product_brand","embeddable":true,"href":"https:\/\/www.billigtrikotde.com\/da\/wp-json\/wp\/v2\/product_brand?post=3493"},{"taxonomy":"product_cat","embeddable":true,"href":"https:\/\/www.billigtrikotde.com\/da\/wp-json\/wp\/v2\/product_cat?post=3493"},{"taxonomy":"product_tag","embeddable":true,"href":"https:\/\/www.billigtrikotde.com\/da\/wp-json\/wp\/v2\/product_tag?post=3493"}],"curies":[{"name":"wp","href":"https:\/\/api.w.org\/{rel}","templated":true}]}}