{"id":3456,"date":"2024-10-23T15:03:28","date_gmt":"2024-10-23T13:03:28","guid":{"rendered":"http:\/\/billigtrikots.com\/?post_type=product&#038;p=3456"},"modified":"2025-10-16T16:04:52","modified_gmt":"2025-10-16T14:04:52","slug":"real-madrid-2021-22-heimtrikot-kinder-junior-weiss-blau-mit-aufdruck-varane-5","status":"publish","type":"product","link":"https:\/\/www.billigtrikotde.com\/da\/vare\/real-madrid-2021-22-heimtrikot-kinder-junior-weiss-blau-mit-aufdruck-varane-5\/","title":{"rendered":"Real Madrid 2021\/22 Hjemmebanetr\u00f8je Kids Junior hvidbl\u00e5 med tryk Varane 5"},"content":{"rendered":"<p>Sejrene og successerne bringer holdet p\u00e5 banen. De fejres p\u00e5 Plaza de Cibeles foran de jubelende fans. Ikke underligt, at denne adidas Real Madrid-tr\u00f8je i b\u00f8rne- og teenagerudgaven med sit cirkel- og spiral-m\u00f8nster er inspireret af dette sted og dets font\u00e6ner. Designet til fans er lavet af bl\u00f8dt materiale med fugtighedsabsorberende AEROREADY-teknologi og sikrer en behagelig, t\u00f8r og komfortabel b\u00e6reoplevelse. En tr\u00f8je til fans, der vil fejre. Broderet klublogo fra Real Madrid. Ribbede rundhalsudsk\u00e6ring. Ribbede manchetter. Fugtighedsabsorberende. Regular fit. Dette produkt er Primegreen: fremstillet med forskellige funktionelle genanvendte materialer. Materiale: 100% Polyester.<\/p>\n<p>Tips til udskrivning: Hvis navn og nummer p\u00e5 billedet er pr\u00e6cis det, du \u00f8nsker, beh\u00f8ver du ikke at indtaste dem igen. Hvis ikke, skal du indtaste det \u00f8nskede navn og nummer.<\/p>\n<p>Tips til vask: Det anbefales at vaske fodboldtr\u00f8jer i h\u00e5nden. Hvis du vil bruge vaskemaskinen, skal du huske at vende vrangen ud p\u00e5 fodboldtr\u00f8jerne og derefter vaske dem. Fyld maskinen med koldt vand, og brug et sk\u00e5neprogram for bedre at beskytte farverne.<\/p>","protected":false},"excerpt":{"rendered":"<p>Die Siege und Erfolge f\u00e4hrt die Mannschaft auf dem Spielfeld ein. Gefeiert werden sie auf dem Plaza de Cibeles vor den jubelnden Fans. Kein Wunder, dass dieses adidas Real Madrid Trikot in der Version f\u00fcr Kinder und Teens mit seinem Kreis- und Spiralmuster von diesem Ort und seinen Brunnenfont\u00e4nen inspiriert ist. Das Design f\u00fcr Fans [&hellip;]<\/p>","protected":false},"featured_media":3491,"comment_status":"open","ping_status":"closed","template":"","meta":[],"product_brand":[],"product_cat":[165],"product_tag":[20,21,22,23,24,94,46,47,166],"class_list":{"0":"post-3456","1":"product","2":"type-product","3":"status-publish","4":"has-post-thumbnail","6":"product_cat-real-madrid-kindertrikot","7":"product_tag-coole-fussballtrikots","8":"product_tag-fussballtrikot-fuer-herren","9":"product_tag-fussballtrikot-guenstig-kaufen","10":"product_tag-fussballtrikot-kurzarm","11":"product_tag-guenstiges-fussballtrikot","12":"product_tag-kinder-fussball-trikotsatz","13":"product_tag-real-madrid-heimtrikot","14":"product_tag-real-madrid-trikots","15":"product_tag-real-madrid-trikotsatz-fuer-kinder","17":"first","18":"instock","19":"shipping-taxable","20":"purchasable","21":"product-type-variable"},"_links":{"self":[{"href":"https:\/\/www.billigtrikotde.com\/da\/wp-json\/wp\/v2\/product\/3456","targetHints":{"allow":["GET"]}}],"collection":[{"href":"https:\/\/www.billigtrikotde.com\/da\/wp-json\/wp\/v2\/product"}],"about":[{"href":"https:\/\/www.billigtrikotde.com\/da\/wp-json\/wp\/v2\/types\/product"}],"replies":[{"embeddable":true,"href":"https:\/\/www.billigtrikotde.com\/da\/wp-json\/wp\/v2\/comments?post=3456"}],"wp:featuredmedia":[{"embeddable":true,"href":"https:\/\/www.billigtrikotde.com\/da\/wp-json\/wp\/v2\/media\/3491"}],"wp:attachment":[{"href":"https:\/\/www.billigtrikotde.com\/da\/wp-json\/wp\/v2\/media?parent=3456"}],"wp:term":[{"taxonomy":"product_brand","embeddable":true,"href":"https:\/\/www.billigtrikotde.com\/da\/wp-json\/wp\/v2\/product_brand?post=3456"},{"taxonomy":"product_cat","embeddable":true,"href":"https:\/\/www.billigtrikotde.com\/da\/wp-json\/wp\/v2\/product_cat?post=3456"},{"taxonomy":"product_tag","embeddable":true,"href":"https:\/\/www.billigtrikotde.com\/da\/wp-json\/wp\/v2\/product_tag?post=3456"}],"curies":[{"name":"wp","href":"https:\/\/api.w.org\/{rel}","templated":true}]}}