{"id":3440,"date":"2024-10-23T15:02:29","date_gmt":"2024-10-23T13:02:29","guid":{"rendered":"http:\/\/billigtrikots.com\/?post_type=product&#038;p=3440"},"modified":"2025-10-16T16:04:54","modified_gmt":"2025-10-16T14:04:54","slug":"real-madrid-auswaertstrikot-set-2021-22-trikots-fuer-kinder-blau","status":"publish","type":"product","link":"https:\/\/www.billigtrikotde.com\/da\/vare\/real-madrid-auswaertstrikot-set-2021-22-trikots-fuer-kinder-blau\/","title":{"rendered":"Real Madrid udebanes\u00e6t 2021\/22 tr\u00f8jer til b\u00f8rn bl\u00e5"},"content":{"rendered":"<p>Real Madrid-stjernerne er ikke de eneste kunstnere, der ud\u00f8ver deres erhverv i Spaniens hovedstad. Denne adidas fodboldtr\u00f8je til juniorer er inspireret af graffiti, der giver farve til byens gr\u00e5 gader.<\/p>\n<p>Tips til udskrivning: Hvis navn og nummer p\u00e5 billedet er pr\u00e6cis det, du \u00f8nsker, beh\u00f8ver du ikke at indtaste dem igen. Hvis ikke, skal du indtaste det \u00f8nskede navn og nummer.<\/p>\n<p>Tips til vask: Det anbefales at vaske fodboldtr\u00f8jer i h\u00e5nden. Hvis du vil bruge vaskemaskinen, skal du huske at vende vrangen ud p\u00e5 fodboldtr\u00f8jerne og derefter vaske dem. Fyld maskinen med koldt vand, og brug et sk\u00e5neprogram for bedre at beskytte farverne.<\/p>","protected":false},"excerpt":{"rendered":"<p>Die Superstars von Real Madrid sind nicht die einzigen K\u00fcnstler, die in Spaniens Hauptstadt ihren Beruf aus\u00fcben. Dieses adidas Fu\u00dfballtrikot f\u00fcr Junioren ist von Graffiti inspiriert, die den grauen Stra\u00dfen der Stadt Farbe verleihen. Tipps zum Drucken: Wenn der Name und die Nummer auf dem Bild genau Ihren W\u00fcnschen entsprechen, m\u00fcssen Sie sie nicht erneut [&hellip;]<\/p>","protected":false},"featured_media":3478,"comment_status":"open","ping_status":"closed","template":"","meta":[],"product_brand":[],"product_cat":[165],"product_tag":[20,21,22,23,24,94,49,47,166],"class_list":{"0":"post-3440","1":"product","2":"type-product","3":"status-publish","4":"has-post-thumbnail","6":"product_cat-real-madrid-kindertrikot","7":"product_tag-coole-fussballtrikots","8":"product_tag-fussballtrikot-fuer-herren","9":"product_tag-fussballtrikot-guenstig-kaufen","10":"product_tag-fussballtrikot-kurzarm","11":"product_tag-guenstiges-fussballtrikot","12":"product_tag-kinder-fussball-trikotsatz","13":"product_tag-real-madrid-auswaertstrikot","14":"product_tag-real-madrid-trikots","15":"product_tag-real-madrid-trikotsatz-fuer-kinder","17":"first","18":"instock","19":"shipping-taxable","20":"purchasable","21":"product-type-variable"},"_links":{"self":[{"href":"https:\/\/www.billigtrikotde.com\/da\/wp-json\/wp\/v2\/product\/3440","targetHints":{"allow":["GET"]}}],"collection":[{"href":"https:\/\/www.billigtrikotde.com\/da\/wp-json\/wp\/v2\/product"}],"about":[{"href":"https:\/\/www.billigtrikotde.com\/da\/wp-json\/wp\/v2\/types\/product"}],"replies":[{"embeddable":true,"href":"https:\/\/www.billigtrikotde.com\/da\/wp-json\/wp\/v2\/comments?post=3440"}],"wp:featuredmedia":[{"embeddable":true,"href":"https:\/\/www.billigtrikotde.com\/da\/wp-json\/wp\/v2\/media\/3478"}],"wp:attachment":[{"href":"https:\/\/www.billigtrikotde.com\/da\/wp-json\/wp\/v2\/media?parent=3440"}],"wp:term":[{"taxonomy":"product_brand","embeddable":true,"href":"https:\/\/www.billigtrikotde.com\/da\/wp-json\/wp\/v2\/product_brand?post=3440"},{"taxonomy":"product_cat","embeddable":true,"href":"https:\/\/www.billigtrikotde.com\/da\/wp-json\/wp\/v2\/product_cat?post=3440"},{"taxonomy":"product_tag","embeddable":true,"href":"https:\/\/www.billigtrikotde.com\/da\/wp-json\/wp\/v2\/product_tag?post=3440"}],"curies":[{"name":"wp","href":"https:\/\/api.w.org\/{rel}","templated":true}]}}