{"id":3416,"date":"2024-10-23T15:01:20","date_gmt":"2024-10-23T13:01:20","guid":{"rendered":"http:\/\/billigtrikots.com\/?post_type=product&#038;p=3416"},"modified":"2025-10-16T16:04:58","modified_gmt":"2025-10-16T14:04:58","slug":"real-madrid-auswaertstrikot-set-blau-2021-22-away-trikot-fuer-kinder-mit-aufdruck-hazard-7","status":"publish","type":"product","link":"https:\/\/www.billigtrikotde.com\/da\/vare\/real-madrid-auswaertstrikot-set-blau-2021-22-away-trikot-fuer-kinder-mit-aufdruck-hazard-7\/","title":{"rendered":"Real Madrid udebanetr\u00f8je s\u00e6t bl\u00e5 2021\/22 Udebanetr\u00f8je til b\u00f8rn med print Hazard 7"},"content":{"rendered":"<p>Ikke kun Real Madrid-professionelle g\u00f8r livet i den spanske hovedstad mere farverigt. Denne adidas fodboldtr\u00f8je i b\u00f8rne- og teenagerversion er inspireret af graffiti fra streetart-scenen i Madrid. Det beviser ogs\u00e5 de diskrete detaljer \u2013 en af dem er i nakkeomr\u00e5det. For en behagelig og t\u00f8r f\u00f8lelse er det bl\u00f8de materiale desuden udstyret med fugtabsorberende AEROREADY-teknologi. Dette produkt er Primegreen: fremstillet med forskellige funktionelle genbrugsmaterialer.<\/p>\n<p>Tips til udskrivning: Hvis navn og nummer p\u00e5 billedet er pr\u00e6cis det, du \u00f8nsker, beh\u00f8ver du ikke at indtaste dem igen. Hvis ikke, skal du indtaste det \u00f8nskede navn og nummer.<\/p>\n<p>Tips til vask: Det anbefales at vaske fodboldtr\u00f8jer i h\u00e5nden. Hvis du vil bruge vaskemaskinen, skal du huske at vende vrangen ud p\u00e5 fodboldtr\u00f8jerne og derefter vaske dem. Fyld maskinen med koldt vand, og brug et sk\u00e5neprogram for bedre at beskytte farverne.<\/p>","protected":false},"excerpt":{"rendered":"<p>Nicht nur die Profis von Real Madrid machen das Leben in der spanischen Hauptstadt bunter. Dieses adidas Fu\u00dfballtrikot in der Version f\u00fcr Kinder und Teens ist von den Graffitis der Streetartszene in Madrid inspiriert. Das beweisen auch die dezenten Details \u2013 eins davon im Nackenbereich. F\u00fcr ein bequemes und trockenes Tragegef\u00fchl ist das weiche Material [&hellip;]<\/p>","protected":false},"featured_media":3455,"comment_status":"open","ping_status":"closed","template":"","meta":[],"product_brand":[],"product_cat":[165],"product_tag":[20,21,22,23,24,94,49,47,166],"class_list":{"0":"post-3416","1":"product","2":"type-product","3":"status-publish","4":"has-post-thumbnail","6":"product_cat-real-madrid-kindertrikot","7":"product_tag-coole-fussballtrikots","8":"product_tag-fussballtrikot-fuer-herren","9":"product_tag-fussballtrikot-guenstig-kaufen","10":"product_tag-fussballtrikot-kurzarm","11":"product_tag-guenstiges-fussballtrikot","12":"product_tag-kinder-fussball-trikotsatz","13":"product_tag-real-madrid-auswaertstrikot","14":"product_tag-real-madrid-trikots","15":"product_tag-real-madrid-trikotsatz-fuer-kinder","17":"first","18":"instock","19":"shipping-taxable","20":"purchasable","21":"product-type-variable"},"_links":{"self":[{"href":"https:\/\/www.billigtrikotde.com\/da\/wp-json\/wp\/v2\/product\/3416","targetHints":{"allow":["GET"]}}],"collection":[{"href":"https:\/\/www.billigtrikotde.com\/da\/wp-json\/wp\/v2\/product"}],"about":[{"href":"https:\/\/www.billigtrikotde.com\/da\/wp-json\/wp\/v2\/types\/product"}],"replies":[{"embeddable":true,"href":"https:\/\/www.billigtrikotde.com\/da\/wp-json\/wp\/v2\/comments?post=3416"}],"wp:featuredmedia":[{"embeddable":true,"href":"https:\/\/www.billigtrikotde.com\/da\/wp-json\/wp\/v2\/media\/3455"}],"wp:attachment":[{"href":"https:\/\/www.billigtrikotde.com\/da\/wp-json\/wp\/v2\/media?parent=3416"}],"wp:term":[{"taxonomy":"product_brand","embeddable":true,"href":"https:\/\/www.billigtrikotde.com\/da\/wp-json\/wp\/v2\/product_brand?post=3416"},{"taxonomy":"product_cat","embeddable":true,"href":"https:\/\/www.billigtrikotde.com\/da\/wp-json\/wp\/v2\/product_cat?post=3416"},{"taxonomy":"product_tag","embeddable":true,"href":"https:\/\/www.billigtrikotde.com\/da\/wp-json\/wp\/v2\/product_tag?post=3416"}],"curies":[{"name":"wp","href":"https:\/\/api.w.org\/{rel}","templated":true}]}}