{"id":3332,"date":"2024-10-23T14:57:26","date_gmt":"2024-10-23T12:57:26","guid":{"rendered":"http:\/\/billigtrikots.com\/?post_type=product&#038;p=3332"},"modified":"2024-10-23T14:59:27","modified_gmt":"2024-10-23T12:59:27","slug":"paris-saint-germain-psg-heimtrikot-2021-22-fuer-kinder-in-blau-mit-aufdruck-k-navas-1","status":"publish","type":"product","link":"https:\/\/www.billigtrikotde.com\/da\/vare\/paris-saint-germain-psg-heimtrikot-2021-22-fuer-kinder-in-blau-mit-aufdruck-k-navas-1\/","title":{"rendered":"Paris Saint Germain PSG hjemmebanetr\u00f8je 2021\/22 til b\u00f8rn i bl\u00e5 med tryk K.Navas 1"},"content":{"rendered":"<p>Unge fans viser tilh\u00f8rsforhold til deres klub med den komfortable model i bl\u00e5. Nike b\u00f8rnet-shirten er det perfekte valg. Elsk dit hold \u2013 med hjemmetr\u00f8jen fra Paris Saint-Germain, som endda b\u00e6res af spillerne i Ligue 1, viser du, hvem dit hjerte banker for. Vi anbefaler denne komfortable, \u00e5ndbare, svedtransporterende og lette model med behagelig pasform. S\u00e5 kan du vise alle, at du er den bedste p\u00e5 banen. Med denne tr\u00f8je kan du visuelt stole p\u00e5 klubbens logo p\u00e5 brystet.<\/p>\n<p>Tips til udskrivning: Hvis navn og nummer p\u00e5 billedet er pr\u00e6cis det, du \u00f8nsker, beh\u00f8ver du ikke at indtaste dem igen. Hvis ikke, skal du indtaste det \u00f8nskede navn og nummer.<\/p>\n<p>Tips til vask: Det anbefales at vaske fodboldtr\u00f8jer i h\u00e5nden. Hvis du vil bruge vaskemaskinen, skal du huske at vende vrangen ud p\u00e5 fodboldtr\u00f8jerne og derefter vaske dem. Fyld maskinen med koldt vand, og brug et sk\u00e5neprogram for bedre at beskytte farverne.<\/p>","protected":false},"excerpt":{"rendered":"<p>Junge Fans zeigen die Zugeh\u00f6rigkeit zu ihrem Verein mit dem bequemen Modell in Blau. Das Nike Kinder-Shirt ist die perfekte Wahl. Liebe deine Mannschaft \u2013 mit dem Heim-Shirt des Paris Saint-Germain, das sogar von den Spielern in der Ligue 1 getragen wird, zeigst du, f\u00fcr wen dein Herz schl\u00e4gt. Wir empfehlen dieses bequeme, atmungsaktive, schwei\u00dfableitende [&hellip;]<\/p>","protected":false},"featured_media":3372,"comment_status":"open","ping_status":"closed","template":"","meta":[],"product_brand":[],"product_cat":[160],"product_tag":[20,21,22,23,24,94,161,41,159],"class_list":{"0":"post-3332","1":"product","2":"type-product","3":"status-publish","4":"has-post-thumbnail","6":"product_cat-paris-saint-germain-kindertrikot","7":"product_tag-coole-fussballtrikots","8":"product_tag-fussballtrikot-fuer-herren","9":"product_tag-fussballtrikot-guenstig-kaufen","10":"product_tag-fussballtrikot-kurzarm","11":"product_tag-guenstiges-fussballtrikot","12":"product_tag-kinder-fussball-trikotsatz","13":"product_tag-paris-saint-germain-heimtrikot","14":"product_tag-paris-saint-germain-trikots","15":"product_tag-psg-trikotsatz-fuer-kinder","17":"first","18":"instock","19":"shipping-taxable","20":"purchasable","21":"product-type-variable"},"_links":{"self":[{"href":"https:\/\/www.billigtrikotde.com\/da\/wp-json\/wp\/v2\/product\/3332","targetHints":{"allow":["GET"]}}],"collection":[{"href":"https:\/\/www.billigtrikotde.com\/da\/wp-json\/wp\/v2\/product"}],"about":[{"href":"https:\/\/www.billigtrikotde.com\/da\/wp-json\/wp\/v2\/types\/product"}],"replies":[{"embeddable":true,"href":"https:\/\/www.billigtrikotde.com\/da\/wp-json\/wp\/v2\/comments?post=3332"}],"wp:featuredmedia":[{"embeddable":true,"href":"https:\/\/www.billigtrikotde.com\/da\/wp-json\/wp\/v2\/media\/3372"}],"wp:attachment":[{"href":"https:\/\/www.billigtrikotde.com\/da\/wp-json\/wp\/v2\/media?parent=3332"}],"wp:term":[{"taxonomy":"product_brand","embeddable":true,"href":"https:\/\/www.billigtrikotde.com\/da\/wp-json\/wp\/v2\/product_brand?post=3332"},{"taxonomy":"product_cat","embeddable":true,"href":"https:\/\/www.billigtrikotde.com\/da\/wp-json\/wp\/v2\/product_cat?post=3332"},{"taxonomy":"product_tag","embeddable":true,"href":"https:\/\/www.billigtrikotde.com\/da\/wp-json\/wp\/v2\/product_tag?post=3332"}],"curies":[{"name":"wp","href":"https:\/\/api.w.org\/{rel}","templated":true}]}}