{"id":3326,"date":"2024-10-23T14:56:55","date_gmt":"2024-10-23T12:56:55","guid":{"rendered":"http:\/\/billigtrikots.com\/?post_type=product&#038;p=3326"},"modified":"2024-10-23T14:59:26","modified_gmt":"2024-10-23T12:59:26","slug":"personalisierbar-paris-st-germain-kinder-3rd-trikot-2021-22-schwarz-rot","status":"publish","type":"product","link":"https:\/\/www.billigtrikotde.com\/da\/vare\/personalisierbar-paris-st-germain-kinder-3rd-trikot-2021-22-schwarz-rot\/","title":{"rendered":"Paris St. Germain Kids 3. tr\u00f8je 2021\/22 sort\/r\u00f8d, der kan tilpasses"},"content":{"rendered":"<p>Repr\u00e6senter dit yndlingsteam med Nike Paris-Saint Germain 2021\/22 Stadium Third-tr\u00f8jen. Replikatr\u00f8jen overbeviser ikke kun med sit design i \u00e5nden af hold\u00e5nden, men ogs\u00e5 med Nike Dri-FIT-teknologien, der garanterer dig en t\u00f8r f\u00f8lelse under brug.<\/p>\n<p>Tips til udskrivning: Hvis navn og nummer p\u00e5 billedet er pr\u00e6cis det, du \u00f8nsker, beh\u00f8ver du ikke at indtaste dem igen. Hvis ikke, skal du indtaste det \u00f8nskede navn og nummer.<\/p>\n<p>Tips til vask: Det anbefales at vaske fodboldtr\u00f8jer i h\u00e5nden. Hvis du vil bruge vaskemaskinen, skal du huske at vende vrangen ud p\u00e5 fodboldtr\u00f8jerne og derefter vaske dem. Fyld maskinen med koldt vand, og brug et sk\u00e5neprogram for bedre at beskytte farverne.<\/p>","protected":false},"excerpt":{"rendered":"<p>Repr\u00e4sentiere dein Lieblingsteam mit dem Nike Paris-Saint Germain 2021\/22 Stadium Third Trikot. Das Replika Trikot \u00fcberzeugt nicht nur mit seinem Design im Sinne des Teamgeists, sondern auch mit der Nike Dri-FIT Technologie, die dir ein trockenes Tragegef\u00fchl garantiert. Tipps zum Drucken: Wenn der Name und die Nummer auf dem Bild genau Ihren W\u00fcnschen entsprechen, m\u00fcssen [&hellip;]<\/p>","protected":false},"featured_media":3370,"comment_status":"open","ping_status":"closed","template":"","meta":[],"product_brand":[],"product_cat":[160],"product_tag":[20,21,22,23,24,94,42,41,159],"class_list":{"0":"post-3326","1":"product","2":"type-product","3":"status-publish","4":"has-post-thumbnail","6":"product_cat-paris-saint-germain-kindertrikot","7":"product_tag-coole-fussballtrikots","8":"product_tag-fussballtrikot-fuer-herren","9":"product_tag-fussballtrikot-guenstig-kaufen","10":"product_tag-fussballtrikot-kurzarm","11":"product_tag-guenstiges-fussballtrikot","12":"product_tag-kinder-fussball-trikotsatz","13":"product_tag-paris-saint-germain-ausweichtrikot","14":"product_tag-paris-saint-germain-trikots","15":"product_tag-psg-trikotsatz-fuer-kinder","17":"first","18":"instock","19":"shipping-taxable","20":"purchasable","21":"product-type-variable"},"_links":{"self":[{"href":"https:\/\/www.billigtrikotde.com\/da\/wp-json\/wp\/v2\/product\/3326","targetHints":{"allow":["GET"]}}],"collection":[{"href":"https:\/\/www.billigtrikotde.com\/da\/wp-json\/wp\/v2\/product"}],"about":[{"href":"https:\/\/www.billigtrikotde.com\/da\/wp-json\/wp\/v2\/types\/product"}],"replies":[{"embeddable":true,"href":"https:\/\/www.billigtrikotde.com\/da\/wp-json\/wp\/v2\/comments?post=3326"}],"wp:featuredmedia":[{"embeddable":true,"href":"https:\/\/www.billigtrikotde.com\/da\/wp-json\/wp\/v2\/media\/3370"}],"wp:attachment":[{"href":"https:\/\/www.billigtrikotde.com\/da\/wp-json\/wp\/v2\/media?parent=3326"}],"wp:term":[{"taxonomy":"product_brand","embeddable":true,"href":"https:\/\/www.billigtrikotde.com\/da\/wp-json\/wp\/v2\/product_brand?post=3326"},{"taxonomy":"product_cat","embeddable":true,"href":"https:\/\/www.billigtrikotde.com\/da\/wp-json\/wp\/v2\/product_cat?post=3326"},{"taxonomy":"product_tag","embeddable":true,"href":"https:\/\/www.billigtrikotde.com\/da\/wp-json\/wp\/v2\/product_tag?post=3326"}],"curies":[{"name":"wp","href":"https:\/\/api.w.org\/{rel}","templated":true}]}}