{"id":3285,"date":"2024-10-23T14:55:06","date_gmt":"2024-10-23T12:55:06","guid":{"rendered":"http:\/\/billigtrikots.com\/?post_type=product&#038;p=3285"},"modified":"2024-10-23T14:57:20","modified_gmt":"2024-10-23T12:57:20","slug":"atletico-de-madrid-heimtrikot-in-rot-2021-2022-fuer-kinder-mit-aufdruck-m-llorente-14","status":"publish","type":"product","link":"https:\/\/www.billigtrikotde.com\/da\/vare\/atletico-de-madrid-heimtrikot-in-rot-2021-2022-fuer-kinder-mit-aufdruck-m-llorente-14\/","title":{"rendered":"Atl\u00e9tico de Madrid hjemmebanetr\u00f8je i r\u00f8d 2021\/2022 til b\u00f8rn med print M.Llorente 14"},"content":{"rendered":"<p>Med denne lette model i r\u00f8d kan selv de yngste fans vise deres k\u00e6rlighed til deres yndlingsklub. Nike-b\u00f8rnetr\u00f8jen er det rigtige valg. Et must-have for \u00e6gte Atletico Madrid-fans: hjemmebanetr\u00f8jen i det originale design, som spillerne bar i Primera Division. Den er superkomfortabel, \u00e5ndbar, let og svedtransporterende og vil helt sikkert imponere. Udstyret med denne tr\u00f8je kan du vise din hold\u00e5nd og g\u00f8re en sporty figur, uanset hvor du g\u00e5r.<\/p>\n<p>Tips til udskrivning: Hvis navn og nummer p\u00e5 billedet er pr\u00e6cis det, du \u00f8nsker, beh\u00f8ver du ikke at indtaste dem igen. Hvis ikke, skal du indtaste det \u00f8nskede navn og nummer.<\/p>\n<p>Tips til vask: Det anbefales at vaske fodboldtr\u00f8jer i h\u00e5nden. Hvis du vil bruge vaskemaskinen, skal du huske at vende vrangen ud p\u00e5 fodboldtr\u00f8jerne og derefter vaske dem. Fyld maskinen med koldt vand, og brug et sk\u00e5neprogram for bedre at beskytte farverne.<\/p>","protected":false},"excerpt":{"rendered":"<p>Mit dem leichten Modell in Rot zeigen auch die j\u00fcngsten Fans ihre Zuneigung zu ihrem Lieblingsverein. Das Nike Kinder-Shirt ist die richtige Wahl. F\u00fcr wahre Atletico Madrid-Fans ein Must-Have: das Heim-Shirt im Originaldesign, wie es die Spieler in der Primera Division tragen. Die super bequeme, atmungsaktive, leichte und schwei\u00dfableitende Funktionsweise l\u00e4sst es \u00fcberzeugen. Mit diesem [&hellip;]<\/p>","protected":false},"featured_media":3327,"comment_status":"open","ping_status":"closed","template":"","meta":[],"product_brand":[],"product_cat":[157],"product_tag":[89,90,158,20,21,22,23,24,94],"class_list":{"0":"post-3285","1":"product","2":"type-product","3":"status-publish","4":"has-post-thumbnail","6":"product_cat-atletico-madrid-kindertrikot","7":"product_tag-atletico-madrid-heimtrikot","8":"product_tag-atletico-madrid-trikots","9":"product_tag-atletico-madrid-trikotsatz-fuer-kinder","10":"product_tag-coole-fussballtrikots","11":"product_tag-fussballtrikot-fuer-herren","12":"product_tag-fussballtrikot-guenstig-kaufen","13":"product_tag-fussballtrikot-kurzarm","14":"product_tag-guenstiges-fussballtrikot","15":"product_tag-kinder-fussball-trikotsatz","17":"first","18":"instock","19":"shipping-taxable","20":"purchasable","21":"product-type-variable"},"_links":{"self":[{"href":"https:\/\/www.billigtrikotde.com\/da\/wp-json\/wp\/v2\/product\/3285","targetHints":{"allow":["GET"]}}],"collection":[{"href":"https:\/\/www.billigtrikotde.com\/da\/wp-json\/wp\/v2\/product"}],"about":[{"href":"https:\/\/www.billigtrikotde.com\/da\/wp-json\/wp\/v2\/types\/product"}],"replies":[{"embeddable":true,"href":"https:\/\/www.billigtrikotde.com\/da\/wp-json\/wp\/v2\/comments?post=3285"}],"wp:featuredmedia":[{"embeddable":true,"href":"https:\/\/www.billigtrikotde.com\/da\/wp-json\/wp\/v2\/media\/3327"}],"wp:attachment":[{"href":"https:\/\/www.billigtrikotde.com\/da\/wp-json\/wp\/v2\/media?parent=3285"}],"wp:term":[{"taxonomy":"product_brand","embeddable":true,"href":"https:\/\/www.billigtrikotde.com\/da\/wp-json\/wp\/v2\/product_brand?post=3285"},{"taxonomy":"product_cat","embeddable":true,"href":"https:\/\/www.billigtrikotde.com\/da\/wp-json\/wp\/v2\/product_cat?post=3285"},{"taxonomy":"product_tag","embeddable":true,"href":"https:\/\/www.billigtrikotde.com\/da\/wp-json\/wp\/v2\/product_tag?post=3285"}],"curies":[{"name":"wp","href":"https:\/\/api.w.org\/{rel}","templated":true}]}}