{"id":3240,"date":"2024-10-23T14:52:54","date_gmt":"2024-10-23T12:52:54","guid":{"rendered":"http:\/\/billigtrikots.com\/?post_type=product&#038;p=3240"},"modified":"2024-10-23T14:55:00","modified_gmt":"2024-10-23T12:55:00","slug":"fussball-trikot-liverpool-fc-2021-22-heimtrikot-rot-fuer-kinder-mit-aufdruck-firmino-9","status":"publish","type":"product","link":"https:\/\/www.billigtrikotde.com\/da\/vare\/fussball-trikot-liverpool-fc-2021-22-heimtrikot-rot-fuer-kinder-mit-aufdruck-firmino-9\/","title":{"rendered":"Liverpool FC 2021\/22 hjemmebanetr\u00f8je r\u00f8d til b\u00f8rn med tryk FIRMINO 9"},"content":{"rendered":"<p>Med denne superkomfortable model i r\u00f8d kan selv de yngste fans vise deres k\u00e6rlighed til deres yndlingsklub. Nike-m\u00e6rket lancerer et unikt produkt p\u00e5 markedet med denne b\u00f8rnetr\u00f8je. Enhver \u00e6gte Liverpool FC-tilh\u00e6nger har brug for denne hjemmebanetr\u00f8je, da spillerne ogs\u00e5 b\u00e6rer den i Premier League. Den svedtransporterende, superkomfortable, \u00e5ndbare og lette model imponerer over hele linjen. Den skiller sig visuelt ud med et klubv\u00e5ben p\u00e5 brystet. Med denne sportstop kan du pr\u00e6stere endnu bedre og forberede dig p\u00e5 den n\u00e6ste kamp.<\/p>\n<p>Tips til udskrivning: Hvis navn og nummer p\u00e5 billedet er pr\u00e6cis det, du \u00f8nsker, beh\u00f8ver du ikke at indtaste dem igen. Hvis ikke, skal du indtaste det \u00f8nskede navn og nummer.<\/p>\n<p>Tips til vask: Det anbefales at vaske fodboldtr\u00f8jer i h\u00e5nden. Hvis du vil bruge vaskemaskinen, skal du huske at vende vrangen ud p\u00e5 fodboldtr\u00f8jerne og derefter vaske dem. Fyld maskinen med koldt vand, og brug et sk\u00e5neprogram for bedre at beskytte farverne.<\/p>","protected":false},"excerpt":{"rendered":"<p>Mit dem super bequemen Modell in Rot zeigen auch die j\u00fcngsten Fans ihre Zuneigung zu ihrem Lieblingsverein. Die Marke Nike bringt mit dem Kinder-Shirt ein einmaliges Produkt auf den Markt. Jeder waschechte FC Liverpool-Unterst\u00fctzer ben\u00f6tigt dieses Heim-Shirt, denn auch die Spieler tragen es in der Premier League. Das schwei\u00dfableitende, super bequeme, atmungsaktive und leichte Modell [&hellip;]<\/p>","protected":false},"featured_media":3280,"comment_status":"open","ping_status":"closed","template":"","meta":[],"product_brand":[],"product_cat":[151],"product_tag":[20,21,22,23,24,94,152,153,154],"class_list":{"0":"post-3240","1":"product","2":"type-product","3":"status-publish","4":"has-post-thumbnail","6":"product_cat-liverpool-kindertrikot","7":"product_tag-coole-fussballtrikots","8":"product_tag-fussballtrikot-fuer-herren","9":"product_tag-fussballtrikot-guenstig-kaufen","10":"product_tag-fussballtrikot-kurzarm","11":"product_tag-guenstiges-fussballtrikot","12":"product_tag-kinder-fussball-trikotsatz","13":"product_tag-liverpool-heimtrikot","14":"product_tag-liverpool-trikots","15":"product_tag-liverpool-trikotsatz-fuer-kinder","17":"first","18":"instock","19":"shipping-taxable","20":"purchasable","21":"product-type-variable"},"_links":{"self":[{"href":"https:\/\/www.billigtrikotde.com\/da\/wp-json\/wp\/v2\/product\/3240","targetHints":{"allow":["GET"]}}],"collection":[{"href":"https:\/\/www.billigtrikotde.com\/da\/wp-json\/wp\/v2\/product"}],"about":[{"href":"https:\/\/www.billigtrikotde.com\/da\/wp-json\/wp\/v2\/types\/product"}],"replies":[{"embeddable":true,"href":"https:\/\/www.billigtrikotde.com\/da\/wp-json\/wp\/v2\/comments?post=3240"}],"wp:featuredmedia":[{"embeddable":true,"href":"https:\/\/www.billigtrikotde.com\/da\/wp-json\/wp\/v2\/media\/3280"}],"wp:attachment":[{"href":"https:\/\/www.billigtrikotde.com\/da\/wp-json\/wp\/v2\/media?parent=3240"}],"wp:term":[{"taxonomy":"product_brand","embeddable":true,"href":"https:\/\/www.billigtrikotde.com\/da\/wp-json\/wp\/v2\/product_brand?post=3240"},{"taxonomy":"product_cat","embeddable":true,"href":"https:\/\/www.billigtrikotde.com\/da\/wp-json\/wp\/v2\/product_cat?post=3240"},{"taxonomy":"product_tag","embeddable":true,"href":"https:\/\/www.billigtrikotde.com\/da\/wp-json\/wp\/v2\/product_tag?post=3240"}],"curies":[{"name":"wp","href":"https:\/\/api.w.org\/{rel}","templated":true}]}}