{"id":3187,"date":"2024-10-23T14:50:41","date_gmt":"2024-10-23T12:50:41","guid":{"rendered":"http:\/\/billigtrikots.com\/?post_type=product&#038;p=3187"},"modified":"2024-10-23T14:52:45","modified_gmt":"2024-10-23T12:52:45","slug":"juventus-kinder-torwart-trikot-21-22-schwarz-trikotsatz-fussball-fan-trikots","status":"publish","type":"product","link":"https:\/\/www.billigtrikotde.com\/da\/vare\/juventus-kinder-torwart-trikot-21-22-schwarz-trikotsatz-fussball-fan-trikots\/","title":{"rendered":"Juventus Kinder Torwart Trikot 21\/22 Schwarz Trikotsatz Fu\u00dfball-Fan-Trikots"},"content":{"rendered":"<p>Barnets tr\u00f8je fra a-didas i gr\u00f8n f\u00e5r dig til at b\u00e6re dit holds farver og vise alle, hvad dit hjerte sl\u00e5r for. Tr\u00f8jen skaber begejstring blandt sande FC Juventus Turin-fans. Den behagelige, svedafvisende, lette og \u00e5ndbare funktion f\u00e5r den til at overbevise. Den tiltr\u00e6kker visuelt med et klubm\u00e6rke p\u00e5 brystet. S\u00e5 kan du vise alle, at du er den bedste p\u00e5 banen.<\/p>\n<p>Tips til udskrivning: Hvis navn og nummer p\u00e5 billedet er pr\u00e6cis det, du \u00f8nsker, beh\u00f8ver du ikke at indtaste dem igen. Hvis ikke, skal du indtaste det \u00f8nskede navn og nummer.<\/p>\n<p>Tips til vask: Det anbefales at vaske fodboldtr\u00f8jer i h\u00e5nden. Hvis du vil bruge vaskemaskinen, skal du huske at vende vrangen ud p\u00e5 fodboldtr\u00f8jerne og derefter vaske dem. Fyld maskinen med koldt vand, og brug et sk\u00e5neprogram for bedre at beskytte farverne.<\/p>","protected":false},"excerpt":{"rendered":"<p>Barnets tr\u00f8je fra a-didas i gr\u00f8n f\u00e5r dig til at b\u00e6re dit holds farver og vise alle, hvad dit hjerte sl\u00e5r for. Tr\u00f8jen skaber begejstring blandt sande FC Juventus Turin-fans. Den behagelige, svedafvisende, lette og \u00e5ndbare funktion f\u00e5r den til at overbevise. Den tiltr\u00e6kker visuelt med et klubm\u00e6rke p\u00e5 brystet. S\u00e5 kan du vise alle, at du er den bedste p\u00e5 banen.<\/p>","protected":false},"featured_media":3222,"comment_status":"open","ping_status":"closed","template":"","meta":[],"product_brand":[],"product_cat":[148],"product_tag":[20,38,24,149,94],"class_list":{"0":"post-3187","1":"product","2":"type-product","3":"status-publish","4":"has-post-thumbnail","6":"product_cat-juventus-kindertrikot","7":"product_tag-coole-fussballtrikots","8":"product_tag-fussball-trikot-langarm","9":"product_tag-guenstiges-fussballtrikot","10":"product_tag-juventus-trikotsatz-fuer-kinder","11":"product_tag-kinder-fussball-trikotsatz","13":"first","14":"instock","15":"shipping-taxable","16":"purchasable","17":"product-type-variable"},"_links":{"self":[{"href":"https:\/\/www.billigtrikotde.com\/da\/wp-json\/wp\/v2\/product\/3187","targetHints":{"allow":["GET"]}}],"collection":[{"href":"https:\/\/www.billigtrikotde.com\/da\/wp-json\/wp\/v2\/product"}],"about":[{"href":"https:\/\/www.billigtrikotde.com\/da\/wp-json\/wp\/v2\/types\/product"}],"replies":[{"embeddable":true,"href":"https:\/\/www.billigtrikotde.com\/da\/wp-json\/wp\/v2\/comments?post=3187"}],"wp:featuredmedia":[{"embeddable":true,"href":"https:\/\/www.billigtrikotde.com\/da\/wp-json\/wp\/v2\/media\/3222"}],"wp:attachment":[{"href":"https:\/\/www.billigtrikotde.com\/da\/wp-json\/wp\/v2\/media?parent=3187"}],"wp:term":[{"taxonomy":"product_brand","embeddable":true,"href":"https:\/\/www.billigtrikotde.com\/da\/wp-json\/wp\/v2\/product_brand?post=3187"},{"taxonomy":"product_cat","embeddable":true,"href":"https:\/\/www.billigtrikotde.com\/da\/wp-json\/wp\/v2\/product_cat?post=3187"},{"taxonomy":"product_tag","embeddable":true,"href":"https:\/\/www.billigtrikotde.com\/da\/wp-json\/wp\/v2\/product_tag?post=3187"}],"curies":[{"name":"wp","href":"https:\/\/api.w.org\/{rel}","templated":true}]}}