{"id":3163,"date":"2024-10-23T14:49:36","date_gmt":"2024-10-23T12:49:36","guid":{"rendered":"http:\/\/billigtrikots.com\/?post_type=product&#038;p=3163"},"modified":"2025-06-16T16:04:07","modified_gmt":"2025-06-16T14:04:07","slug":"kinder-fussball-trikot-juventus-turin-heimtrikot-2021-22-mit-aufdruck-morata-9","status":"publish","type":"product","link":"https:\/\/www.billigtrikotde.com\/da\/vare\/kinder-fussball-trikot-juventus-turin-heimtrikot-2021-22-mit-aufdruck-morata-9\/","title":{"rendered":"B\u00f8rnefodboldtr\u00f8je Juventus Turin Hjemmebanetr\u00f8je 2021\/22 med tryk Morata 9"},"content":{"rendered":"<p>adidas B\u00f8rne Juventus Turin Hjemmetr\u00f8je 2021\/22. En hyldest til hjemmebanen. Denne tr\u00f8je til b\u00f8rn og teenagere fejrer 10-\u00e5rs jubil\u00e6et for den legendariske Allianz Stadium. De i\u00f8jnefaldende stjerner p\u00e5 bygningen er blevet integreret i designet og giver det klassiske look med de sorte striber et s\u00e6rligt pr\u00e6g. Det bl\u00f8de materiale og den svedabsorberende AEROREADY-teknologi sikrer en behagelig, t\u00f8r f\u00f8lelse. En fans-tr\u00f8je med stjernestatus. V\u00e6vet klublogo fra Juventus Turin. Normal pasform. Ribbede V-hals. Svedabsorberende. Ribbede manchetter. Dette produkt er Primegreen: fremstillet med forskellige funktionelle genanvendte materialer. Materiale: 100% Polyester.<\/p>\n<p>Tips til udskrivning: Hvis navn og nummer p\u00e5 billedet er pr\u00e6cis det, du \u00f8nsker, beh\u00f8ver du ikke at indtaste dem igen. Hvis ikke, skal du indtaste det \u00f8nskede navn og nummer.<\/p>\n<p>Tips til vask: Det anbefales at vaske fodboldtr\u00f8jer i h\u00e5nden. Hvis du vil bruge vaskemaskinen, skal du huske at vende vrangen ud p\u00e5 fodboldtr\u00f8jerne og derefter vaske dem. Fyld maskinen med koldt vand, og brug et sk\u00e5neprogram for bedre at beskytte farverne.<\/p>","protected":false},"excerpt":{"rendered":"<p>adidas Kinder Juventus Turin Home Trikot 2021\/22. Eine Hommage an das Heimstadion. Dieses Trikot f\u00fcr Kinder und Teens feiert das 10-j\u00e4hrige Jubil\u00e4um des legend\u00e4ren Allianz Stadiums. Die auff\u00e4lligen Sterne des Geb\u00e4udes finden sich auf dem Design wieder und verleihen dem klassischen Look mit den schwarzen Streifen einen besonderen Touch. Das weiche Material und die feuchtigkeitsabsorbierende [&hellip;]<\/p>","protected":false},"featured_media":3198,"comment_status":"open","ping_status":"closed","template":"","meta":[],"product_brand":[],"product_cat":[148],"product_tag":[20,60,61,149,94],"class_list":{"0":"post-3163","1":"product","2":"type-product","3":"status-publish","4":"has-post-thumbnail","6":"product_cat-juventus-kindertrikot","7":"product_tag-coole-fussballtrikots","8":"product_tag-juventus-heimtrikot","9":"product_tag-juventus-trikots","10":"product_tag-juventus-trikotsatz-fuer-kinder","11":"product_tag-kinder-fussball-trikotsatz","13":"first","14":"instock","15":"shipping-taxable","16":"purchasable","17":"product-type-variable"},"_links":{"self":[{"href":"https:\/\/www.billigtrikotde.com\/da\/wp-json\/wp\/v2\/product\/3163","targetHints":{"allow":["GET"]}}],"collection":[{"href":"https:\/\/www.billigtrikotde.com\/da\/wp-json\/wp\/v2\/product"}],"about":[{"href":"https:\/\/www.billigtrikotde.com\/da\/wp-json\/wp\/v2\/types\/product"}],"replies":[{"embeddable":true,"href":"https:\/\/www.billigtrikotde.com\/da\/wp-json\/wp\/v2\/comments?post=3163"}],"wp:featuredmedia":[{"embeddable":true,"href":"https:\/\/www.billigtrikotde.com\/da\/wp-json\/wp\/v2\/media\/3198"}],"wp:attachment":[{"href":"https:\/\/www.billigtrikotde.com\/da\/wp-json\/wp\/v2\/media?parent=3163"}],"wp:term":[{"taxonomy":"product_brand","embeddable":true,"href":"https:\/\/www.billigtrikotde.com\/da\/wp-json\/wp\/v2\/product_brand?post=3163"},{"taxonomy":"product_cat","embeddable":true,"href":"https:\/\/www.billigtrikotde.com\/da\/wp-json\/wp\/v2\/product_cat?post=3163"},{"taxonomy":"product_tag","embeddable":true,"href":"https:\/\/www.billigtrikotde.com\/da\/wp-json\/wp\/v2\/product_tag?post=3163"}],"curies":[{"name":"wp","href":"https:\/\/api.w.org\/{rel}","templated":true}]}}