{"id":3133,"date":"2024-10-23T14:47:58","date_gmt":"2024-10-23T12:47:58","guid":{"rendered":"http:\/\/billigtrikots.com\/?post_type=product&#038;p=3133"},"modified":"2025-06-16T16:04:08","modified_gmt":"2025-06-16T14:04:08","slug":"juventus-turin-auswaertstrikot-2021-22-fuer-kinder-schwarz-mit-aufdruck-chiellini-3","status":"publish","type":"product","link":"https:\/\/www.billigtrikotde.com\/da\/vare\/juventus-turin-auswaertstrikot-2021-22-fuer-kinder-schwarz-mit-aufdruck-chiellini-3\/","title":{"rendered":"Juventus Turin udebanes\u00e6t 2021\/22 til b\u00f8rn sort med print Chiellini 3"},"content":{"rendered":"<p>Ogs\u00e5 udebanekampe bringer ikke Juventus Turins professionelle ud af rytmen. De farverige detaljer og de 3-striber med farveovergang p\u00e5 denne fodboldtr\u00f8je til b\u00f8rn og teenagere er inspireret af den energiske elektro-scene i Turin. Det bl\u00f8de materiale med svedabsorberende AEROREADY-teknologi sikrer en behageligt t\u00f8r f\u00f8lelse. Og det v\u00e6vede klublogo viser alle, hvilket hold dit hjerte banker for. Dette produkt er Primegreen: fremstillet med forskellige funktionelle genbrugsmaterialer.<\/p>\n<p>Tips til udskrivning: Hvis navn og nummer p\u00e5 billedet er pr\u00e6cis det, du \u00f8nsker, beh\u00f8ver du ikke at indtaste dem igen. Hvis ikke, skal du indtaste det \u00f8nskede navn og nummer.<\/p>\n<p>Tips til vask: Det anbefales at vaske fodboldtr\u00f8jer i h\u00e5nden. Hvis du vil bruge vaskemaskinen, skal du huske at vende vrangen ud p\u00e5 fodboldtr\u00f8jerne og derefter vaske dem. Fyld maskinen med koldt vand, og brug et sk\u00e5neprogram for bedre at beskytte farverne.<\/p>","protected":false},"excerpt":{"rendered":"<p>Auch Ausw\u00e4rtsspiele bringen die Profis von Juventus Turin nicht aus dem Rhythmus. Die bunten Details und die 3-Streifen mit Farbverlauf auf diesem Fu\u00dfballtrikot f\u00fcr Kinder und Teens sind von der energiegeladenen Elektro-Szene Turins inspiriert. Das weiche Material mit feuchtigkeitsabsorbierender AEROREADY Technologie garantiert ein angenehm trockenes Tragegef\u00fchl. Und das gewebte Verbandslogo zeigt jedem, f\u00fcr welches Team [&hellip;]<\/p>","protected":false},"featured_media":3172,"comment_status":"open","ping_status":"closed","template":"","meta":[],"product_brand":[],"product_cat":[148],"product_tag":[20,150,61,149,94],"class_list":{"0":"post-3133","1":"product","2":"type-product","3":"status-publish","4":"has-post-thumbnail","6":"product_cat-juventus-kindertrikot","7":"product_tag-coole-fussballtrikots","8":"product_tag-juventus-auswaertstrikot","9":"product_tag-juventus-trikots","10":"product_tag-juventus-trikotsatz-fuer-kinder","11":"product_tag-kinder-fussball-trikotsatz","13":"first","14":"instock","15":"shipping-taxable","16":"purchasable","17":"product-type-variable"},"_links":{"self":[{"href":"https:\/\/www.billigtrikotde.com\/da\/wp-json\/wp\/v2\/product\/3133","targetHints":{"allow":["GET"]}}],"collection":[{"href":"https:\/\/www.billigtrikotde.com\/da\/wp-json\/wp\/v2\/product"}],"about":[{"href":"https:\/\/www.billigtrikotde.com\/da\/wp-json\/wp\/v2\/types\/product"}],"replies":[{"embeddable":true,"href":"https:\/\/www.billigtrikotde.com\/da\/wp-json\/wp\/v2\/comments?post=3133"}],"wp:featuredmedia":[{"embeddable":true,"href":"https:\/\/www.billigtrikotde.com\/da\/wp-json\/wp\/v2\/media\/3172"}],"wp:attachment":[{"href":"https:\/\/www.billigtrikotde.com\/da\/wp-json\/wp\/v2\/media?parent=3133"}],"wp:term":[{"taxonomy":"product_brand","embeddable":true,"href":"https:\/\/www.billigtrikotde.com\/da\/wp-json\/wp\/v2\/product_brand?post=3133"},{"taxonomy":"product_cat","embeddable":true,"href":"https:\/\/www.billigtrikotde.com\/da\/wp-json\/wp\/v2\/product_cat?post=3133"},{"taxonomy":"product_tag","embeddable":true,"href":"https:\/\/www.billigtrikotde.com\/da\/wp-json\/wp\/v2\/product_tag?post=3133"}],"curies":[{"name":"wp","href":"https:\/\/api.w.org\/{rel}","templated":true}]}}