{"id":3124,"date":"2024-10-23T14:47:29","date_gmt":"2024-10-23T12:47:29","guid":{"rendered":"http:\/\/billigtrikots.com\/?post_type=product&#038;p=3124"},"modified":"2025-06-16T16:04:09","modified_gmt":"2025-06-16T14:04:09","slug":"guenstige-kindertrikot-juventus-turin-torwarttrikot-schwarz-mit-aufdruck-pinsoglio-31","status":"publish","type":"product","link":"https:\/\/www.billigtrikotde.com\/da\/vare\/guenstige-kindertrikot-juventus-turin-torwarttrikot-schwarz-mit-aufdruck-pinsoglio-31\/","title":{"rendered":"Billig b\u00f8rnetr\u00f8je Juventus Turin m\u00e5lmandstr\u00f8je sort med tryk Pinsoglio 31"},"content":{"rendered":"<p>Dress som m\u00e5lmanden for dit yndlingshold. Tr\u00f8jen b\u00e6res af din helt p\u00e5 kampdagen og er ideel til en kamp imellem venner.<\/p>\n<p>Tips til udskrivning: Hvis navn og nummer p\u00e5 billedet er pr\u00e6cis det, du \u00f8nsker, beh\u00f8ver du ikke at indtaste dem igen. Hvis ikke, skal du indtaste det \u00f8nskede navn og nummer.<\/p>\n<p>Tips til vask: Det anbefales at vaske fodboldtr\u00f8jer i h\u00e5nden. Hvis du vil bruge vaskemaskinen, skal du huske at vende vrangen ud p\u00e5 fodboldtr\u00f8jerne og derefter vaske dem. Fyld maskinen med koldt vand, og brug et sk\u00e5neprogram for bedre at beskytte farverne.<\/p>","protected":false},"excerpt":{"rendered":"<p>Kl\u00e6d dig som m\u00e5lvogteren for dit yndlingsmandskab. Tr\u00f8jen b\u00e6res af din helt p\u00e5 kampdagen og er id\u00e9el til en kamp blandt venner. Udskrivningstips: Hvis navnet og nummeret p\u00e5 billedet pr\u00e6cis opfylder dine \u00f8nsker, beh\u00f8ver du ikke indtaste dem igen. Hvis ikke, b\u00f8r du indtaste dit \u00f8nskede navn og [\u2026]<\/p>","protected":false},"featured_media":3161,"comment_status":"open","ping_status":"closed","template":"","meta":[],"product_brand":[],"product_cat":[148],"product_tag":[20,35,21,23,24,62,61,149,94],"class_list":{"0":"post-3124","1":"product","2":"type-product","3":"status-publish","4":"has-post-thumbnail","6":"product_cat-juventus-kindertrikot","7":"product_tag-coole-fussballtrikots","8":"product_tag-fussball-torwarttrikots","9":"product_tag-fussballtrikot-fuer-herren","10":"product_tag-fussballtrikot-kurzarm","11":"product_tag-guenstiges-fussballtrikot","12":"product_tag-juventus-torwarttrikot","13":"product_tag-juventus-trikots","14":"product_tag-juventus-trikotsatz-fuer-kinder","15":"product_tag-kinder-fussball-trikotsatz","17":"first","18":"instock","19":"shipping-taxable","20":"purchasable","21":"product-type-variable"},"_links":{"self":[{"href":"https:\/\/www.billigtrikotde.com\/da\/wp-json\/wp\/v2\/product\/3124","targetHints":{"allow":["GET"]}}],"collection":[{"href":"https:\/\/www.billigtrikotde.com\/da\/wp-json\/wp\/v2\/product"}],"about":[{"href":"https:\/\/www.billigtrikotde.com\/da\/wp-json\/wp\/v2\/types\/product"}],"replies":[{"embeddable":true,"href":"https:\/\/www.billigtrikotde.com\/da\/wp-json\/wp\/v2\/comments?post=3124"}],"wp:featuredmedia":[{"embeddable":true,"href":"https:\/\/www.billigtrikotde.com\/da\/wp-json\/wp\/v2\/media\/3161"}],"wp:attachment":[{"href":"https:\/\/www.billigtrikotde.com\/da\/wp-json\/wp\/v2\/media?parent=3124"}],"wp:term":[{"taxonomy":"product_brand","embeddable":true,"href":"https:\/\/www.billigtrikotde.com\/da\/wp-json\/wp\/v2\/product_brand?post=3124"},{"taxonomy":"product_cat","embeddable":true,"href":"https:\/\/www.billigtrikotde.com\/da\/wp-json\/wp\/v2\/product_cat?post=3124"},{"taxonomy":"product_tag","embeddable":true,"href":"https:\/\/www.billigtrikotde.com\/da\/wp-json\/wp\/v2\/product_tag?post=3124"}],"curies":[{"name":"wp","href":"https:\/\/api.w.org\/{rel}","templated":true}]}}