{"id":3037,"date":"2024-10-23T14:43:29","date_gmt":"2024-10-23T12:43:29","guid":{"rendered":"http:\/\/billigtrikots.com\/?post_type=product&#038;p=3037"},"modified":"2024-10-23T14:45:31","modified_gmt":"2024-10-23T12:45:31","slug":"kinder-fussballtrikot-fc-barcelona-2021-22-auswaerts-trikot-mit-aufdruck-ter-stegen-1","status":"publish","type":"product","link":"https:\/\/www.billigtrikotde.com\/da\/vare\/kinder-fussballtrikot-fc-barcelona-2021-22-auswaerts-trikot-mit-aufdruck-ter-stegen-1\/","title":{"rendered":"B\u00f8rnefodboldtr\u00f8je FC Barcelona 2021\/22 Udebanetr\u00f8je med tryk Ter Stegen 1"},"content":{"rendered":"<p>De yngste fans viser deres st\u00f8tte gennem den k\u00f8lende model i lilla. Nike har skabt et meget perfekt produkt med b\u00f8rnesporttoppen. Elsk dit hold \u2013 med FC Barcelonas udebanetr\u00f8je, som endda b\u00e6res af spillerne i Primera Division, viser du, hvem dit hjerte banker for. Den behagelige, k\u00f8lende, svedtransporterende, \u00e5ndbare og lette funktionalitet g\u00f8r den overbevisende. Det flotte udseende af denne tr\u00f8je underst\u00f8ttes af et klubv\u00e5ben p\u00e5 brystet. Med denne tr\u00f8je er du perfekt udstyret til n\u00e6ste tr\u00e6ning.<\/p>\n<p>Tips til udskrivning: Hvis navn og nummer p\u00e5 billedet er pr\u00e6cis det, du \u00f8nsker, beh\u00f8ver du ikke at indtaste dem igen. Hvis ikke, skal du indtaste det \u00f8nskede navn og nummer.<\/p>\n<p>Tips til vask: Det anbefales at vaske fodboldtr\u00f8jer i h\u00e5nden. Hvis du vil bruge vaskemaskinen, skal du huske at vende vrangen ud p\u00e5 fodboldtr\u00f8jerne og derefter vaske dem. Fyld maskinen med koldt vand, og brug et sk\u00e5neprogram for bedre at beskytte farverne.<\/p>","protected":false},"excerpt":{"rendered":"<p>Die j\u00fcngsten Fans zeigen ihre Unterst\u00fctzung durch das k\u00fchlende Modell in Lila. Nike hat mit dem Kinder-Sporttop ein sehr perfektes Produkt erschaffen. Liebe deine Mannschaft \u2013 mit dem Ausw\u00e4rts-Sporttop des FC Barcelona, das sogar von den Spielern in der Primera Division getragen wird, zeigst du, f\u00fcr wen dein Herz schl\u00e4gt. Die bequeme, k\u00fchlende, schwei\u00dfableitende, atmungsaktive [&hellip;]<\/p>","protected":false},"featured_media":3078,"comment_status":"open","ping_status":"closed","template":"","meta":[],"product_brand":[],"product_cat":[146],"product_tag":[36,147,20,33,21,22,23,24,94],"class_list":{"0":"post-3037","1":"product","2":"type-product","3":"status-publish","4":"has-post-thumbnail","6":"product_cat-barcelona-kindertrikot","7":"product_tag-barcelona-auswaertstrikot","8":"product_tag-barcelona-trikotsatz-fuer-kinder","9":"product_tag-coole-fussballtrikots","10":"product_tag-fc-barcelona-trikots","11":"product_tag-fussballtrikot-fuer-herren","12":"product_tag-fussballtrikot-guenstig-kaufen","13":"product_tag-fussballtrikot-kurzarm","14":"product_tag-guenstiges-fussballtrikot","15":"product_tag-kinder-fussball-trikotsatz","17":"first","18":"instock","19":"shipping-taxable","20":"purchasable","21":"product-type-variable"},"_links":{"self":[{"href":"https:\/\/www.billigtrikotde.com\/da\/wp-json\/wp\/v2\/product\/3037","targetHints":{"allow":["GET"]}}],"collection":[{"href":"https:\/\/www.billigtrikotde.com\/da\/wp-json\/wp\/v2\/product"}],"about":[{"href":"https:\/\/www.billigtrikotde.com\/da\/wp-json\/wp\/v2\/types\/product"}],"replies":[{"embeddable":true,"href":"https:\/\/www.billigtrikotde.com\/da\/wp-json\/wp\/v2\/comments?post=3037"}],"wp:featuredmedia":[{"embeddable":true,"href":"https:\/\/www.billigtrikotde.com\/da\/wp-json\/wp\/v2\/media\/3078"}],"wp:attachment":[{"href":"https:\/\/www.billigtrikotde.com\/da\/wp-json\/wp\/v2\/media?parent=3037"}],"wp:term":[{"taxonomy":"product_brand","embeddable":true,"href":"https:\/\/www.billigtrikotde.com\/da\/wp-json\/wp\/v2\/product_brand?post=3037"},{"taxonomy":"product_cat","embeddable":true,"href":"https:\/\/www.billigtrikotde.com\/da\/wp-json\/wp\/v2\/product_cat?post=3037"},{"taxonomy":"product_tag","embeddable":true,"href":"https:\/\/www.billigtrikotde.com\/da\/wp-json\/wp\/v2\/product_tag?post=3037"}],"curies":[{"name":"wp","href":"https:\/\/api.w.org\/{rel}","templated":true}]}}