{"id":3026,"date":"2024-10-23T14:42:58","date_gmt":"2024-10-23T12:42:58","guid":{"rendered":"http:\/\/billigtrikots.com\/?post_type=product&#038;p=3026"},"modified":"2024-10-23T14:44:57","modified_gmt":"2024-10-23T12:44:57","slug":"manchester-city-auswaertstrikot-2022-fuer-kinder-mit-mahrez-26-aufdruck","status":"publish","type":"product","link":"https:\/\/www.billigtrikotde.com\/da\/vare\/manchester-city-auswaertstrikot-2022-fuer-kinder-mit-mahrez-26-aufdruck\/","title":{"rendered":"Manchester City udebanetr\u00f8je 2022 til b\u00f8rn med Mahrez 26 print"},"content":{"rendered":"<p>Du kan bedst vise din loyalitet og tilh\u00f8rsforhold til din klub med PUMA-tr\u00f8jen i hvid. I ingen fansamling m\u00e5 denne Manchester City-udetr\u00f8je mangle, som spillerne i Premier League b\u00e6rer. Den er \u00e5ndbar, behagelig og let. Dette er en sports-T-shirt, der med klubbemblemet p\u00e5 brystet garanteret kan imponere. Ligegyldigt hvor h\u00e5rdt tr\u00e6ningen eller spillet er, er du med denne model altid velkl\u00e6dt.<\/p>\n<p>Tips til udskrivning: Hvis navn og nummer p\u00e5 billedet er pr\u00e6cis det, du \u00f8nsker, beh\u00f8ver du ikke at indtaste dem igen. Hvis ikke, skal du indtaste det \u00f8nskede navn og nummer.<\/p>\n<p>Tips til vask: Det anbefales at vaske fodboldtr\u00f8jer i h\u00e5nden. Hvis du vil bruge vaskemaskinen, skal du huske at vende vrangen ud p\u00e5 fodboldtr\u00f8jerne og derefter vaske dem. Fyld maskinen med koldt vand, og brug et sk\u00e5neprogram for bedre at beskytte farverne.<\/p>","protected":false},"excerpt":{"rendered":"<p>Du kannst deine Treue und Zugeh\u00f6rigkeit zu deinem Verein am besten mit dem PUMA Trikot in Wei\u00df zeigen. In keiner Fan-Sammlung darf dieses Manchester City-Ausw\u00e4rts-Trikot, wie es die Spieler in der Premier League tragen, fehlen. Es ist atmungsaktiv, bequem und leicht. Dies ist ein Sportshirt, das durch das Vereinswappen auf der Brust garantiert trumpfen kann. [&hellip;]<\/p>","protected":false},"featured_media":3066,"comment_status":"open","ping_status":"closed","template":"","meta":[],"product_brand":[],"product_cat":[144],"product_tag":[20,94,83,84,145],"class_list":{"0":"post-3026","1":"product","2":"type-product","3":"status-publish","4":"has-post-thumbnail","6":"product_cat-manchester-city-kindertrikot","7":"product_tag-coole-fussballtrikots","8":"product_tag-kinder-fussball-trikotsatz","9":"product_tag-manchester-city-auswaertstrikot","10":"product_tag-manchester-city-trikots","11":"product_tag-manchester-city-trikotsatz-fuer-kinder","13":"first","14":"instock","15":"shipping-taxable","16":"purchasable","17":"product-type-variable"},"_links":{"self":[{"href":"https:\/\/www.billigtrikotde.com\/da\/wp-json\/wp\/v2\/product\/3026","targetHints":{"allow":["GET"]}}],"collection":[{"href":"https:\/\/www.billigtrikotde.com\/da\/wp-json\/wp\/v2\/product"}],"about":[{"href":"https:\/\/www.billigtrikotde.com\/da\/wp-json\/wp\/v2\/types\/product"}],"replies":[{"embeddable":true,"href":"https:\/\/www.billigtrikotde.com\/da\/wp-json\/wp\/v2\/comments?post=3026"}],"wp:featuredmedia":[{"embeddable":true,"href":"https:\/\/www.billigtrikotde.com\/da\/wp-json\/wp\/v2\/media\/3066"}],"wp:attachment":[{"href":"https:\/\/www.billigtrikotde.com\/da\/wp-json\/wp\/v2\/media?parent=3026"}],"wp:term":[{"taxonomy":"product_brand","embeddable":true,"href":"https:\/\/www.billigtrikotde.com\/da\/wp-json\/wp\/v2\/product_brand?post=3026"},{"taxonomy":"product_cat","embeddable":true,"href":"https:\/\/www.billigtrikotde.com\/da\/wp-json\/wp\/v2\/product_cat?post=3026"},{"taxonomy":"product_tag","embeddable":true,"href":"https:\/\/www.billigtrikotde.com\/da\/wp-json\/wp\/v2\/product_tag?post=3026"}],"curies":[{"name":"wp","href":"https:\/\/api.w.org\/{rel}","templated":true}]}}