{"id":2973,"date":"2024-10-23T14:40:46","date_gmt":"2024-10-23T12:40:46","guid":{"rendered":"http:\/\/billigtrikots.com\/?post_type=product&#038;p=2973"},"modified":"2024-10-23T14:42:48","modified_gmt":"2024-10-23T12:42:48","slug":"manchester-united-auswaertstrikot-2022-kinder-mit-aufdruck-de-gea-1","status":"publish","type":"product","link":"https:\/\/www.billigtrikotde.com\/da\/vare\/manchester-united-auswaertstrikot-2022-kinder-mit-aufdruck-de-gea-1\/","title":{"rendered":"Manchester United udebanes\u00e6t 2022 b\u00f8rn med tryk DE GEA 1"},"content":{"rendered":"<p>Glem aldrig, hvor du kommer fra! Bogstavet \u201eM\u201c for klubbens hjemby har ofte fundet vej til de legendariske udstyr fra Manchester United. Denne adidas fodboldtr\u00f8je i b\u00f8rne- og ungdomsudgaven tager igen fat i bogstavet og kommer med et moderne look, der minder om en klassisk tr\u00f8je fra de tidlige 90\u2019ere. Det bl\u00f8de dobbeltstrikkede materiale og den fugtighedsabsorberende AEROREADY-teknologi sikrer en behagelig t\u00f8r f\u00f8lelse. Det v\u00e6vede klublogo viser ogs\u00e5, at du er en \u00e6gte fan af Manchester United. Dette produkt er Primegreen: fremstillet med forskellige funktionelle genbrugsmaterialer.<\/p>\n<p>Tips til udskrivning: Hvis navn og nummer p\u00e5 billedet er pr\u00e6cis det, du \u00f8nsker, beh\u00f8ver du ikke at indtaste dem igen. Hvis ikke, skal du indtaste det \u00f8nskede navn og nummer.<\/p>\n<p>Tips til vask: Det anbefales at vaske fodboldtr\u00f8jer i h\u00e5nden. Hvis du vil bruge vaskemaskinen, skal du huske at vende vrangen ud p\u00e5 fodboldtr\u00f8jerne og derefter vaske dem. Fyld maskinen med koldt vand, og brug et sk\u00e5neprogram for bedre at beskytte farverne.<\/p>","protected":false},"excerpt":{"rendered":"<p>Vergiss nie, wo du herkommst! Der Buchstabe \u201eM\u201c f\u00fcr die Heimatstadt des Vereins hat schon oft seinen Weg auf die legend\u00e4ren Ausr\u00fcstungen von Manchester United gefunden. Dieses adidas Fu\u00dfballtrikot in der Version f\u00fcr Kinder und Teens greift den Buchstaben wieder auf und kommt mit einem modernen Look, der an ein klassisches Trikot aus den fr\u00fchen [&hellip;]<\/p>","protected":false},"featured_media":3015,"comment_status":"open","ping_status":"closed","template":"","meta":[],"product_brand":[],"product_cat":[140],"product_tag":[20,94,51,52,142],"class_list":{"0":"post-2973","1":"product","2":"type-product","3":"status-publish","4":"has-post-thumbnail","6":"product_cat-manchester-united-kindertrikot","7":"product_tag-coole-fussballtrikots","8":"product_tag-kinder-fussball-trikotsatz","9":"product_tag-manchester-united-auswaertstrikot","10":"product_tag-manchester-united-trikots","11":"product_tag-manchester-united-trikotsatz-fuer-kinder","13":"first","14":"instock","15":"shipping-taxable","16":"purchasable","17":"product-type-variable"},"_links":{"self":[{"href":"https:\/\/www.billigtrikotde.com\/da\/wp-json\/wp\/v2\/product\/2973","targetHints":{"allow":["GET"]}}],"collection":[{"href":"https:\/\/www.billigtrikotde.com\/da\/wp-json\/wp\/v2\/product"}],"about":[{"href":"https:\/\/www.billigtrikotde.com\/da\/wp-json\/wp\/v2\/types\/product"}],"replies":[{"embeddable":true,"href":"https:\/\/www.billigtrikotde.com\/da\/wp-json\/wp\/v2\/comments?post=2973"}],"wp:featuredmedia":[{"embeddable":true,"href":"https:\/\/www.billigtrikotde.com\/da\/wp-json\/wp\/v2\/media\/3015"}],"wp:attachment":[{"href":"https:\/\/www.billigtrikotde.com\/da\/wp-json\/wp\/v2\/media?parent=2973"}],"wp:term":[{"taxonomy":"product_brand","embeddable":true,"href":"https:\/\/www.billigtrikotde.com\/da\/wp-json\/wp\/v2\/product_brand?post=2973"},{"taxonomy":"product_cat","embeddable":true,"href":"https:\/\/www.billigtrikotde.com\/da\/wp-json\/wp\/v2\/product_cat?post=2973"},{"taxonomy":"product_tag","embeddable":true,"href":"https:\/\/www.billigtrikotde.com\/da\/wp-json\/wp\/v2\/product_tag?post=2973"}],"curies":[{"name":"wp","href":"https:\/\/api.w.org\/{rel}","templated":true}]}}