{"id":2947,"date":"2024-10-23T14:39:35","date_gmt":"2024-10-23T12:39:35","guid":{"rendered":"http:\/\/billigtrikots.com\/?post_type=product&#038;p=2947"},"modified":"2024-10-23T14:41:42","modified_gmt":"2024-10-23T12:41:42","slug":"trikotsatz-manchester-united-heimtrikot-2022-kinder-rot-mit-aufdruck-rooney-10","status":"publish","type":"product","link":"https:\/\/www.billigtrikotde.com\/da\/vare\/trikotsatz-manchester-united-heimtrikot-2022-kinder-rot-mit-aufdruck-rooney-10\/","title":{"rendered":"Manchester United hjemmebanes\u00e6t 2022 b\u00f8rn r\u00f8d med print Rooney 10"},"content":{"rendered":"<p>Unge talenter, bid og den n\u00f8dvendige portion ambition. Disse tre s\u00f8jler har bragt Manchester United mere end et \u00e5rhundrede med susende succeser. Denne adidas Manchester United-tr\u00f8je til b\u00f8rn og teenagere er inspireret af det legendariske udstyr, der med sit rene r\u00f8de design og det hvide, ribbede rundhalsudsk\u00e6ring har bragt holdet nogle af deres uforglemmelige triumfer. Designet til fans er lavet af bl\u00f8dt materiale med fugtighedsabsorberende AEROREADY-teknologi og sikrer en behagelig, t\u00f8r og komfortabel b\u00e6reoplevelse. Det detaljerede print p\u00e5 bagsiden viser ogs\u00e5, at du er en \u00e6gte fan. Dette produkt er Primegreen: fremstillet med forskellige funktionelle genbrugsmaterialer.<\/p>\n<p>Tips til udskrivning: Hvis navn og nummer p\u00e5 billedet er pr\u00e6cis det, du \u00f8nsker, beh\u00f8ver du ikke at indtaste dem igen. Hvis ikke, skal du indtaste det \u00f8nskede navn og nummer.<\/p>\n<p>Tips til vask: Det anbefales at vaske fodboldtr\u00f8jer i h\u00e5nden. Hvis du vil bruge vaskemaskinen, skal du huske at vende vrangen ud p\u00e5 fodboldtr\u00f8jerne og derefter vaske dem. Fyld maskinen med koldt vand, og brug et sk\u00e5neprogram for bedre at beskytte farverne.<\/p>","protected":false},"excerpt":{"rendered":"<p>Junge Talente, Biss und die n\u00f6tige Portion Ehrgeiz. Diese drei S\u00e4ulen bescheren Manchester United schon mehr als ein Jahrhundert lang rauschende Erfolge. Dieses adidas Manchester United Trikot f\u00fcr Kinder und Teens ist mit seinem cleanen roten Design und dem wei\u00dfen, gerippten Rundhalsausschnitt von der legend\u00e4ren Ausr\u00fcstung inspiriert, mit der die Mannschaft einige ihrer unvergesslichsten Triumphe [&hellip;]<\/p>","protected":false},"featured_media":2981,"comment_status":"open","ping_status":"closed","template":"","meta":[],"product_brand":[],"product_cat":[140],"product_tag":[20,94,141,52,142],"class_list":{"0":"post-2947","1":"product","2":"type-product","3":"status-publish","4":"has-post-thumbnail","6":"product_cat-manchester-united-kindertrikot","7":"product_tag-coole-fussballtrikots","8":"product_tag-kinder-fussball-trikotsatz","9":"product_tag-manchester-united-heimtrikot","10":"product_tag-manchester-united-trikots","11":"product_tag-manchester-united-trikotsatz-fuer-kinder","13":"first","14":"instock","15":"shipping-taxable","16":"purchasable","17":"product-type-variable"},"_links":{"self":[{"href":"https:\/\/www.billigtrikotde.com\/da\/wp-json\/wp\/v2\/product\/2947","targetHints":{"allow":["GET"]}}],"collection":[{"href":"https:\/\/www.billigtrikotde.com\/da\/wp-json\/wp\/v2\/product"}],"about":[{"href":"https:\/\/www.billigtrikotde.com\/da\/wp-json\/wp\/v2\/types\/product"}],"replies":[{"embeddable":true,"href":"https:\/\/www.billigtrikotde.com\/da\/wp-json\/wp\/v2\/comments?post=2947"}],"wp:featuredmedia":[{"embeddable":true,"href":"https:\/\/www.billigtrikotde.com\/da\/wp-json\/wp\/v2\/media\/2981"}],"wp:attachment":[{"href":"https:\/\/www.billigtrikotde.com\/da\/wp-json\/wp\/v2\/media?parent=2947"}],"wp:term":[{"taxonomy":"product_brand","embeddable":true,"href":"https:\/\/www.billigtrikotde.com\/da\/wp-json\/wp\/v2\/product_brand?post=2947"},{"taxonomy":"product_cat","embeddable":true,"href":"https:\/\/www.billigtrikotde.com\/da\/wp-json\/wp\/v2\/product_cat?post=2947"},{"taxonomy":"product_tag","embeddable":true,"href":"https:\/\/www.billigtrikotde.com\/da\/wp-json\/wp\/v2\/product_tag?post=2947"}],"curies":[{"name":"wp","href":"https:\/\/api.w.org\/{rel}","templated":true}]}}